{"id":98,"date":"2025-05-15T13:19:53","date_gmt":"2025-05-15T11:19:53","guid":{"rendered":"https:\/\/blue-con.de\/mg-entwurf\/?page_id=98"},"modified":"2026-03-18T11:01:44","modified_gmt":"2026-03-18T10:01:44","slug":"kabelschachtabdeckungen","status":"publish","type":"page","link":"https:\/\/blue-con.de\/mg-entwurf\/kabelschachtabdeckungen\/","title":{"rendered":"Kabelschachtabdeckungen"},"content":{"rendered":"\t\t<div data-elementor-type=\"wp-page\" data-elementor-id=\"98\" class=\"elementor elementor-98\" data-elementor-post-type=\"page\">\n\t\t\t\t<div class=\"elementor-element elementor-element-23780b16 e-con-full e-flex e-con e-parent\" data-id=\"23780b16\" data-element_type=\"container\" data-e-type=\"container\" id=\"mytopdiv\" data-settings=\"{&quot;background_background&quot;:&quot;slideshow&quot;,&quot;background_slideshow_gallery&quot;:[{&quot;id&quot;:1776,&quot;url&quot;:&quot;https:\\\/\\\/blue-con.de\\\/mg-entwurf\\\/wp-content\\\/uploads\\\/2025\\\/07\\\/produkt-header-hintergrund.jpg&quot;}],&quot;background_slideshow_slide_duration&quot;:5000,&quot;background_slideshow_slide_transition&quot;:&quot;fade&quot;,&quot;background_slideshow_transition_duration&quot;:500}\">\n\t\t<div class=\"elementor-element elementor-element-21be6d02 e-con-full e-flex e-con e-child\" data-id=\"21be6d02\" data-element_type=\"container\" data-e-type=\"container\">\n\t\t\t\t<div class=\"elementor-element elementor-element-66b5708 elementor--h-position-center elementor--v-position-middle elementor-widget elementor-widget-slides\" data-id=\"66b5708\" data-element_type=\"widget\" data-e-type=\"widget\" data-settings=\"{&quot;navigation&quot;:&quot;none&quot;,&quot;transition&quot;:&quot;fade&quot;,&quot;transition_speed&quot;:500}\" data-widget_type=\"slides.default\">\n\t\t\t\t\t\t\t\t\t\t<div class=\"elementor-slides-wrapper elementor-main-swiper swiper\" role=\"region\" aria-roledescription=\"carousel\" aria-label=\"Slider\" dir=\"ltr\" data-animation=\"fadeInDown\">\n\t\t\t\t<div class=\"swiper-wrapper elementor-slides\">\n\t\t\t\t\t\t\t\t\t\t<div class=\"elementor-repeater-item-77acf85 swiper-slide\" role=\"group\" aria-roledescription=\"slide\"><div class=\"swiper-slide-bg\" role=\"img\" aria-label=\"001-kabelschachtabdeckung-einklinker\"><\/div><div class=\"swiper-slide-inner\" ><div class=\"swiper-slide-contents\"><\/div><\/div><\/div>\t\t\t\t<\/div>\n\t\t\t\t\t\t\t<\/div>\n\t\t\t\t\t\t\t\t<\/div>\n\t\t\t\t<\/div>\n\t\t\t\t<\/div>\n\t\t<div class=\"elementor-element elementor-element-2cede03 e-flex e-con-boxed elementor-invisible e-con e-parent\" data-id=\"2cede03\" data-element_type=\"container\" data-e-type=\"container\" data-settings=\"{&quot;animation&quot;:&quot;zoomIn&quot;,&quot;animation_mobile_extra&quot;:&quot;none&quot;}\">\n\t\t\t\t\t<div class=\"e-con-inner\">\n\t\t<div class=\"elementor-element elementor-element-510b433 e-con-full e-flex e-con e-child\" data-id=\"510b433\" data-element_type=\"container\" data-e-type=\"container\">\n\t\t\t\t<div class=\"elementor-element elementor-element-455483f elementor-widget elementor-widget-heading\" data-id=\"455483f\" data-element_type=\"widget\" data-e-type=\"widget\" data-widget_type=\"heading.default\">\n\t\t\t\t\t<h1 class=\"elementor-heading-title elementor-size-default\">Kabelschachtabdeckungen<\/h1>\t\t\t\t<\/div>\n\t\t\t\t<\/div>\n\t\t\t\t\t<\/div>\n\t\t\t\t<\/div>\n\t\t<div class=\"elementor-element elementor-element-6aca7d8f e-flex e-con-boxed elementor-invisible e-con e-parent\" data-id=\"6aca7d8f\" data-element_type=\"container\" data-e-type=\"container\" data-settings=\"{&quot;background_background&quot;:&quot;classic&quot;,&quot;animation&quot;:&quot;fadeInRight&quot;,&quot;animation_mobile_extra&quot;:&quot;none&quot;}\">\n\t\t\t\t\t<div class=\"e-con-inner\">\n\t\t<div class=\"elementor-element elementor-element-726cb6f6 e-con-full e-flex e-con e-child\" data-id=\"726cb6f6\" data-element_type=\"container\" data-e-type=\"container\">\n\t\t\t\t<div class=\"elementor-element elementor-element-1936024d elementor-widget elementor-widget-text-editor\" data-id=\"1936024d\" data-element_type=\"widget\" data-e-type=\"widget\" data-widget_type=\"text-editor.default\">\n\t\t\t\t\t\t\t\t\t<p>Um den Anforderungen der Zukunft gerecht zu werden, werden moderne Netze f\u00fcr Energie und Kommunikation immer wichtiger. MeierGuss Kabelschachtabdeckungen gew\u00e4hrleisten seit Jahrzehnten den sicheren Zugang f\u00fcr Bauwerke von Netzen, f\u00fcr Beleuchtung, Energieversorgung, Kommunikation und Versorgungsleitungen im \u00f6ffentlichen Raum, in Industrie-, Bahn- und Hafenanlagen sowie auf Flugh\u00e4fen. Die profunden Erfahrungen von MeierGuss sind die Grundlage f\u00fcr ein vielf\u00e4ltiges Sortiment f\u00fcr die unterschiedlichsten Anwendungsbereiche. Das Sortiment umfasst klassische, tagwasserdichte und scharnierte Abdeckungen f\u00fcr verschiedene Lastf\u00e4lle von Klasse B 125 \u2013 Klasse F900.<\/p><p>MeierGuss Kabelschachtabdeckungen zeichnen sich durch Qualit\u00e4t, Sicherheit, Funktion und Langlebigkeit aus.<\/p>\t\t\t\t\t\t\t\t<\/div>\n\t\t\t\t<\/div>\n\t\t\t\t\t<\/div>\n\t\t\t\t<\/div>\n\t\t\t\t<\/div>\n\t\t","protected":false},"excerpt":{"rendered":"<p>Kabelschachtabdeckungen Um den Anforderungen der Zukunft gerecht zu werden, werden moderne Netze f\u00fcr Energie und Kommunikation immer wichtiger. MeierGuss Kabelschachtabdeckungen gew\u00e4hrleisten seit Jahrzehnten den sicheren Zugang f\u00fcr Bauwerke von Netzen, f\u00fcr Beleuchtung, Energieversorgung, Kommunikation und Versorgungsleitungen im \u00f6ffentlichen Raum, in Industrie-, Bahn- und Hafenanlagen sowie auf Flugh\u00e4fen. Die profunden Erfahrungen von MeierGuss sind die Grundlage [&hellip;]<\/p>\n","protected":false},"author":1,"featured_media":0,"parent":0,"menu_order":0,"comment_status":"closed","ping_status":"closed","template":"elementor_header_footer","meta":{"footnotes":""},"class_list":["post-98","page","type-page","status-publish","hentry"],"_links":{"self":[{"href":"https:\/\/blue-con.de\/mg-entwurf\/wp-json\/wp\/v2\/pages\/98","targetHints":{"allow":["GET"]}}],"collection":[{"href":"https:\/\/blue-con.de\/mg-entwurf\/wp-json\/wp\/v2\/pages"}],"about":[{"href":"https:\/\/blue-con.de\/mg-entwurf\/wp-json\/wp\/v2\/types\/page"}],"author":[{"embeddable":true,"href":"https:\/\/blue-con.de\/mg-entwurf\/wp-json\/wp\/v2\/users\/1"}],"replies":[{"embeddable":true,"href":"https:\/\/blue-con.de\/mg-entwurf\/wp-json\/wp\/v2\/comments?post=98"}],"version-history":[{"count":52,"href":"https:\/\/blue-con.de\/mg-entwurf\/wp-json\/wp\/v2\/pages\/98\/revisions"}],"predecessor-version":[{"id":5898,"href":"https:\/\/blue-con.de\/mg-entwurf\/wp-json\/wp\/v2\/pages\/98\/revisions\/5898"}],"wp:attachment":[{"href":"https:\/\/blue-con.de\/mg-entwurf\/wp-json\/wp\/v2\/media?parent=98"}],"curies":[{"name":"wp","href":"https:\/\/api.w.org\/{rel}","templated":true}]}}