{"id":96,"date":"2025-05-15T13:19:11","date_gmt":"2025-05-15T11:19:11","guid":{"rendered":"https:\/\/blue-con.de\/mg-entwurf\/?page_id=96"},"modified":"2026-03-18T11:15:13","modified_gmt":"2026-03-18T10:15:13","slug":"budavinci","status":"publish","type":"page","link":"https:\/\/blue-con.de\/mg-entwurf\/budavinci\/","title":{"rendered":"BUDAVINCI"},"content":{"rendered":"\t\t<div data-elementor-type=\"wp-page\" data-elementor-id=\"96\" class=\"elementor elementor-96\" data-elementor-post-type=\"page\">\n\t\t\t\t<div class=\"elementor-element elementor-element-6c7be4e1 e-con-full e-flex e-con e-parent\" data-id=\"6c7be4e1\" data-element_type=\"container\" data-e-type=\"container\" id=\"mytopdiv\" data-settings=\"{&quot;background_background&quot;:&quot;slideshow&quot;,&quot;background_slideshow_gallery&quot;:[{&quot;id&quot;:1776,&quot;url&quot;:&quot;https:\\\/\\\/blue-con.de\\\/mg-entwurf\\\/wp-content\\\/uploads\\\/2025\\\/07\\\/produkt-header-hintergrund.jpg&quot;}],&quot;background_slideshow_slide_duration&quot;:5000,&quot;background_slideshow_slide_transition&quot;:&quot;fade&quot;,&quot;background_slideshow_transition_duration&quot;:500}\">\n\t\t<div class=\"elementor-element elementor-element-52731a5e e-con-full e-flex e-con e-child\" data-id=\"52731a5e\" data-element_type=\"container\" data-e-type=\"container\">\n\t\t\t\t<div class=\"elementor-element elementor-element-305d54c3 elementor--h-position-center elementor--v-position-middle elementor-widget elementor-widget-slides\" data-id=\"305d54c3\" data-element_type=\"widget\" data-e-type=\"widget\" data-settings=\"{&quot;navigation&quot;:&quot;none&quot;,&quot;transition&quot;:&quot;fade&quot;,&quot;autoplay&quot;:&quot;yes&quot;,&quot;autoplay_speed&quot;:5000,&quot;infinite&quot;:&quot;yes&quot;,&quot;transition_speed&quot;:500}\" data-widget_type=\"slides.default\">\n\t\t\t\t\t\t\t\t\t\t<div class=\"elementor-slides-wrapper elementor-main-swiper swiper\" role=\"region\" aria-roledescription=\"carousel\" aria-label=\"Slider\" dir=\"ltr\" data-animation=\"fadeInDown\">\n\t\t\t\t<div class=\"swiper-wrapper elementor-slides\">\n\t\t\t\t\t\t\t\t\t\t<div class=\"elementor-repeater-item-77acf85 swiper-slide\" role=\"group\" aria-roledescription=\"slide\"><div class=\"swiper-slide-bg\" role=\"img\" aria-label=\"001-budavinci-einklinker\"><\/div><div class=\"swiper-slide-inner\" ><div class=\"swiper-slide-contents\"><\/div><\/div><\/div>\t\t\t\t<\/div>\n\t\t\t\t\t\t\t<\/div>\n\t\t\t\t\t\t\t\t<\/div>\n\t\t\t\t<\/div>\n\t\t\t\t<\/div>\n\t\t<div class=\"elementor-element elementor-element-4465fba e-flex e-con-boxed elementor-invisible e-con e-parent\" data-id=\"4465fba\" data-element_type=\"container\" data-e-type=\"container\" data-settings=\"{&quot;animation&quot;:&quot;zoomIn&quot;,&quot;animation_mobile_extra&quot;:&quot;none&quot;}\">\n\t\t\t\t\t<div class=\"e-con-inner\">\n\t\t<div class=\"elementor-element elementor-element-df98dc7 e-con-full e-flex e-con e-child\" data-id=\"df98dc7\" data-element_type=\"container\" data-e-type=\"container\">\n\t\t\t\t<div class=\"elementor-element elementor-element-c9fc906 elementor-widget elementor-widget-heading\" data-id=\"c9fc906\" data-element_type=\"widget\" data-e-type=\"widget\" data-widget_type=\"heading.default\">\n\t\t\t\t\t<h1 class=\"elementor-heading-title elementor-size-default\">BUDAVINCI<sup>\u00ae<\/sup><\/h1>\t\t\t\t<\/div>\n\t\t\t\t<div class=\"elementor-element elementor-element-e495f36 elementor-widget elementor-widget-heading\" data-id=\"e495f36\" data-element_type=\"widget\" data-e-type=\"widget\" data-widget_type=\"heading.default\">\n\t\t\t\t\t<h2 class=\"elementor-heading-title elementor-size-default\">Dezentrale Entw\u00e4sserung<\/h2>\t\t\t\t<\/div>\n\t\t\t\t<\/div>\n\t\t\t\t\t<\/div>\n\t\t\t\t<\/div>\n\t\t<div class=\"elementor-element elementor-element-184e367e e-flex e-con-boxed elementor-invisible e-con e-parent\" data-id=\"184e367e\" data-element_type=\"container\" data-e-type=\"container\" data-settings=\"{&quot;background_background&quot;:&quot;classic&quot;,&quot;animation&quot;:&quot;fadeInRight&quot;,&quot;animation_mobile_extra&quot;:&quot;none&quot;}\">\n\t\t\t\t\t<div class=\"e-con-inner\">\n\t\t<div class=\"elementor-element elementor-element-697c6387 e-con-full e-flex e-con e-child\" data-id=\"697c6387\" data-element_type=\"container\" data-e-type=\"container\">\n\t\t\t\t<div class=\"elementor-element elementor-element-abb9e3f elementor-widget elementor-widget-text-editor\" data-id=\"abb9e3f\" data-element_type=\"widget\" data-e-type=\"widget\" data-widget_type=\"text-editor.default\">\n\t\t\t\t\t\t\t\t\tDie gesetzlichen Rahmenbedingungen f\u00fcr den Gew\u00e4sserschutz, wie die Europ\u00e4ische Wasserrahmenrichtlinie und deren Umsetzung im Wasserhaushaltsgesetz, fordern eine Verbesserung der Wasserqualit\u00e4t aller Gew\u00e4sser und insbesondere des Grundwassers.\n\nIn Zukunft ist es notwendig, neue, innovative Systeme zur Reinigung der Regenwasserabfl\u00fcsse einzusetzen.\n\nDer MeierGuss Stra\u00dfenablauf BUDAVINCI\u00ae ist durch das dezentrale Prinzip sowohl \u00f6kologisch als auch wirtschaftlich zukunftweisend. Die Anwendungsgebiete erstrecken sich von Vorflut bis Versickerung von Anwendungsbereich DWA-A102\/BWK-A 3 bis DWA-A138\/DWA-M153. Der Platzbedarf f\u00fcr die Regenwasserbehandlung wird deutlich reduziert, da die Regenabfl\u00fcsse von Verkehrsfl\u00e4chen nachhaltig am Entstehungsort behandelt und in flie\u00dfende oder stehende Gew\u00e4sser bzw. in die Versickerung abgeleitet werden k\u00f6nnen. Der Bau von kostspieligen zentralen Regenkl\u00e4rbecken wird \u00fcberfl\u00fcssig und so eingesparte Fl\u00e4chen k\u00f6nnen anderweitig genutzt werden.\n\nBUDAVINCI<sup>\u00ae<\/ \u2013 ein Produkt f\u00fcr die Zukunft.\t\t\t\t\t\t\t\t<\/div>\n\t\t\t\t<\/div>\n\t\t\t\t\t<\/div>\n\t\t\t\t<\/div>\n\t\t<div class=\"elementor-element elementor-element-54de4311 e-flex e-con-boxed elementor-invisible e-con e-parent\" data-id=\"54de4311\" data-element_type=\"container\" data-e-type=\"container\" data-settings=\"{&quot;background_background&quot;:&quot;classic&quot;,&quot;animation&quot;:&quot;fadeInUp&quot;,&quot;animation_mobile_extra&quot;:&quot;none&quot;}\">\n\t\t\t\t\t<div class=\"e-con-inner\">\n\t\t<div class=\"elementor-element elementor-element-26a6cb8 e-con-full e-flex e-con e-child\" data-id=\"26a6cb8\" data-element_type=\"container\" data-e-type=\"container\">\n\t\t\t\t<div class=\"elementor-element elementor-element-776867ab elementor-widget elementor-widget-image\" data-id=\"776867ab\" data-element_type=\"widget\" data-e-type=\"widget\" data-widget_type=\"image.default\">\n\t\t\t\t\t\t\t\t\t\t\t\t\t\t\t\t<a href=\"https:\/\/blue-con.de\/mg-entwurf\/wp-content\/uploads\/2025\/11\/budavinci.pdf\" target=\"_blank\">\n\t\t\t\t\t\t\t<img fetchpriority=\"high\" decoding=\"async\" width=\"300\" height=\"424\" src=\"https:\/\/blue-con.de\/mg-entwurf\/wp-content\/uploads\/2025\/11\/budavinci.jpg\" class=\"attachment-full size-full wp-image-3996\" alt=\"Produkt BUDAVINCI anklickbares Vorschaubild, um das zugeh\u00f6rige PDF in einem neuen Fenster zu \u00f6ffnen.\" srcset=\"https:\/\/blue-con.de\/mg-entwurf\/wp-content\/uploads\/2025\/11\/budavinci.jpg 300w, https:\/\/blue-con.de\/mg-entwurf\/wp-content\/uploads\/2025\/11\/budavinci-212x300.jpg 212w\" sizes=\"(max-width: 300px) 100vw, 300px\" \/>\t\t\t\t\t\t\t\t<\/a>\n\t\t\t\t\t\t\t\t\t\t\t\t\t\t\t<\/div>\n\t\t<div class=\"elementor-element elementor-element-218a54c4 e-con-full e-flex e-con e-child\" data-id=\"218a54c4\" data-element_type=\"container\" data-e-type=\"container\">\n\t\t\t\t<div class=\"elementor-element elementor-element-21ed7d0d elementor-icon-list--layout-inline elementor-align-end elementor-list-item-link-full_width elementor-widget elementor-widget-icon-list\" data-id=\"21ed7d0d\" data-element_type=\"widget\" data-e-type=\"widget\" data-widget_type=\"icon-list.default\">\n\t\t\t\t\t\t\t<ul class=\"elementor-icon-list-items elementor-inline-items\">\n\t\t\t\t\t\t\t<li class=\"elementor-icon-list-item elementor-inline-item\">\n\t\t\t\t\t\t\t\t\t\t\t<a href=\"https:\/\/blue-con.de\/mg-entwurf\/wp-content\/uploads\/2025\/11\/budavinci.pdf\" target=\"_blank\">\n\n\t\t\t\t\t\t\t\t\t\t\t\t<span class=\"elementor-icon-list-icon\">\n\t\t\t\t\t\t\t<svg xmlns=\"http:\/\/www.w3.org\/2000\/svg\" xmlns:xlink=\"http:\/\/www.w3.org\/1999\/xlink\" xmlns:serif=\"http:\/\/www.serif.com\/\" width=\"100%\" height=\"100%\" viewBox=\"0 0 280 227\" xml:space=\"preserve\" style=\"fill-rule:evenodd;clip-rule:evenodd;stroke-linejoin:round;stroke-miterlimit:2;\">    <g transform=\"matrix(1,0,0,1,-384,-32.3)\">        <g transform=\"matrix(2.64475,0,0,2.64475,-3584.897,-827.040104)\">            <path d=\"M1553.61,386.39L1594.68,345.924L1566.41,345.946L1566.42,324.923L1540.79,324.923L1540.8,345.921L1512.54,345.9L1553.6,386.366\" style=\"fill:#00377b;\"><\/path>        <\/g>        <g transform=\"matrix(2.64475,0,0,2.64475,-3584.897,-826.197966)\">            <path d=\"M1553.61,399.823L1573.04,380.712L1606.54,380.724L1606.51,410.435L1500.7,410.411L1500.67,380.7L1534.17,380.688L1553.6,399.799L1553.61,399.823ZM1594.68,389.701C1591.44,389.701 1588.82,392.327 1588.82,395.561C1588.82,398.796 1591.44,401.422 1594.68,401.422C1597.91,401.422 1600.54,398.796 1600.54,395.561C1600.54,392.327 1597.91,389.701 1594.68,389.701ZM1578.75,389.701C1575.52,389.701 1572.89,392.327 1572.89,395.561C1572.89,398.796 1575.52,401.422 1578.75,401.422C1581.98,401.422 1584.61,398.796 1584.61,395.561C1584.61,392.327 1581.98,389.701 1578.75,389.701Z\" style=\"fill:#00377b;\"><\/path>        <\/g>    <\/g><\/svg>\t\t\t\t\t\t<\/span>\n\t\t\t\t\t\t\t\t\t\t<span class=\"elementor-icon-list-text\"><\/span>\n\t\t\t\t\t\t\t\t\t\t\t<\/a>\n\t\t\t\t\t\t\t\t\t<\/li>\n\t\t\t\t\t\t\t\t<li class=\"elementor-icon-list-item elementor-inline-item\">\n\t\t\t\t\t\t\t\t\t\t\t<span class=\"elementor-icon-list-icon\">\n\t\t\t\t\t\t\t<svg xmlns=\"http:\/\/www.w3.org\/2000\/svg\" xmlns:xlink=\"http:\/\/www.w3.org\/1999\/xlink\" xmlns:serif=\"http:\/\/www.serif.com\/\" width=\"100%\" height=\"100%\" viewBox=\"0 0 280 227\" xml:space=\"preserve\" style=\"fill-rule:evenodd;clip-rule:evenodd;stroke-linejoin:round;stroke-miterlimit:2;\">    <g transform=\"matrix(1.37492,0,0,1.37492,0,-9.303051)\">        <path d=\"M97.238,150.928L97.238,27.664C72.37,10.881 44.682,4.206 19.813,7.642L19.813,130.906C44.682,127.47 72.37,134.145 97.238,150.928ZM106.41,150.928L106.41,27.664C131.277,10.881 158.966,4.206 183.835,7.642L183.835,130.906C158.966,127.47 131.277,134.145 106.41,150.928Z\" style=\"fill:#00377b;\"><\/path>    <\/g>    <g transform=\"matrix(1.37492,0,0,1.37492,0,-8.475674)\">        <path d=\"M0,37.088L0,171.265C30.851,160.206 65.472,156.117 97.082,170.713L97.082,154.762C80.414,145.421 40.388,138.421 11.342,151.755L11.342,33.568C7.508,34.584 3.72,35.754 0,37.088ZM192.305,33.568L192.305,151.755C163.26,138.421 123.234,145.421 106.566,154.762L106.566,170.713C138.175,156.117 172.797,160.206 203.648,171.265L203.648,37.088C199.928,35.754 196.14,34.584 192.305,33.568Z\" style=\"fill:#00377b;\"><\/path>    <\/g><\/svg>\t\t\t\t\t\t<\/span>\n\t\t\t\t\t\t\t\t\t\t<span class=\"elementor-icon-list-text\"><\/span>\n\t\t\t\t\t\t\t\t\t<\/li>\n\t\t\t\t\t\t<\/ul>\n\t\t\t\t\t\t<\/div>\n\t\t\t\t<\/div>\n\t\t<div class=\"elementor-element elementor-element-fd0f469 e-con-full e-flex e-con e-child\" data-id=\"fd0f469\" data-element_type=\"container\" data-e-type=\"container\">\n\t\t\t\t<div class=\"elementor-element elementor-element-6b413c23 elementor-widget elementor-widget-text-editor\" data-id=\"6b413c23\" data-element_type=\"widget\" data-e-type=\"widget\" data-widget_type=\"text-editor.default\">\n\t\t\t\t\t\t\t\t\t<p><strong>BUDAVINCI<sup>\u00ae<\/sup><\/strong><br \/>Stra\u00dfenablauf zur<br \/>dezentralen Entw\u00e4sserung<\/p>\t\t\t\t\t\t\t\t<\/div>\n\t\t\t\t<\/div>\n\t\t\t\t<\/div>\n\t\t<div class=\"elementor-element elementor-element-e8eafd0 e-con-full e-flex e-con e-child\" data-id=\"e8eafd0\" data-element_type=\"container\" data-e-type=\"container\">\n\t\t\t\t<div class=\"elementor-element elementor-element-5d0a7a23 elementor-widget elementor-widget-image\" data-id=\"5d0a7a23\" data-element_type=\"widget\" data-e-type=\"widget\" data-widget_type=\"image.default\">\n\t\t\t\t\t\t\t\t\t\t\t\t\t\t\t\t<a href=\"https:\/\/blue-con.de\/mg-entwurf\/wp-content\/uploads\/2025\/11\/info-journal-ammersee.pdf\" target=\"_blank\">\n\t\t\t\t\t\t\t<img decoding=\"async\" width=\"300\" height=\"424\" src=\"https:\/\/blue-con.de\/mg-entwurf\/wp-content\/uploads\/2025\/11\/info-journal-ammersee.jpg\" class=\"attachment-full size-full wp-image-3998\" alt=\"Produkt BUDAVINCI Typ Z Info-Journal anklickbares Vorschaubild, um das zugeh\u00f6rige PDF in einem neuen Fenster zu \u00f6ffnen.\" srcset=\"https:\/\/blue-con.de\/mg-entwurf\/wp-content\/uploads\/2025\/11\/info-journal-ammersee.jpg 300w, https:\/\/blue-con.de\/mg-entwurf\/wp-content\/uploads\/2025\/11\/info-journal-ammersee-212x300.jpg 212w\" sizes=\"(max-width: 300px) 100vw, 300px\" \/>\t\t\t\t\t\t\t\t<\/a>\n\t\t\t\t\t\t\t\t\t\t\t\t\t\t\t<\/div>\n\t\t<div class=\"elementor-element elementor-element-1cf0c0d3 e-con-full e-flex e-con e-child\" data-id=\"1cf0c0d3\" data-element_type=\"container\" data-e-type=\"container\">\n\t\t\t\t<div class=\"elementor-element elementor-element-b23b641 elementor-icon-list--layout-inline elementor-align-end elementor-list-item-link-full_width elementor-widget elementor-widget-icon-list\" data-id=\"b23b641\" data-element_type=\"widget\" data-e-type=\"widget\" data-widget_type=\"icon-list.default\">\n\t\t\t\t\t\t\t<ul class=\"elementor-icon-list-items elementor-inline-items\">\n\t\t\t\t\t\t\t<li class=\"elementor-icon-list-item elementor-inline-item\">\n\t\t\t\t\t\t\t\t\t\t\t<a href=\"https:\/\/blue-con.de\/mg-entwurf\/wp-content\/uploads\/2025\/11\/info-journal-ammersee.pdf\" target=\"_blank\">\n\n\t\t\t\t\t\t\t\t\t\t\t\t<span class=\"elementor-icon-list-icon\">\n\t\t\t\t\t\t\t<svg xmlns=\"http:\/\/www.w3.org\/2000\/svg\" xmlns:xlink=\"http:\/\/www.w3.org\/1999\/xlink\" xmlns:serif=\"http:\/\/www.serif.com\/\" width=\"100%\" height=\"100%\" viewBox=\"0 0 280 227\" xml:space=\"preserve\" style=\"fill-rule:evenodd;clip-rule:evenodd;stroke-linejoin:round;stroke-miterlimit:2;\">    <g transform=\"matrix(1,0,0,1,-384,-32.3)\">        <g transform=\"matrix(2.64475,0,0,2.64475,-3584.897,-827.040104)\">            <path d=\"M1553.61,386.39L1594.68,345.924L1566.41,345.946L1566.42,324.923L1540.79,324.923L1540.8,345.921L1512.54,345.9L1553.6,386.366\" style=\"fill:#00377b;\"><\/path>        <\/g>        <g transform=\"matrix(2.64475,0,0,2.64475,-3584.897,-826.197966)\">            <path d=\"M1553.61,399.823L1573.04,380.712L1606.54,380.724L1606.51,410.435L1500.7,410.411L1500.67,380.7L1534.17,380.688L1553.6,399.799L1553.61,399.823ZM1594.68,389.701C1591.44,389.701 1588.82,392.327 1588.82,395.561C1588.82,398.796 1591.44,401.422 1594.68,401.422C1597.91,401.422 1600.54,398.796 1600.54,395.561C1600.54,392.327 1597.91,389.701 1594.68,389.701ZM1578.75,389.701C1575.52,389.701 1572.89,392.327 1572.89,395.561C1572.89,398.796 1575.52,401.422 1578.75,401.422C1581.98,401.422 1584.61,398.796 1584.61,395.561C1584.61,392.327 1581.98,389.701 1578.75,389.701Z\" style=\"fill:#00377b;\"><\/path>        <\/g>    <\/g><\/svg>\t\t\t\t\t\t<\/span>\n\t\t\t\t\t\t\t\t\t\t<span class=\"elementor-icon-list-text\"><\/span>\n\t\t\t\t\t\t\t\t\t\t\t<\/a>\n\t\t\t\t\t\t\t\t\t<\/li>\n\t\t\t\t\t\t\t\t<li class=\"elementor-icon-list-item elementor-inline-item\">\n\t\t\t\t\t\t\t\t\t\t\t<span class=\"elementor-icon-list-icon\">\n\t\t\t\t\t\t\t<svg xmlns=\"http:\/\/www.w3.org\/2000\/svg\" xmlns:xlink=\"http:\/\/www.w3.org\/1999\/xlink\" xmlns:serif=\"http:\/\/www.serif.com\/\" width=\"100%\" height=\"100%\" viewBox=\"0 0 280 227\" xml:space=\"preserve\" style=\"fill-rule:evenodd;clip-rule:evenodd;stroke-linejoin:round;stroke-miterlimit:2;\">    <g transform=\"matrix(1.37492,0,0,1.37492,0,-9.303051)\">        <path d=\"M97.238,150.928L97.238,27.664C72.37,10.881 44.682,4.206 19.813,7.642L19.813,130.906C44.682,127.47 72.37,134.145 97.238,150.928ZM106.41,150.928L106.41,27.664C131.277,10.881 158.966,4.206 183.835,7.642L183.835,130.906C158.966,127.47 131.277,134.145 106.41,150.928Z\" style=\"fill:#00377b;\"><\/path>    <\/g>    <g transform=\"matrix(1.37492,0,0,1.37492,0,-8.475674)\">        <path d=\"M0,37.088L0,171.265C30.851,160.206 65.472,156.117 97.082,170.713L97.082,154.762C80.414,145.421 40.388,138.421 11.342,151.755L11.342,33.568C7.508,34.584 3.72,35.754 0,37.088ZM192.305,33.568L192.305,151.755C163.26,138.421 123.234,145.421 106.566,154.762L106.566,170.713C138.175,156.117 172.797,160.206 203.648,171.265L203.648,37.088C199.928,35.754 196.14,34.584 192.305,33.568Z\" style=\"fill:#00377b;\"><\/path>    <\/g><\/svg>\t\t\t\t\t\t<\/span>\n\t\t\t\t\t\t\t\t\t\t<span class=\"elementor-icon-list-text\"><\/span>\n\t\t\t\t\t\t\t\t\t<\/li>\n\t\t\t\t\t\t<\/ul>\n\t\t\t\t\t\t<\/div>\n\t\t\t\t<\/div>\n\t\t<div class=\"elementor-element elementor-element-2e58094c e-con-full e-flex e-con e-child\" data-id=\"2e58094c\" data-element_type=\"container\" data-e-type=\"container\">\n\t\t\t\t<div class=\"elementor-element elementor-element-49eb9ec0 elementor-widget elementor-widget-text-editor\" data-id=\"49eb9ec0\" data-element_type=\"widget\" data-e-type=\"widget\" data-widget_type=\"text-editor.default\">\n\t\t\t\t\t\t\t\t\t<p><strong>BUDAVINCI<sup>\u00ae<\/sup><br \/><\/strong>Typ Z<\/p>\t\t\t\t\t\t\t\t<\/div>\n\t\t\t\t<\/div>\n\t\t\t\t<\/div>\n\t\t\t\t\t<\/div>\n\t\t\t\t<\/div>\n\t\t<div class=\"elementor-element elementor-element-3e9c5a0f e-flex e-con-boxed e-con e-parent\" data-id=\"3e9c5a0f\" data-element_type=\"container\" data-e-type=\"container\" data-settings=\"{&quot;animation&quot;:&quot;none&quot;,&quot;background_background&quot;:&quot;classic&quot;}\">\n\t\t\t\t\t<div class=\"e-con-inner\">\n\t\t<div class=\"elementor-element elementor-element-6f353088 e-con-full e-flex elementor-invisible e-con e-child\" data-id=\"6f353088\" data-element_type=\"container\" data-e-type=\"container\" data-settings=\"{&quot;animation&quot;:&quot;zoomIn&quot;,&quot;animation_mobile_extra&quot;:&quot;none&quot;}\">\n\t\t\t\t<div class=\"elementor-element elementor-element-a6f48d6 elementor-widget elementor-widget-heading\" data-id=\"a6f48d6\" data-element_type=\"widget\" data-e-type=\"widget\" data-widget_type=\"heading.default\">\n\t\t\t\t\t<h2 class=\"elementor-heading-title elementor-size-default\">Produktvideo<\/h2>\t\t\t\t<\/div>\n\t\t\t\t<\/div>\n\t\t\t\t\t<\/div>\n\t\t\t\t<\/div>\n\t\t<div class=\"elementor-element elementor-element-2d05c9e5 e-flex e-con-boxed elementor-invisible e-con e-parent\" data-id=\"2d05c9e5\" data-element_type=\"container\" data-e-type=\"container\" data-settings=\"{&quot;background_background&quot;:&quot;classic&quot;,&quot;animation&quot;:&quot;fadeInUp&quot;,&quot;animation_mobile_extra&quot;:&quot;none&quot;}\">\n\t\t\t\t\t<div class=\"e-con-inner\">\n\t\t<div class=\"elementor-element elementor-element-537d6fb6 e-con-full e-flex e-con e-child\" data-id=\"537d6fb6\" data-element_type=\"container\" data-e-type=\"container\">\n\t\t\t\t<div class=\"elementor-element elementor-element-395770c elementor-widget elementor-widget-heading\" data-id=\"395770c\" data-element_type=\"widget\" data-e-type=\"widget\" data-widget_type=\"heading.default\">\n\t\t\t\t\t<h3 class=\"elementor-heading-title elementor-size-default\"><a href=\"http:\/\/meileve,\">BUDAVINCI<sup>\u00ae<\/sup><\/a><\/h3>\t\t\t\t<\/div>\n\t\t\t\t<div class=\"elementor-element elementor-element-c5f4c81 elementor-widget elementor-widget-text-editor\" data-id=\"c5f4c81\" data-element_type=\"widget\" data-e-type=\"widget\" data-widget_type=\"text-editor.default\">\n\t\t\t\t\t\t\t\t\t<p>\u00f6konomisch, \u00f6kologisch, zukunftweisend<\/p>\t\t\t\t\t\t\t\t<\/div>\n\t\t\t\t<div class=\"elementor-element elementor-element-e780ac1 elementor-widget elementor-widget-video\" data-id=\"e780ac1\" data-element_type=\"widget\" data-e-type=\"widget\" data-settings=\"{&quot;video_type&quot;:&quot;vimeo&quot;}\" data-widget_type=\"video.default\">\n\t\t\t\t\t\t\t<div class=\"elementor-wrapper elementor-open-inline\">\n\t\t\t<iframe class=\"elementor-video-iframe\" allowfullscreen allow=\"clipboard-write\" title=\"vimeo Video Player\" src=\"https:\/\/player.vimeo.com\/video\/436100801?color&amp;autopause=0&amp;loop=0&amp;muted=0&amp;title=1&amp;portrait=1&amp;byline=1#t=\"><\/iframe>\t\t<\/div>\n\t\t\t\t\t\t<\/div>\n\t\t\t\t<\/div>\n\t\t\t\t\t<\/div>\n\t\t\t\t<\/div>\n\t\t\t\t<\/div>\n\t\t","protected":false},"excerpt":{"rendered":"<p>BUDAVINCI\u00ae Dezentrale Entw\u00e4sserung Die gesetzlichen Rahmenbedingungen f\u00fcr den Gew\u00e4sserschutz, wie die Europ\u00e4ische Wasserrahmenrichtlinie und deren Umsetzung im Wasserhaushaltsgesetz, fordern eine Verbesserung der Wasserqualit\u00e4t aller Gew\u00e4sser und insbesondere des Grundwassers. In Zukunft ist es notwendig, neue, innovative Systeme zur Reinigung der Regenwasserabfl\u00fcsse einzusetzen. Der MeierGuss Stra\u00dfenablauf BUDAVINCI\u00ae ist durch das dezentrale Prinzip sowohl \u00f6kologisch als auch [&hellip;]<\/p>\n","protected":false},"author":1,"featured_media":0,"parent":0,"menu_order":0,"comment_status":"closed","ping_status":"closed","template":"elementor_header_footer","meta":{"footnotes":""},"class_list":["post-96","page","type-page","status-publish","hentry"],"_links":{"self":[{"href":"https:\/\/blue-con.de\/mg-entwurf\/wp-json\/wp\/v2\/pages\/96","targetHints":{"allow":["GET"]}}],"collection":[{"href":"https:\/\/blue-con.de\/mg-entwurf\/wp-json\/wp\/v2\/pages"}],"about":[{"href":"https:\/\/blue-con.de\/mg-entwurf\/wp-json\/wp\/v2\/types\/page"}],"author":[{"embeddable":true,"href":"https:\/\/blue-con.de\/mg-entwurf\/wp-json\/wp\/v2\/users\/1"}],"replies":[{"embeddable":true,"href":"https:\/\/blue-con.de\/mg-entwurf\/wp-json\/wp\/v2\/comments?post=96"}],"version-history":[{"count":34,"href":"https:\/\/blue-con.de\/mg-entwurf\/wp-json\/wp\/v2\/pages\/96\/revisions"}],"predecessor-version":[{"id":5913,"href":"https:\/\/blue-con.de\/mg-entwurf\/wp-json\/wp\/v2\/pages\/96\/revisions\/5913"}],"wp:attachment":[{"href":"https:\/\/blue-con.de\/mg-entwurf\/wp-json\/wp\/v2\/media?parent=96"}],"curies":[{"name":"wp","href":"https:\/\/api.w.org\/{rel}","templated":true}]}}