{"id":5227,"date":"2026-03-10T10:00:41","date_gmt":"2026-03-10T09:00:41","guid":{"rendered":"https:\/\/blue-con.de\/mg-entwurf\/?page_id=5227"},"modified":"2026-03-12T11:16:51","modified_gmt":"2026-03-12T10:16:51","slug":"pflanzkuebel","status":"publish","type":"page","link":"https:\/\/blue-con.de\/mg-entwurf\/pflanzkuebel\/","title":{"rendered":"Pflanzk\u00fcbel"},"content":{"rendered":"\t\t<div data-elementor-type=\"wp-page\" data-elementor-id=\"5227\" class=\"elementor elementor-5227\" data-elementor-post-type=\"page\">\n\t\t\t\t<div class=\"elementor-element elementor-element-56dc5b0 e-con-full e-flex e-con e-parent\" data-id=\"56dc5b0\" data-element_type=\"container\" data-e-type=\"container\" data-settings=\"{&quot;background_background&quot;:&quot;slideshow&quot;,&quot;background_slideshow_transition_duration&quot;:3000,&quot;background_slideshow_slide_duration&quot;:3000,&quot;background_slideshow_gallery&quot;:[{&quot;id&quot;:5236,&quot;url&quot;:&quot;https:\\\/\\\/blue-con.de\\\/mg-entwurf\\\/wp-content\\\/uploads\\\/2026\\\/03\\\/header-bs-011.jpg&quot;},{&quot;id&quot;:5238,&quot;url&quot;:&quot;https:\\\/\\\/blue-con.de\\\/mg-entwurf\\\/wp-content\\\/uploads\\\/2026\\\/03\\\/header-bs-013.jpg&quot;},{&quot;id&quot;:5237,&quot;url&quot;:&quot;https:\\\/\\\/blue-con.de\\\/mg-entwurf\\\/wp-content\\\/uploads\\\/2026\\\/03\\\/header-bs-012.jpg&quot;}],&quot;background_slideshow_loop&quot;:&quot;yes&quot;,&quot;background_slideshow_slide_transition&quot;:&quot;fade&quot;}\">\n\t\t<div class=\"elementor-element elementor-element-f331eb3 e-con-full e-flex e-con e-child\" data-id=\"f331eb3\" data-element_type=\"container\" data-e-type=\"container\">\n\t\t\t\t<\/div>\n\t\t\t\t<\/div>\n\t\t<div class=\"elementor-element elementor-element-6487a27e e-flex e-con-boxed elementor-invisible e-con e-parent\" data-id=\"6487a27e\" data-element_type=\"container\" data-e-type=\"container\" data-settings=\"{&quot;animation&quot;:&quot;zoomIn&quot;,&quot;animation_mobile_extra&quot;:&quot;none&quot;}\">\n\t\t\t\t\t<div class=\"e-con-inner\">\n\t\t<div class=\"elementor-element elementor-element-1a4f4273 e-con-full e-flex e-con e-child\" data-id=\"1a4f4273\" data-element_type=\"container\" data-e-type=\"container\">\n\t\t\t\t<div class=\"elementor-element elementor-element-7f6d1e60 elementor-widget elementor-widget-image\" data-id=\"7f6d1e60\" data-element_type=\"widget\" data-e-type=\"widget\" data-widget_type=\"image.default\">\n\t\t\t\t\t\t\t\t\t\t\t\t\t\t\t<img fetchpriority=\"high\" decoding=\"async\" width=\"1580\" height=\"475\" src=\"https:\/\/blue-con.de\/mg-entwurf\/wp-content\/uploads\/2026\/03\/plantus-logo.svg\" class=\"attachment-full size-full wp-image-5250\" alt=\"\" \/>\t\t\t\t\t\t\t\t\t\t\t\t\t\t\t<\/div>\n\t\t\t\t<div class=\"elementor-element elementor-element-d13f12f elementor-widget elementor-widget-heading\" data-id=\"d13f12f\" data-element_type=\"widget\" data-e-type=\"widget\" data-widget_type=\"heading.default\">\n\t\t\t\t\t<h2 class=\"elementor-heading-title elementor-size-default\">Der markante Pflanzk\u00fcbel<\/h2>\t\t\t\t<\/div>\n\t\t\t\t<\/div>\n\t\t\t\t\t<\/div>\n\t\t\t\t<\/div>\n\t\t<div class=\"elementor-element elementor-element-d935a39 e-flex e-con-boxed elementor-invisible e-con e-parent\" data-id=\"d935a39\" data-element_type=\"container\" data-e-type=\"container\" data-settings=\"{&quot;background_background&quot;:&quot;classic&quot;,&quot;animation&quot;:&quot;fadeInRight&quot;,&quot;animation_mobile_extra&quot;:&quot;none&quot;}\">\n\t\t\t\t\t<div class=\"e-con-inner\">\n\t\t<div class=\"elementor-element elementor-element-70f7c93 e-con-full e-flex e-con e-child\" data-id=\"70f7c93\" data-element_type=\"container\" data-e-type=\"container\">\n\t\t\t\t<div class=\"elementor-element elementor-element-3b0ba58 e-transform elementor-widget elementor-widget-text-editor\" data-id=\"3b0ba58\" data-element_type=\"widget\" data-e-type=\"widget\" data-settings=\"{&quot;_transform_rotateZ_effect&quot;:{&quot;unit&quot;:&quot;px&quot;,&quot;size&quot;:-2,&quot;sizes&quot;:[]},&quot;_transform_rotateZ_effect_widescreen&quot;:{&quot;unit&quot;:&quot;deg&quot;,&quot;size&quot;:&quot;&quot;,&quot;sizes&quot;:[]},&quot;_transform_rotateZ_effect_laptop&quot;:{&quot;unit&quot;:&quot;deg&quot;,&quot;size&quot;:&quot;&quot;,&quot;sizes&quot;:[]},&quot;_transform_rotateZ_effect_tablet_extra&quot;:{&quot;unit&quot;:&quot;deg&quot;,&quot;size&quot;:&quot;&quot;,&quot;sizes&quot;:[]},&quot;_transform_rotateZ_effect_tablet&quot;:{&quot;unit&quot;:&quot;deg&quot;,&quot;size&quot;:&quot;&quot;,&quot;sizes&quot;:[]},&quot;_transform_rotateZ_effect_mobile_extra&quot;:{&quot;unit&quot;:&quot;deg&quot;,&quot;size&quot;:&quot;&quot;,&quot;sizes&quot;:[]},&quot;_transform_rotateZ_effect_mobile&quot;:{&quot;unit&quot;:&quot;deg&quot;,&quot;size&quot;:&quot;&quot;,&quot;sizes&quot;:[]}}\" data-widget_type=\"text-editor.default\">\n\t\t\t\t\t\t\t\t\t<p>Wo Blumen bl\u00fchen, l\u00e4chelt die Welt!<\/p>\t\t\t\t\t\t\t\t<\/div>\n\t\t\t\t<\/div>\n\t\t\t\t\t<\/div>\n\t\t\t\t<\/div>\n\t\t<div class=\"elementor-element elementor-element-800feb1 e-flex e-con-boxed elementor-invisible e-con e-parent\" data-id=\"800feb1\" data-element_type=\"container\" data-e-type=\"container\" data-settings=\"{&quot;animation&quot;:&quot;fadeInLeft&quot;,&quot;animation_mobile_extra&quot;:&quot;none&quot;}\">\n\t\t\t\t\t<div class=\"e-con-inner\">\n\t\t<div class=\"elementor-element elementor-element-5c07658 e-con-full e-flex e-con e-child\" data-id=\"5c07658\" data-element_type=\"container\" data-e-type=\"container\">\n\t\t\t\t<div class=\"elementor-element elementor-element-3973e55 elementor--h-position-center elementor--v-position-middle elementor-widget elementor-widget-slides\" data-id=\"3973e55\" data-element_type=\"widget\" data-e-type=\"widget\" data-settings=\"{&quot;transition&quot;:&quot;fade&quot;,&quot;navigation&quot;:&quot;none&quot;,&quot;autoplay_speed&quot;:6000,&quot;transition_speed&quot;:800,&quot;autoplay&quot;:&quot;yes&quot;,&quot;infinite&quot;:&quot;yes&quot;}\" data-widget_type=\"slides.default\">\n\t\t\t\t\t\t\t\t\t\t<div class=\"elementor-slides-wrapper elementor-main-swiper swiper\" role=\"region\" aria-roledescription=\"carousel\" aria-label=\"Slider\" dir=\"ltr\" data-animation=\"fadeInUp\">\n\t\t\t\t<div class=\"swiper-wrapper elementor-slides\">\n\t\t\t\t\t\t\t\t\t\t<div class=\"elementor-repeater-item-86e6fac swiper-slide\" role=\"group\" aria-roledescription=\"slide\"><div class=\"swiper-slide-bg\" role=\"img\" aria-label=\"plantus-bs-005\"><\/div><div class=\"swiper-slide-inner\" ><div class=\"swiper-slide-contents\"><\/div><\/div><\/div><div class=\"elementor-repeater-item-2239669 swiper-slide\" role=\"group\" aria-roledescription=\"slide\"><div class=\"swiper-slide-bg\" role=\"img\" aria-label=\"plantus-bs-004\"><\/div><div class=\"swiper-slide-inner\" ><div class=\"swiper-slide-contents\"><\/div><\/div><\/div><div class=\"elementor-repeater-item-8168058 swiper-slide\" role=\"group\" aria-roledescription=\"slide\"><div class=\"swiper-slide-bg\" role=\"img\" aria-label=\"plantus-bs-003\"><\/div><div class=\"swiper-slide-inner\" ><div class=\"swiper-slide-contents\"><\/div><\/div><\/div>\t\t\t\t<\/div>\n\t\t\t\t\t\t\t\t\t\t\t\t\t\t\t\t\t\t\t\t\t<\/div>\n\t\t\t\t\t\t\t\t<\/div>\n\t\t\t\t<\/div>\n\t\t<div class=\"elementor-element elementor-element-100ad0a e-con-full e-flex e-con e-child\" data-id=\"100ad0a\" data-element_type=\"container\" data-e-type=\"container\">\n\t\t\t\t<div class=\"elementor-element elementor-element-2e482c2 elementor-widget elementor-widget-heading\" data-id=\"2e482c2\" data-element_type=\"widget\" data-e-type=\"widget\" data-widget_type=\"heading.default\">\n\t\t\t\t\t<h2 class=\"elementor-heading-title elementor-size-default\">Der MeierGuss Pflanzk\u00fcbel Plantus<sup>\u00ae<\/sup> ...<\/h2>\t\t\t\t<\/div>\n\t\t\t\t<div class=\"elementor-element elementor-element-308bedf elementor-widget elementor-widget-text-editor\" data-id=\"308bedf\" data-element_type=\"widget\" data-e-type=\"widget\" data-widget_type=\"text-editor.default\">\n\t\t\t\t\t\t\t\t\t<p>&#8230; ist ein dekoratives und markantes Gestaltungselement f\u00fcr die verschiedensten Anwen- dungsbereiche im \u00f6ffentlichen Raum. Er besteht aus dem hoch- wertigen Werkstoff Gusseisen und ist <em><strong>Made in Germany.<\/strong><\/em><\/p>\t\t\t\t\t\t\t\t<\/div>\n\t\t\t\t<div class=\"elementor-element elementor-element-70ef52c elementor-widget elementor-widget-heading\" data-id=\"70ef52c\" data-element_type=\"widget\" data-e-type=\"widget\" data-widget_type=\"heading.default\">\n\t\t\t\t\t<h2 class=\"elementor-heading-title elementor-size-default\">Bl\u00fchende Blickf\u00e4nger<\/h2>\t\t\t\t<\/div>\n\t\t\t\t<div class=\"elementor-element elementor-element-ec1db2e elementor-widget elementor-widget-text-editor\" data-id=\"ec1db2e\" data-element_type=\"widget\" data-e-type=\"widget\" data-widget_type=\"text-editor.default\">\n\t\t\t\t\t\t\t\t\t<p>Kleine gr\u00fcne Oasen erh\u00f6hen den Wohlf\u00fchleffekt im st\u00e4dtischen Bereich. Deshalb gewinnt die Begr\u00fcnung von Innenst\u00e4dten einen immer h\u00f6heren Stellenwert. Pflanzk\u00fcbel sind eine pflegeleichte und flexible M\u00f6glichkeit, diesem Bed\u00fcrfnis nachzukommen.<\/p>\t\t\t\t\t\t\t\t<\/div>\n\t\t\t\t<\/div>\n\t\t\t\t\t<\/div>\n\t\t\t\t<\/div>\n\t\t<div class=\"elementor-element elementor-element-d479e71 e-flex e-con-boxed elementor-invisible e-con e-parent\" data-id=\"d479e71\" data-element_type=\"container\" data-e-type=\"container\" data-settings=\"{&quot;animation&quot;:&quot;fadeInRight&quot;,&quot;animation_mobile_extra&quot;:&quot;none&quot;}\">\n\t\t\t\t\t<div class=\"e-con-inner\">\n\t\t<div class=\"elementor-element elementor-element-2a289f2 e-con-full e-flex e-con e-child\" data-id=\"2a289f2\" data-element_type=\"container\" data-e-type=\"container\">\n\t\t\t\t<div class=\"elementor-element elementor-element-948841a elementor-widget elementor-widget-text-editor\" data-id=\"948841a\" data-element_type=\"widget\" data-e-type=\"widget\" data-widget_type=\"text-editor.default\">\n\t\t\t\t\t\t\t\t\t<p>vielseitig, individuell &amp; dekorativ<\/p>\t\t\t\t\t\t\t\t<\/div>\n\t\t\t\t<div class=\"elementor-element elementor-element-0cf61da elementor-widget elementor-widget-text-editor\" data-id=\"0cf61da\" data-element_type=\"widget\" data-e-type=\"widget\" data-widget_type=\"text-editor.default\">\n\t\t\t\t\t\t\t\t\t<p>Ob in Bierg\u00e4rten oder Caf\u00e9s, auf Marktpl\u00e4tzen oder in Fu\u00dfg\u00e4ngerzonen \u2013 die Pflanzk\u00fcbel sind dekorative und markante Blickf\u00e4nger, Raumteiler oder Sichtschutz. Auch Einkaufszentren oder Firmen k\u00f6nnen mit dem Pflanzk\u00fcbel PLANTUS\u00ae Farbe ins Spiel bringen und kleine gr\u00fcne Oasen schaffen. Aber nicht nur im Sommer ist der PLANTUS\u00ae ein Hingucker. Im Winter k\u00f6nnen die Pflanzk\u00fcbel mit Tannenb\u00e4umen best\u00fcckt werden und so z. B. Weihnachtsm\u00e4rkte begr\u00fcnen und optisch begrenzen.<\/p>\t\t\t\t\t\t\t\t<\/div>\n\t\t\t\t<\/div>\n\t\t<div class=\"elementor-element elementor-element-aabb3b5 e-con-full e-flex e-con e-child\" data-id=\"aabb3b5\" data-element_type=\"container\" data-e-type=\"container\">\n\t\t\t\t<div class=\"elementor-element elementor-element-398a2c9 elementor-widget elementor-widget-image\" data-id=\"398a2c9\" data-element_type=\"widget\" data-e-type=\"widget\" data-widget_type=\"image.default\">\n\t\t\t\t\t\t\t\t\t\t\t\t\t\t\t<img decoding=\"async\" width=\"500\" height=\"1000\" src=\"https:\/\/blue-con.de\/mg-entwurf\/wp-content\/uploads\/2026\/03\/plantus-bs-002.jpg\" class=\"attachment-full size-full wp-image-5240\" alt=\"\" srcset=\"https:\/\/blue-con.de\/mg-entwurf\/wp-content\/uploads\/2026\/03\/plantus-bs-002.jpg 500w, https:\/\/blue-con.de\/mg-entwurf\/wp-content\/uploads\/2026\/03\/plantus-bs-002-150x300.jpg 150w\" sizes=\"(max-width: 500px) 100vw, 500px\" \/>\t\t\t\t\t\t\t\t\t\t\t\t\t\t\t<\/div>\n\t\t\t\t<\/div>\n\t\t\t\t\t<\/div>\n\t\t\t\t<\/div>\n\t\t<div class=\"elementor-element elementor-element-119f5052 e-flex e-con-boxed elementor-invisible e-con e-parent\" data-id=\"119f5052\" data-element_type=\"container\" data-e-type=\"container\" data-settings=\"{&quot;background_background&quot;:&quot;classic&quot;,&quot;animation&quot;:&quot;zoomIn&quot;,&quot;animation_mobile_extra&quot;:&quot;none&quot;}\">\n\t\t\t\t\t<div class=\"e-con-inner\">\n\t\t<div class=\"elementor-element elementor-element-6bb2e048 e-con-full e-flex e-con e-child\" data-id=\"6bb2e048\" data-element_type=\"container\" data-e-type=\"container\">\n\t\t\t\t<div class=\"elementor-element elementor-element-12c5149f elementor-widget elementor-widget-image\" data-id=\"12c5149f\" data-element_type=\"widget\" data-e-type=\"widget\" data-widget_type=\"image.default\">\n\t\t\t\t\t\t\t\t\t\t\t\t\t\t\t\t<a href=\"https:\/\/blue-con.de\/mg-entwurf\/wp-content\/uploads\/2025\/12\/Plantus-Broschure.pdf\" target=\"_blank\">\n\t\t\t\t\t\t\t<img decoding=\"async\" width=\"300\" height=\"424\" src=\"https:\/\/blue-con.de\/mg-entwurf\/wp-content\/uploads\/2025\/12\/Plantus-Broschure.jpg\" class=\"attachment-full size-full wp-image-4455\" alt=\"Produktflyer PLANTUS Vorschaubild, um das zugeh\u00f6rige PDF in einem neuen Fenster zu \u00f6ffnen.\" srcset=\"https:\/\/blue-con.de\/mg-entwurf\/wp-content\/uploads\/2025\/12\/Plantus-Broschure.jpg 300w, https:\/\/blue-con.de\/mg-entwurf\/wp-content\/uploads\/2025\/12\/Plantus-Broschure-212x300.jpg 212w\" sizes=\"(max-width: 300px) 100vw, 300px\" \/>\t\t\t\t\t\t\t\t<\/a>\n\t\t\t\t\t\t\t\t\t\t\t\t\t\t\t<\/div>\n\t\t<div class=\"elementor-element elementor-element-5731a9fc e-con-full e-flex e-con e-child\" data-id=\"5731a9fc\" data-element_type=\"container\" data-e-type=\"container\">\n\t\t\t\t<div class=\"elementor-element elementor-element-31ec808b elementor-icon-list--layout-inline elementor-align-end elementor-list-item-link-full_width elementor-widget elementor-widget-icon-list\" data-id=\"31ec808b\" data-element_type=\"widget\" data-e-type=\"widget\" data-widget_type=\"icon-list.default\">\n\t\t\t\t\t\t\t<ul class=\"elementor-icon-list-items elementor-inline-items\">\n\t\t\t\t\t\t\t<li class=\"elementor-icon-list-item elementor-inline-item\">\n\t\t\t\t\t\t\t\t\t\t\t<a href=\"https:\/\/blue-con.de\/mg-entwurf\/wp-content\/uploads\/2025\/12\/Plantus-Broschure.pdf\" target=\"_blank\">\n\n\t\t\t\t\t\t\t\t\t\t\t\t<span class=\"elementor-icon-list-icon\">\n\t\t\t\t\t\t\t<svg xmlns=\"http:\/\/www.w3.org\/2000\/svg\" xmlns:xlink=\"http:\/\/www.w3.org\/1999\/xlink\" xmlns:serif=\"http:\/\/www.serif.com\/\" width=\"100%\" height=\"100%\" viewBox=\"0 0 280 227\" xml:space=\"preserve\" style=\"fill-rule:evenodd;clip-rule:evenodd;stroke-linejoin:round;stroke-miterlimit:2;\">    <g transform=\"matrix(1,0,0,1,-384,-32.3)\">        <g transform=\"matrix(2.64475,0,0,2.64475,-3584.897,-827.040104)\">            <path d=\"M1553.61,386.39L1594.68,345.924L1566.41,345.946L1566.42,324.923L1540.79,324.923L1540.8,345.921L1512.54,345.9L1553.6,386.366\" style=\"fill:#00377b;\"><\/path>        <\/g>        <g transform=\"matrix(2.64475,0,0,2.64475,-3584.897,-826.197966)\">            <path d=\"M1553.61,399.823L1573.04,380.712L1606.54,380.724L1606.51,410.435L1500.7,410.411L1500.67,380.7L1534.17,380.688L1553.6,399.799L1553.61,399.823ZM1594.68,389.701C1591.44,389.701 1588.82,392.327 1588.82,395.561C1588.82,398.796 1591.44,401.422 1594.68,401.422C1597.91,401.422 1600.54,398.796 1600.54,395.561C1600.54,392.327 1597.91,389.701 1594.68,389.701ZM1578.75,389.701C1575.52,389.701 1572.89,392.327 1572.89,395.561C1572.89,398.796 1575.52,401.422 1578.75,401.422C1581.98,401.422 1584.61,398.796 1584.61,395.561C1584.61,392.327 1581.98,389.701 1578.75,389.701Z\" style=\"fill:#00377b;\"><\/path>        <\/g>    <\/g><\/svg>\t\t\t\t\t\t<\/span>\n\t\t\t\t\t\t\t\t\t\t<span class=\"elementor-icon-list-text\"><\/span>\n\t\t\t\t\t\t\t\t\t\t\t<\/a>\n\t\t\t\t\t\t\t\t\t<\/li>\n\t\t\t\t\t\t\t\t<li class=\"elementor-icon-list-item elementor-inline-item\">\n\t\t\t\t\t\t\t\t\t\t\t<span class=\"elementor-icon-list-icon\">\n\t\t\t\t\t\t\t<svg xmlns=\"http:\/\/www.w3.org\/2000\/svg\" xmlns:xlink=\"http:\/\/www.w3.org\/1999\/xlink\" xmlns:serif=\"http:\/\/www.serif.com\/\" width=\"100%\" height=\"100%\" viewBox=\"0 0 280 227\" xml:space=\"preserve\" style=\"fill-rule:evenodd;clip-rule:evenodd;stroke-linejoin:round;stroke-miterlimit:2;\">    <g transform=\"matrix(1.37492,0,0,1.37492,0,-9.303051)\">        <path d=\"M97.238,150.928L97.238,27.664C72.37,10.881 44.682,4.206 19.813,7.642L19.813,130.906C44.682,127.47 72.37,134.145 97.238,150.928ZM106.41,150.928L106.41,27.664C131.277,10.881 158.966,4.206 183.835,7.642L183.835,130.906C158.966,127.47 131.277,134.145 106.41,150.928Z\" style=\"fill:#00377b;\"><\/path>    <\/g>    <g transform=\"matrix(1.37492,0,0,1.37492,0,-8.475674)\">        <path d=\"M0,37.088L0,171.265C30.851,160.206 65.472,156.117 97.082,170.713L97.082,154.762C80.414,145.421 40.388,138.421 11.342,151.755L11.342,33.568C7.508,34.584 3.72,35.754 0,37.088ZM192.305,33.568L192.305,151.755C163.26,138.421 123.234,145.421 106.566,154.762L106.566,170.713C138.175,156.117 172.797,160.206 203.648,171.265L203.648,37.088C199.928,35.754 196.14,34.584 192.305,33.568Z\" style=\"fill:#00377b;\"><\/path>    <\/g><\/svg>\t\t\t\t\t\t<\/span>\n\t\t\t\t\t\t\t\t\t\t<span class=\"elementor-icon-list-text\"><\/span>\n\t\t\t\t\t\t\t\t\t<\/li>\n\t\t\t\t\t\t<\/ul>\n\t\t\t\t\t\t<\/div>\n\t\t\t\t<\/div>\n\t\t<div class=\"elementor-element elementor-element-4195043d e-con-full e-flex e-con e-child\" data-id=\"4195043d\" data-element_type=\"container\" data-e-type=\"container\">\n\t\t\t\t<div class=\"elementor-element elementor-element-3d80449c elementor-widget elementor-widget-text-editor\" data-id=\"3d80449c\" data-element_type=\"widget\" data-e-type=\"widget\" data-widget_type=\"text-editor.default\">\n\t\t\t\t\t\t\t\t\t<p><strong>PLANTUS<sup>\u00ae<\/sup><\/strong><br \/>Der markante Pflanzk\u00fcbel<\/p>\t\t\t\t\t\t\t\t<\/div>\n\t\t\t\t<\/div>\n\t\t\t\t<\/div>\n\t\t\t\t\t<\/div>\n\t\t\t\t<\/div>\n\t\t\t\t<\/div>\n\t\t","protected":false},"excerpt":{"rendered":"<p>Der markante Pflanzk\u00fcbel Wo Blumen bl\u00fchen, l\u00e4chelt die Welt! Der MeierGuss Pflanzk\u00fcbel Plantus\u00ae &#8230; &#8230; ist ein dekoratives und markantes Gestaltungselement f\u00fcr die verschiedensten Anwen- dungsbereiche im \u00f6ffentlichen Raum. Er besteht aus dem hoch- wertigen Werkstoff Gusseisen und ist Made in Germany. Bl\u00fchende Blickf\u00e4nger Kleine gr\u00fcne Oasen erh\u00f6hen den Wohlf\u00fchleffekt im st\u00e4dtischen Bereich. Deshalb gewinnt [&hellip;]<\/p>\n","protected":false},"author":1,"featured_media":0,"parent":0,"menu_order":0,"comment_status":"closed","ping_status":"closed","template":"elementor_header_footer","meta":{"footnotes":""},"class_list":["post-5227","page","type-page","status-publish","hentry"],"_links":{"self":[{"href":"https:\/\/blue-con.de\/mg-entwurf\/wp-json\/wp\/v2\/pages\/5227","targetHints":{"allow":["GET"]}}],"collection":[{"href":"https:\/\/blue-con.de\/mg-entwurf\/wp-json\/wp\/v2\/pages"}],"about":[{"href":"https:\/\/blue-con.de\/mg-entwurf\/wp-json\/wp\/v2\/types\/page"}],"author":[{"embeddable":true,"href":"https:\/\/blue-con.de\/mg-entwurf\/wp-json\/wp\/v2\/users\/1"}],"replies":[{"embeddable":true,"href":"https:\/\/blue-con.de\/mg-entwurf\/wp-json\/wp\/v2\/comments?post=5227"}],"version-history":[{"count":31,"href":"https:\/\/blue-con.de\/mg-entwurf\/wp-json\/wp\/v2\/pages\/5227\/revisions"}],"predecessor-version":[{"id":5314,"href":"https:\/\/blue-con.de\/mg-entwurf\/wp-json\/wp\/v2\/pages\/5227\/revisions\/5314"}],"wp:attachment":[{"href":"https:\/\/blue-con.de\/mg-entwurf\/wp-json\/wp\/v2\/media?parent=5227"}],"curies":[{"name":"wp","href":"https:\/\/api.w.org\/{rel}","templated":true}]}}