{"id":5157,"date":"2026-03-08T15:47:00","date_gmt":"2026-03-08T14:47:00","guid":{"rendered":"https:\/\/blue-con.de\/mg-entwurf\/?page_id=5157"},"modified":"2026-03-12T12:01:28","modified_gmt":"2026-03-12T11:01:28","slug":"kontakt-bs","status":"publish","type":"page","link":"https:\/\/blue-con.de\/mg-entwurf\/kontakt-bs\/","title":{"rendered":"Kontakt BS"},"content":{"rendered":"\t\t<div data-elementor-type=\"wp-page\" data-elementor-id=\"5157\" class=\"elementor elementor-5157\" data-elementor-post-type=\"page\">\n\t\t\t\t<div class=\"elementor-element elementor-element-9ef5302 e-con-full e-flex e-con e-parent\" data-id=\"9ef5302\" data-element_type=\"container\" data-e-type=\"container\" data-settings=\"{&quot;background_background&quot;:&quot;slideshow&quot;,&quot;background_slideshow_transition_duration&quot;:3000,&quot;background_slideshow_slide_duration&quot;:3000,&quot;background_slideshow_gallery&quot;:[{&quot;id&quot;:5159,&quot;url&quot;:&quot;https:\\\/\\\/blue-con.de\\\/mg-entwurf\\\/wp-content\\\/uploads\\\/2026\\\/03\\\/header-bs-09.jpg&quot;}],&quot;background_slideshow_slide_transition&quot;:&quot;fade&quot;}\">\n\t\t<div class=\"elementor-element elementor-element-b1f5a31 e-con-full e-flex e-con e-child\" data-id=\"b1f5a31\" data-element_type=\"container\" data-e-type=\"container\">\n\t\t\t\t<\/div>\n\t\t\t\t<\/div>\n\t\t<div class=\"elementor-element elementor-element-26ff49c e-flex e-con-boxed elementor-invisible e-con e-parent\" data-id=\"26ff49c\" data-element_type=\"container\" data-e-type=\"container\" data-settings=\"{&quot;background_background&quot;:&quot;classic&quot;,&quot;animation&quot;:&quot;zoomIn&quot;,&quot;animation_mobile_extra&quot;:&quot;none&quot;}\">\n\t\t\t\t\t<div class=\"e-con-inner\">\n\t\t<div class=\"elementor-element elementor-element-4380020 e-con-full e-flex e-con e-child\" data-id=\"4380020\" data-element_type=\"container\" data-e-type=\"container\">\n\t\t\t\t<div class=\"elementor-element elementor-element-403d133 elementor-widget elementor-widget-image\" data-id=\"403d133\" data-element_type=\"widget\" data-e-type=\"widget\" data-widget_type=\"image.default\">\n\t\t\t\t\t\t\t\t\t\t\t\t\t\t\t\t<a href=\"https:\/\/blue-con.de\/mg-entwurf\/wp-content\/uploads\/2025\/12\/rondello-flyer.pdf\" target=\"_blank\">\n\t\t\t\t\t\t\t<img fetchpriority=\"high\" decoding=\"async\" width=\"300\" height=\"424\" src=\"https:\/\/blue-con.de\/mg-entwurf\/wp-content\/uploads\/2025\/12\/rondello-flyer.jpg\" class=\"attachment-full size-full wp-image-4457\" alt=\"Flyer RONDELLO Vorschaubild, um das zugeh\u00f6rige PDF in einem neuen Fenster zu \u00f6ffnen.\" srcset=\"https:\/\/blue-con.de\/mg-entwurf\/wp-content\/uploads\/2025\/12\/rondello-flyer.jpg 300w, https:\/\/blue-con.de\/mg-entwurf\/wp-content\/uploads\/2025\/12\/rondello-flyer-212x300.jpg 212w\" sizes=\"(max-width: 300px) 100vw, 300px\" \/>\t\t\t\t\t\t\t\t<\/a>\n\t\t\t\t\t\t\t\t\t\t\t\t\t\t\t<\/div>\n\t\t<div class=\"elementor-element elementor-element-f80c6c1 e-con-full e-flex e-con e-child\" data-id=\"f80c6c1\" data-element_type=\"container\" data-e-type=\"container\">\n\t\t\t\t<div class=\"elementor-element elementor-element-106769b elementor-icon-list--layout-inline elementor-align-end elementor-list-item-link-full_width elementor-widget elementor-widget-icon-list\" data-id=\"106769b\" data-element_type=\"widget\" data-e-type=\"widget\" data-widget_type=\"icon-list.default\">\n\t\t\t\t\t\t\t<ul class=\"elementor-icon-list-items elementor-inline-items\">\n\t\t\t\t\t\t\t<li class=\"elementor-icon-list-item elementor-inline-item\">\n\t\t\t\t\t\t\t\t\t\t\t<a href=\"https:\/\/blue-con.de\/mg-entwurf\/wp-content\/uploads\/2025\/12\/rondello-flyer.pdf\" target=\"_blank\">\n\n\t\t\t\t\t\t\t\t\t\t\t\t<span class=\"elementor-icon-list-icon\">\n\t\t\t\t\t\t\t<svg xmlns=\"http:\/\/www.w3.org\/2000\/svg\" xmlns:xlink=\"http:\/\/www.w3.org\/1999\/xlink\" xmlns:serif=\"http:\/\/www.serif.com\/\" width=\"100%\" height=\"100%\" viewBox=\"0 0 280 227\" xml:space=\"preserve\" style=\"fill-rule:evenodd;clip-rule:evenodd;stroke-linejoin:round;stroke-miterlimit:2;\">    <g transform=\"matrix(1,0,0,1,-384,-32.3)\">        <g transform=\"matrix(2.64475,0,0,2.64475,-3584.897,-827.040104)\">            <path d=\"M1553.61,386.39L1594.68,345.924L1566.41,345.946L1566.42,324.923L1540.79,324.923L1540.8,345.921L1512.54,345.9L1553.6,386.366\" style=\"fill:#00377b;\"><\/path>        <\/g>        <g transform=\"matrix(2.64475,0,0,2.64475,-3584.897,-826.197966)\">            <path d=\"M1553.61,399.823L1573.04,380.712L1606.54,380.724L1606.51,410.435L1500.7,410.411L1500.67,380.7L1534.17,380.688L1553.6,399.799L1553.61,399.823ZM1594.68,389.701C1591.44,389.701 1588.82,392.327 1588.82,395.561C1588.82,398.796 1591.44,401.422 1594.68,401.422C1597.91,401.422 1600.54,398.796 1600.54,395.561C1600.54,392.327 1597.91,389.701 1594.68,389.701ZM1578.75,389.701C1575.52,389.701 1572.89,392.327 1572.89,395.561C1572.89,398.796 1575.52,401.422 1578.75,401.422C1581.98,401.422 1584.61,398.796 1584.61,395.561C1584.61,392.327 1581.98,389.701 1578.75,389.701Z\" style=\"fill:#00377b;\"><\/path>        <\/g>    <\/g><\/svg>\t\t\t\t\t\t<\/span>\n\t\t\t\t\t\t\t\t\t\t<span class=\"elementor-icon-list-text\"><\/span>\n\t\t\t\t\t\t\t\t\t\t\t<\/a>\n\t\t\t\t\t\t\t\t\t<\/li>\n\t\t\t\t\t\t\t\t<li class=\"elementor-icon-list-item elementor-inline-item\">\n\t\t\t\t\t\t\t\t\t\t\t<span class=\"elementor-icon-list-icon\">\n\t\t\t\t\t\t\t<svg xmlns=\"http:\/\/www.w3.org\/2000\/svg\" xmlns:xlink=\"http:\/\/www.w3.org\/1999\/xlink\" xmlns:serif=\"http:\/\/www.serif.com\/\" width=\"100%\" height=\"100%\" viewBox=\"0 0 280 227\" xml:space=\"preserve\" style=\"fill-rule:evenodd;clip-rule:evenodd;stroke-linejoin:round;stroke-miterlimit:2;\">    <g transform=\"matrix(1.37492,0,0,1.37492,0,-9.303051)\">        <path d=\"M97.238,150.928L97.238,27.664C72.37,10.881 44.682,4.206 19.813,7.642L19.813,130.906C44.682,127.47 72.37,134.145 97.238,150.928ZM106.41,150.928L106.41,27.664C131.277,10.881 158.966,4.206 183.835,7.642L183.835,130.906C158.966,127.47 131.277,134.145 106.41,150.928Z\" style=\"fill:#00377b;\"><\/path>    <\/g>    <g transform=\"matrix(1.37492,0,0,1.37492,0,-8.475674)\">        <path d=\"M0,37.088L0,171.265C30.851,160.206 65.472,156.117 97.082,170.713L97.082,154.762C80.414,145.421 40.388,138.421 11.342,151.755L11.342,33.568C7.508,34.584 3.72,35.754 0,37.088ZM192.305,33.568L192.305,151.755C163.26,138.421 123.234,145.421 106.566,154.762L106.566,170.713C138.175,156.117 172.797,160.206 203.648,171.265L203.648,37.088C199.928,35.754 196.14,34.584 192.305,33.568Z\" style=\"fill:#00377b;\"><\/path>    <\/g><\/svg>\t\t\t\t\t\t<\/span>\n\t\t\t\t\t\t\t\t\t\t<span class=\"elementor-icon-list-text\"><\/span>\n\t\t\t\t\t\t\t\t\t<\/li>\n\t\t\t\t\t\t<\/ul>\n\t\t\t\t\t\t<\/div>\n\t\t\t\t<\/div>\n\t\t<div class=\"elementor-element elementor-element-2cde18b e-con-full e-flex e-con e-child\" data-id=\"2cde18b\" data-element_type=\"container\" data-e-type=\"container\">\n\t\t\t\t<div class=\"elementor-element elementor-element-b77b688 elementor-widget elementor-widget-text-editor\" data-id=\"b77b688\" data-element_type=\"widget\" data-e-type=\"widget\" data-widget_type=\"text-editor.default\">\n\t\t\t\t\t\t\t\t\t<p><strong>RONDELLO<sup>\u00ae<\/sup><\/strong><br \/>Baumschutzsystem 2.0<\/p>\t\t\t\t\t\t\t\t<\/div>\n\t\t\t\t<\/div>\n\t\t\t\t<\/div>\n\t\t<div class=\"elementor-element elementor-element-accafe0 e-con-full e-flex e-con e-child\" data-id=\"accafe0\" data-element_type=\"container\" data-e-type=\"container\">\n\t\t\t\t<div class=\"elementor-element elementor-element-345ae34 elementor-widget elementor-widget-image\" data-id=\"345ae34\" data-element_type=\"widget\" data-e-type=\"widget\" data-widget_type=\"image.default\">\n\t\t\t\t\t\t\t\t\t\t\t\t\t\t\t\t<a href=\"https:\/\/blue-con.de\/mg-entwurf\/wp-content\/uploads\/2025\/12\/classico-flyer.pdf\" target=\"_blank\">\n\t\t\t\t\t\t\t<img decoding=\"async\" width=\"300\" height=\"424\" src=\"https:\/\/blue-con.de\/mg-entwurf\/wp-content\/uploads\/2025\/12\/classico-flyer.jpg\" class=\"attachment-full size-full wp-image-4443\" alt=\"Produktflyer CLASSICO Vorschaubild, um das zugeh\u00f6rige PDF in einem neuen Fenster zu \u00f6ffnen.\" srcset=\"https:\/\/blue-con.de\/mg-entwurf\/wp-content\/uploads\/2025\/12\/classico-flyer.jpg 300w, https:\/\/blue-con.de\/mg-entwurf\/wp-content\/uploads\/2025\/12\/classico-flyer-212x300.jpg 212w\" sizes=\"(max-width: 300px) 100vw, 300px\" \/>\t\t\t\t\t\t\t\t<\/a>\n\t\t\t\t\t\t\t\t\t\t\t\t\t\t\t<\/div>\n\t\t<div class=\"elementor-element elementor-element-8052a08 e-con-full e-flex e-con e-child\" data-id=\"8052a08\" data-element_type=\"container\" data-e-type=\"container\">\n\t\t\t\t<div class=\"elementor-element elementor-element-ae41d25 elementor-icon-list--layout-inline elementor-align-end elementor-list-item-link-full_width elementor-widget elementor-widget-icon-list\" data-id=\"ae41d25\" data-element_type=\"widget\" data-e-type=\"widget\" data-widget_type=\"icon-list.default\">\n\t\t\t\t\t\t\t<ul class=\"elementor-icon-list-items elementor-inline-items\">\n\t\t\t\t\t\t\t<li class=\"elementor-icon-list-item elementor-inline-item\">\n\t\t\t\t\t\t\t\t\t\t\t<a href=\"https:\/\/blue-con.de\/mg-entwurf\/wp-content\/uploads\/2025\/12\/classico-flyer.pdf\" target=\"_blank\">\n\n\t\t\t\t\t\t\t\t\t\t\t\t<span class=\"elementor-icon-list-icon\">\n\t\t\t\t\t\t\t<svg xmlns=\"http:\/\/www.w3.org\/2000\/svg\" xmlns:xlink=\"http:\/\/www.w3.org\/1999\/xlink\" xmlns:serif=\"http:\/\/www.serif.com\/\" width=\"100%\" height=\"100%\" viewBox=\"0 0 280 227\" xml:space=\"preserve\" style=\"fill-rule:evenodd;clip-rule:evenodd;stroke-linejoin:round;stroke-miterlimit:2;\">    <g transform=\"matrix(1,0,0,1,-384,-32.3)\">        <g transform=\"matrix(2.64475,0,0,2.64475,-3584.897,-827.040104)\">            <path d=\"M1553.61,386.39L1594.68,345.924L1566.41,345.946L1566.42,324.923L1540.79,324.923L1540.8,345.921L1512.54,345.9L1553.6,386.366\" style=\"fill:#00377b;\"><\/path>        <\/g>        <g transform=\"matrix(2.64475,0,0,2.64475,-3584.897,-826.197966)\">            <path d=\"M1553.61,399.823L1573.04,380.712L1606.54,380.724L1606.51,410.435L1500.7,410.411L1500.67,380.7L1534.17,380.688L1553.6,399.799L1553.61,399.823ZM1594.68,389.701C1591.44,389.701 1588.82,392.327 1588.82,395.561C1588.82,398.796 1591.44,401.422 1594.68,401.422C1597.91,401.422 1600.54,398.796 1600.54,395.561C1600.54,392.327 1597.91,389.701 1594.68,389.701ZM1578.75,389.701C1575.52,389.701 1572.89,392.327 1572.89,395.561C1572.89,398.796 1575.52,401.422 1578.75,401.422C1581.98,401.422 1584.61,398.796 1584.61,395.561C1584.61,392.327 1581.98,389.701 1578.75,389.701Z\" style=\"fill:#00377b;\"><\/path>        <\/g>    <\/g><\/svg>\t\t\t\t\t\t<\/span>\n\t\t\t\t\t\t\t\t\t\t<span class=\"elementor-icon-list-text\"><\/span>\n\t\t\t\t\t\t\t\t\t\t\t<\/a>\n\t\t\t\t\t\t\t\t\t<\/li>\n\t\t\t\t\t\t\t\t<li class=\"elementor-icon-list-item elementor-inline-item\">\n\t\t\t\t\t\t\t\t\t\t\t<span class=\"elementor-icon-list-icon\">\n\t\t\t\t\t\t\t<svg xmlns=\"http:\/\/www.w3.org\/2000\/svg\" xmlns:xlink=\"http:\/\/www.w3.org\/1999\/xlink\" xmlns:serif=\"http:\/\/www.serif.com\/\" width=\"100%\" height=\"100%\" viewBox=\"0 0 280 227\" xml:space=\"preserve\" style=\"fill-rule:evenodd;clip-rule:evenodd;stroke-linejoin:round;stroke-miterlimit:2;\">    <g transform=\"matrix(1.37492,0,0,1.37492,0,-9.303051)\">        <path d=\"M97.238,150.928L97.238,27.664C72.37,10.881 44.682,4.206 19.813,7.642L19.813,130.906C44.682,127.47 72.37,134.145 97.238,150.928ZM106.41,150.928L106.41,27.664C131.277,10.881 158.966,4.206 183.835,7.642L183.835,130.906C158.966,127.47 131.277,134.145 106.41,150.928Z\" style=\"fill:#00377b;\"><\/path>    <\/g>    <g transform=\"matrix(1.37492,0,0,1.37492,0,-8.475674)\">        <path d=\"M0,37.088L0,171.265C30.851,160.206 65.472,156.117 97.082,170.713L97.082,154.762C80.414,145.421 40.388,138.421 11.342,151.755L11.342,33.568C7.508,34.584 3.72,35.754 0,37.088ZM192.305,33.568L192.305,151.755C163.26,138.421 123.234,145.421 106.566,154.762L106.566,170.713C138.175,156.117 172.797,160.206 203.648,171.265L203.648,37.088C199.928,35.754 196.14,34.584 192.305,33.568Z\" style=\"fill:#00377b;\"><\/path>    <\/g><\/svg>\t\t\t\t\t\t<\/span>\n\t\t\t\t\t\t\t\t\t\t<span class=\"elementor-icon-list-text\"><\/span>\n\t\t\t\t\t\t\t\t\t<\/li>\n\t\t\t\t\t\t<\/ul>\n\t\t\t\t\t\t<\/div>\n\t\t\t\t<\/div>\n\t\t<div class=\"elementor-element elementor-element-67247f2 e-con-full e-flex e-con e-child\" data-id=\"67247f2\" data-element_type=\"container\" data-e-type=\"container\">\n\t\t\t\t<div class=\"elementor-element elementor-element-6696cd4 elementor-widget elementor-widget-text-editor\" data-id=\"6696cd4\" data-element_type=\"widget\" data-e-type=\"widget\" data-widget_type=\"text-editor.default\">\n\t\t\t\t\t\t\t\t\t<p><strong>CLASSICO<sup>\u00ae<\/sup><\/strong><br \/>Baumschutzsystem 2.0<\/p>\t\t\t\t\t\t\t\t<\/div>\n\t\t\t\t<\/div>\n\t\t\t\t<\/div>\n\t\t<div class=\"elementor-element elementor-element-59a9f70 e-con-full e-flex e-con e-child\" data-id=\"59a9f70\" data-element_type=\"container\" data-e-type=\"container\">\n\t\t\t\t<div class=\"elementor-element elementor-element-74b039f elementor-widget elementor-widget-image\" data-id=\"74b039f\" data-element_type=\"widget\" data-e-type=\"widget\" data-widget_type=\"image.default\">\n\t\t\t\t\t\t\t\t\t\t\t\t\t\t\t\t<a href=\"https:\/\/blue-con.de\/mg-entwurf\/wp-content\/uploads\/2025\/12\/lateral-flyer.pdf\" target=\"_blank\">\n\t\t\t\t\t\t\t<img decoding=\"async\" width=\"300\" height=\"424\" src=\"https:\/\/blue-con.de\/mg-entwurf\/wp-content\/uploads\/2025\/12\/lateral-flyer.jpg\" class=\"attachment-full size-full wp-image-4453\" alt=\"Produktflyer LATERAL Vorschaubild, um das zugeh\u00f6rige PDF in einem neuen Fenster zu \u00f6ffnen.\" srcset=\"https:\/\/blue-con.de\/mg-entwurf\/wp-content\/uploads\/2025\/12\/lateral-flyer.jpg 300w, https:\/\/blue-con.de\/mg-entwurf\/wp-content\/uploads\/2025\/12\/lateral-flyer-212x300.jpg 212w\" sizes=\"(max-width: 300px) 100vw, 300px\" \/>\t\t\t\t\t\t\t\t<\/a>\n\t\t\t\t\t\t\t\t\t\t\t\t\t\t\t<\/div>\n\t\t<div class=\"elementor-element elementor-element-854b03d e-con-full e-flex e-con e-child\" data-id=\"854b03d\" data-element_type=\"container\" data-e-type=\"container\">\n\t\t\t\t<div class=\"elementor-element elementor-element-0e015f5 elementor-icon-list--layout-inline elementor-align-end elementor-list-item-link-full_width elementor-widget elementor-widget-icon-list\" data-id=\"0e015f5\" data-element_type=\"widget\" data-e-type=\"widget\" data-widget_type=\"icon-list.default\">\n\t\t\t\t\t\t\t<ul class=\"elementor-icon-list-items elementor-inline-items\">\n\t\t\t\t\t\t\t<li class=\"elementor-icon-list-item elementor-inline-item\">\n\t\t\t\t\t\t\t\t\t\t\t<a href=\"https:\/\/blue-con.de\/mg-entwurf\/wp-content\/uploads\/2025\/12\/lateral-flyer.pdf\" target=\"_blank\">\n\n\t\t\t\t\t\t\t\t\t\t\t\t<span class=\"elementor-icon-list-icon\">\n\t\t\t\t\t\t\t<svg xmlns=\"http:\/\/www.w3.org\/2000\/svg\" xmlns:xlink=\"http:\/\/www.w3.org\/1999\/xlink\" xmlns:serif=\"http:\/\/www.serif.com\/\" width=\"100%\" height=\"100%\" viewBox=\"0 0 280 227\" xml:space=\"preserve\" style=\"fill-rule:evenodd;clip-rule:evenodd;stroke-linejoin:round;stroke-miterlimit:2;\">    <g transform=\"matrix(1,0,0,1,-384,-32.3)\">        <g transform=\"matrix(2.64475,0,0,2.64475,-3584.897,-827.040104)\">            <path d=\"M1553.61,386.39L1594.68,345.924L1566.41,345.946L1566.42,324.923L1540.79,324.923L1540.8,345.921L1512.54,345.9L1553.6,386.366\" style=\"fill:#00377b;\"><\/path>        <\/g>        <g transform=\"matrix(2.64475,0,0,2.64475,-3584.897,-826.197966)\">            <path d=\"M1553.61,399.823L1573.04,380.712L1606.54,380.724L1606.51,410.435L1500.7,410.411L1500.67,380.7L1534.17,380.688L1553.6,399.799L1553.61,399.823ZM1594.68,389.701C1591.44,389.701 1588.82,392.327 1588.82,395.561C1588.82,398.796 1591.44,401.422 1594.68,401.422C1597.91,401.422 1600.54,398.796 1600.54,395.561C1600.54,392.327 1597.91,389.701 1594.68,389.701ZM1578.75,389.701C1575.52,389.701 1572.89,392.327 1572.89,395.561C1572.89,398.796 1575.52,401.422 1578.75,401.422C1581.98,401.422 1584.61,398.796 1584.61,395.561C1584.61,392.327 1581.98,389.701 1578.75,389.701Z\" style=\"fill:#00377b;\"><\/path>        <\/g>    <\/g><\/svg>\t\t\t\t\t\t<\/span>\n\t\t\t\t\t\t\t\t\t\t<span class=\"elementor-icon-list-text\"><\/span>\n\t\t\t\t\t\t\t\t\t\t\t<\/a>\n\t\t\t\t\t\t\t\t\t<\/li>\n\t\t\t\t\t\t\t\t<li class=\"elementor-icon-list-item elementor-inline-item\">\n\t\t\t\t\t\t\t\t\t\t\t<span class=\"elementor-icon-list-icon\">\n\t\t\t\t\t\t\t<svg xmlns=\"http:\/\/www.w3.org\/2000\/svg\" xmlns:xlink=\"http:\/\/www.w3.org\/1999\/xlink\" xmlns:serif=\"http:\/\/www.serif.com\/\" width=\"100%\" height=\"100%\" viewBox=\"0 0 280 227\" xml:space=\"preserve\" style=\"fill-rule:evenodd;clip-rule:evenodd;stroke-linejoin:round;stroke-miterlimit:2;\">    <g transform=\"matrix(1.37492,0,0,1.37492,0,-9.303051)\">        <path d=\"M97.238,150.928L97.238,27.664C72.37,10.881 44.682,4.206 19.813,7.642L19.813,130.906C44.682,127.47 72.37,134.145 97.238,150.928ZM106.41,150.928L106.41,27.664C131.277,10.881 158.966,4.206 183.835,7.642L183.835,130.906C158.966,127.47 131.277,134.145 106.41,150.928Z\" style=\"fill:#00377b;\"><\/path>    <\/g>    <g transform=\"matrix(1.37492,0,0,1.37492,0,-8.475674)\">        <path d=\"M0,37.088L0,171.265C30.851,160.206 65.472,156.117 97.082,170.713L97.082,154.762C80.414,145.421 40.388,138.421 11.342,151.755L11.342,33.568C7.508,34.584 3.72,35.754 0,37.088ZM192.305,33.568L192.305,151.755C163.26,138.421 123.234,145.421 106.566,154.762L106.566,170.713C138.175,156.117 172.797,160.206 203.648,171.265L203.648,37.088C199.928,35.754 196.14,34.584 192.305,33.568Z\" style=\"fill:#00377b;\"><\/path>    <\/g><\/svg>\t\t\t\t\t\t<\/span>\n\t\t\t\t\t\t\t\t\t\t<span class=\"elementor-icon-list-text\"><\/span>\n\t\t\t\t\t\t\t\t\t<\/li>\n\t\t\t\t\t\t<\/ul>\n\t\t\t\t\t\t<\/div>\n\t\t\t\t<\/div>\n\t\t<div class=\"elementor-element elementor-element-dc383a9 e-con-full e-flex e-con e-child\" data-id=\"dc383a9\" data-element_type=\"container\" data-e-type=\"container\">\n\t\t\t\t<div class=\"elementor-element elementor-element-6985833 elementor-widget elementor-widget-text-editor\" data-id=\"6985833\" data-element_type=\"widget\" data-e-type=\"widget\" data-widget_type=\"text-editor.default\">\n\t\t\t\t\t\t\t\t\t<p><strong>LATERAL<sup>\u00ae<\/sup><\/strong><br \/>Baumschutzsystem 2.0<\/p>\t\t\t\t\t\t\t\t<\/div>\n\t\t\t\t<\/div>\n\t\t\t\t<\/div>\n\t\t<div class=\"elementor-element elementor-element-ec15ab2 e-con-full e-flex e-con e-child\" data-id=\"ec15ab2\" data-element_type=\"container\" data-e-type=\"container\">\n\t\t\t\t<div class=\"elementor-element elementor-element-9da385a elementor-widget elementor-widget-image\" data-id=\"9da385a\" data-element_type=\"widget\" data-e-type=\"widget\" data-widget_type=\"image.default\">\n\t\t\t\t\t\t\t\t\t\t\t\t\t\t\t\t<a href=\"https:\/\/blue-con.de\/mg-entwurf\/wp-content\/uploads\/2025\/12\/flaechenbaumschutz.pdf\" target=\"_blank\">\n\t\t\t\t\t\t\t<img loading=\"lazy\" decoding=\"async\" width=\"300\" height=\"424\" src=\"https:\/\/blue-con.de\/mg-entwurf\/wp-content\/uploads\/2025\/12\/flaechenbaumschutz.jpg\" class=\"attachment-full size-full wp-image-4447\" alt=\"Flyer Baumschutz-Fl\u00e4chenrostsysteme 2.0 Vorschaubild, um das zugeh\u00f6rige PDF in einem neuen Fenster zu \u00f6ffnen.\" srcset=\"https:\/\/blue-con.de\/mg-entwurf\/wp-content\/uploads\/2025\/12\/flaechenbaumschutz.jpg 300w, https:\/\/blue-con.de\/mg-entwurf\/wp-content\/uploads\/2025\/12\/flaechenbaumschutz-212x300.jpg 212w\" sizes=\"(max-width: 300px) 100vw, 300px\" \/>\t\t\t\t\t\t\t\t<\/a>\n\t\t\t\t\t\t\t\t\t\t\t\t\t\t\t<\/div>\n\t\t<div class=\"elementor-element elementor-element-582f779 e-con-full e-flex e-con e-child\" data-id=\"582f779\" data-element_type=\"container\" data-e-type=\"container\">\n\t\t\t\t<div class=\"elementor-element elementor-element-0785d9a elementor-icon-list--layout-inline elementor-align-end elementor-list-item-link-full_width elementor-widget elementor-widget-icon-list\" data-id=\"0785d9a\" data-element_type=\"widget\" data-e-type=\"widget\" data-widget_type=\"icon-list.default\">\n\t\t\t\t\t\t\t<ul class=\"elementor-icon-list-items elementor-inline-items\">\n\t\t\t\t\t\t\t<li class=\"elementor-icon-list-item elementor-inline-item\">\n\t\t\t\t\t\t\t\t\t\t\t<a href=\"https:\/\/blue-con.de\/mg-entwurf\/wp-content\/uploads\/2025\/12\/flaechenbaumschutz.pdf\" target=\"_blank\">\n\n\t\t\t\t\t\t\t\t\t\t\t\t<span class=\"elementor-icon-list-icon\">\n\t\t\t\t\t\t\t<svg xmlns=\"http:\/\/www.w3.org\/2000\/svg\" xmlns:xlink=\"http:\/\/www.w3.org\/1999\/xlink\" xmlns:serif=\"http:\/\/www.serif.com\/\" width=\"100%\" height=\"100%\" viewBox=\"0 0 280 227\" xml:space=\"preserve\" style=\"fill-rule:evenodd;clip-rule:evenodd;stroke-linejoin:round;stroke-miterlimit:2;\">    <g transform=\"matrix(1,0,0,1,-384,-32.3)\">        <g transform=\"matrix(2.64475,0,0,2.64475,-3584.897,-827.040104)\">            <path d=\"M1553.61,386.39L1594.68,345.924L1566.41,345.946L1566.42,324.923L1540.79,324.923L1540.8,345.921L1512.54,345.9L1553.6,386.366\" style=\"fill:#00377b;\"><\/path>        <\/g>        <g transform=\"matrix(2.64475,0,0,2.64475,-3584.897,-826.197966)\">            <path d=\"M1553.61,399.823L1573.04,380.712L1606.54,380.724L1606.51,410.435L1500.7,410.411L1500.67,380.7L1534.17,380.688L1553.6,399.799L1553.61,399.823ZM1594.68,389.701C1591.44,389.701 1588.82,392.327 1588.82,395.561C1588.82,398.796 1591.44,401.422 1594.68,401.422C1597.91,401.422 1600.54,398.796 1600.54,395.561C1600.54,392.327 1597.91,389.701 1594.68,389.701ZM1578.75,389.701C1575.52,389.701 1572.89,392.327 1572.89,395.561C1572.89,398.796 1575.52,401.422 1578.75,401.422C1581.98,401.422 1584.61,398.796 1584.61,395.561C1584.61,392.327 1581.98,389.701 1578.75,389.701Z\" style=\"fill:#00377b;\"><\/path>        <\/g>    <\/g><\/svg>\t\t\t\t\t\t<\/span>\n\t\t\t\t\t\t\t\t\t\t<span class=\"elementor-icon-list-text\"><\/span>\n\t\t\t\t\t\t\t\t\t\t\t<\/a>\n\t\t\t\t\t\t\t\t\t<\/li>\n\t\t\t\t\t\t\t\t<li class=\"elementor-icon-list-item elementor-inline-item\">\n\t\t\t\t\t\t\t\t\t\t\t<span class=\"elementor-icon-list-icon\">\n\t\t\t\t\t\t\t<svg xmlns=\"http:\/\/www.w3.org\/2000\/svg\" xmlns:xlink=\"http:\/\/www.w3.org\/1999\/xlink\" xmlns:serif=\"http:\/\/www.serif.com\/\" width=\"100%\" height=\"100%\" viewBox=\"0 0 280 227\" xml:space=\"preserve\" style=\"fill-rule:evenodd;clip-rule:evenodd;stroke-linejoin:round;stroke-miterlimit:2;\">    <g transform=\"matrix(1.37492,0,0,1.37492,0,-9.303051)\">        <path d=\"M97.238,150.928L97.238,27.664C72.37,10.881 44.682,4.206 19.813,7.642L19.813,130.906C44.682,127.47 72.37,134.145 97.238,150.928ZM106.41,150.928L106.41,27.664C131.277,10.881 158.966,4.206 183.835,7.642L183.835,130.906C158.966,127.47 131.277,134.145 106.41,150.928Z\" style=\"fill:#00377b;\"><\/path>    <\/g>    <g transform=\"matrix(1.37492,0,0,1.37492,0,-8.475674)\">        <path d=\"M0,37.088L0,171.265C30.851,160.206 65.472,156.117 97.082,170.713L97.082,154.762C80.414,145.421 40.388,138.421 11.342,151.755L11.342,33.568C7.508,34.584 3.72,35.754 0,37.088ZM192.305,33.568L192.305,151.755C163.26,138.421 123.234,145.421 106.566,154.762L106.566,170.713C138.175,156.117 172.797,160.206 203.648,171.265L203.648,37.088C199.928,35.754 196.14,34.584 192.305,33.568Z\" style=\"fill:#00377b;\"><\/path>    <\/g><\/svg>\t\t\t\t\t\t<\/span>\n\t\t\t\t\t\t\t\t\t\t<span class=\"elementor-icon-list-text\"><\/span>\n\t\t\t\t\t\t\t\t\t<\/li>\n\t\t\t\t\t\t<\/ul>\n\t\t\t\t\t\t<\/div>\n\t\t\t\t<\/div>\n\t\t<div class=\"elementor-element elementor-element-f393cf2 e-con-full e-flex e-con e-child\" data-id=\"f393cf2\" data-element_type=\"container\" data-e-type=\"container\">\n\t\t\t\t<div class=\"elementor-element elementor-element-bb85636 elementor-widget elementor-widget-text-editor\" data-id=\"bb85636\" data-element_type=\"widget\" data-e-type=\"widget\" data-widget_type=\"text-editor.default\">\n\t\t\t\t\t\t\t\t\t<p><strong>Fl\u00e4chenrost \u2013 Systeme<\/strong><br \/>Baumschutzsystem 2.0<\/p>\t\t\t\t\t\t\t\t<\/div>\n\t\t\t\t<\/div>\n\t\t\t\t<\/div>\n\t\t\t\t\t<\/div>\n\t\t\t\t<\/div>\n\t\t\t\t<\/div>\n\t\t","protected":false},"excerpt":{"rendered":"<p>RONDELLO\u00aeBaumschutzsystem 2.0 CLASSICO\u00aeBaumschutzsystem 2.0 LATERAL\u00aeBaumschutzsystem 2.0 Fl\u00e4chenrost \u2013 SystemeBaumschutzsystem 2.0<\/p>\n","protected":false},"author":1,"featured_media":0,"parent":0,"menu_order":0,"comment_status":"closed","ping_status":"closed","template":"elementor_header_footer","meta":{"footnotes":""},"class_list":["post-5157","page","type-page","status-publish","hentry"],"_links":{"self":[{"href":"https:\/\/blue-con.de\/mg-entwurf\/wp-json\/wp\/v2\/pages\/5157","targetHints":{"allow":["GET"]}}],"collection":[{"href":"https:\/\/blue-con.de\/mg-entwurf\/wp-json\/wp\/v2\/pages"}],"about":[{"href":"https:\/\/blue-con.de\/mg-entwurf\/wp-json\/wp\/v2\/types\/page"}],"author":[{"embeddable":true,"href":"https:\/\/blue-con.de\/mg-entwurf\/wp-json\/wp\/v2\/users\/1"}],"replies":[{"embeddable":true,"href":"https:\/\/blue-con.de\/mg-entwurf\/wp-json\/wp\/v2\/comments?post=5157"}],"version-history":[{"count":10,"href":"https:\/\/blue-con.de\/mg-entwurf\/wp-json\/wp\/v2\/pages\/5157\/revisions"}],"predecessor-version":[{"id":5338,"href":"https:\/\/blue-con.de\/mg-entwurf\/wp-json\/wp\/v2\/pages\/5157\/revisions\/5338"}],"wp:attachment":[{"href":"https:\/\/blue-con.de\/mg-entwurf\/wp-json\/wp\/v2\/media?parent=5157"}],"curies":[{"name":"wp","href":"https:\/\/api.w.org\/{rel}","templated":true}]}}