{"id":3610,"date":"2025-11-17T09:07:08","date_gmt":"2025-11-17T08:07:08","guid":{"rendered":"https:\/\/blue-con.de\/mg-entwurf\/?page_id=3610"},"modified":"2025-11-18T08:56:17","modified_gmt":"2025-11-18T07:56:17","slug":"referenz-oberstdorf","status":"publish","type":"page","link":"https:\/\/blue-con.de\/mg-entwurf\/referenz-oberstdorf\/","title":{"rendered":"Referenz-Oberstdorf"},"content":{"rendered":"\t\t<div data-elementor-type=\"wp-page\" data-elementor-id=\"3610\" class=\"elementor elementor-3610\" data-elementor-post-type=\"page\">\n\t\t\t\t<div class=\"elementor-element elementor-element-1fdf9677 e-flex e-con-boxed e-con e-parent\" data-id=\"1fdf9677\" data-element_type=\"container\" data-e-type=\"container\">\n\t\t\t\t\t<div class=\"e-con-inner\">\n\t\t<div class=\"elementor-element elementor-element-1c6c8b5c e-con-full e-flex e-con e-child\" data-id=\"1c6c8b5c\" data-element_type=\"container\" data-e-type=\"container\">\n\t\t\t\t<div class=\"elementor-element elementor-element-23a2887c elementor-view-default elementor-widget elementor-widget-icon\" data-id=\"23a2887c\" data-element_type=\"widget\" data-e-type=\"widget\" data-widget_type=\"icon.default\">\n\t\t\t\t\t\t\t<div class=\"elementor-icon-wrapper\">\n\t\t\t<a class=\"elementor-icon\" href=\"https:\/\/blue-con.de\/mg-entwurf\/referenzobjekte\/\">\n\t\t\t<svg xmlns=\"http:\/\/www.w3.org\/2000\/svg\" xmlns:xlink=\"http:\/\/www.w3.org\/1999\/xlink\" xmlns:serif=\"http:\/\/www.serif.com\/\" width=\"100%\" height=\"100%\" viewBox=\"0 0 587 600\" xml:space=\"preserve\" style=\"fill-rule:evenodd;clip-rule:evenodd;stroke-linejoin:round;stroke-miterlimit:2;\"> <g transform=\"matrix(1,0,0,1,-101.219,-134.2)\"> <g transform=\"matrix(-1,0,0,1,789.007,0)\"> <path d=\"M411.126,650.523C293.331,657.816 191.587,567.881 184.314,450.089C177.042,332.296 266.956,230.548 384.748,223.276C433.548,220.266 481.308,233.985 520.668,261.555L465.276,326.978L687.788,349.887L628.499,134.2L574.258,198.262C518.564,157.076 449.893,136.421 379.654,140.759C339.693,143.226 301.39,153.456 265.808,171.166C231.46,188.261 201.111,211.563 175.606,240.425C150.101,269.287 130.709,302.271 117.969,338.461C104.771,375.952 99.329,415.222 101.797,455.183C104.264,495.143 114.494,533.447 132.204,569.029C149.299,603.378 172.601,633.726 201.463,659.231C230.325,684.736 263.309,704.129 299.499,716.868C331.134,728.005 364.033,733.618 397.548,733.618C403.752,733.618 409.98,733.426 416.221,733.041C479.657,729.124 538.934,705.614 587.645,665.054C611.065,645.553 631.287,622.662 647.75,597.015C664.425,571.039 676.881,542.793 684.771,513.063L604.863,491.855C581.187,581.066 503.33,644.831 411.126,650.523Z\" style=\"fill-rule:nonzero;\"><\/path> <\/g> <\/g> <\/svg>\t\t\t<\/a>\n\t\t<\/div>\n\t\t\t\t\t\t<\/div>\n\t\t\t\t<\/div>\n\t\t<div class=\"elementor-element elementor-element-2ac2851d e-con-full e-flex e-con e-child\" data-id=\"2ac2851d\" data-element_type=\"container\" data-e-type=\"container\">\n\t\t\t\t<div class=\"elementor-element elementor-element-4e58bd22 elementor-view-default elementor-widget elementor-widget-icon\" data-id=\"4e58bd22\" data-element_type=\"widget\" data-e-type=\"widget\" data-widget_type=\"icon.default\">\n\t\t\t\t\t\t\t<div class=\"elementor-icon-wrapper\">\n\t\t\t<a class=\"elementor-icon\" href=\"https:\/\/blue-con.de\/mg-entwurf\/referenz-nacka-schweden\/\">\n\t\t\t<svg xmlns=\"http:\/\/www.w3.org\/2000\/svg\" xmlns:xlink=\"http:\/\/www.w3.org\/1999\/xlink\" xmlns:serif=\"http:\/\/www.serif.com\/\" width=\"100%\" height=\"100%\" viewBox=\"0 0 200 200\" xml:space=\"preserve\" style=\"fill-rule:evenodd;clip-rule:evenodd;stroke-linejoin:round;stroke-miterlimit:2;\"> <g transform=\"matrix(6.12323e-17,-1,1,6.12323e-17,-2.84217e-14,200)\"> <g transform=\"matrix(-5.37786e-17,-0.878272,0.878272,-5.37786e-17,-699.876,4071.73)\"> <path d=\"M4636.07,910.741L4533.6,796.879L4533.6,859.502L4448.2,859.502L4482.36,910.741L4448.2,961.976L4532.87,961.976L4533.6,1024.6L4636.07,910.741Z\" style=\"fill-rule:nonzero;\"><\/path> <\/g> <g transform=\"matrix(1,0,0,1,0,15)\"> <path d=\"M55,170L100,140L145,170L145,185L55,185L55,170Z\"><\/path> <\/g> <\/g> <\/svg>\t\t\t<\/a>\n\t\t<\/div>\n\t\t\t\t\t\t<\/div>\n\t\t\t\t<\/div>\n\t\t<div class=\"elementor-element elementor-element-5b1473e8 e-con-full e-flex e-con e-child\" data-id=\"5b1473e8\" data-element_type=\"container\" data-e-type=\"container\">\n\t\t\t\t<div class=\"elementor-element elementor-element-5c430ca0 elementor-view-default elementor-widget elementor-widget-icon\" data-id=\"5c430ca0\" data-element_type=\"widget\" data-e-type=\"widget\" data-widget_type=\"icon.default\">\n\t\t\t\t\t\t\t<div class=\"elementor-icon-wrapper\">\n\t\t\t<a class=\"elementor-icon\" href=\"https:\/\/blue-con.de\/mg-entwurf\/referenz-pfaeffikon-schweiz\/\">\n\t\t\t<svg xmlns=\"http:\/\/www.w3.org\/2000\/svg\" xmlns:xlink=\"http:\/\/www.w3.org\/1999\/xlink\" xmlns:serif=\"http:\/\/www.serif.com\/\" width=\"100%\" height=\"100%\" viewBox=\"0 0 200 200\" xml:space=\"preserve\" style=\"fill-rule:evenodd;clip-rule:evenodd;stroke-linejoin:round;stroke-miterlimit:2;\"> <g transform=\"matrix(6.12323e-17,1,-1,6.12323e-17,200,0)\"> <g transform=\"matrix(-5.37786e-17,-0.878272,0.878272,-5.37786e-17,-699.876,4071.73)\"> <path d=\"M4636.07,910.741L4533.6,796.879L4533.6,859.502L4448.2,859.502L4482.36,910.741L4448.2,961.976L4532.87,961.976L4533.6,1024.6L4636.07,910.741Z\" style=\"fill-rule:nonzero;\"><\/path> <\/g> <g transform=\"matrix(1,0,0,1,0,15)\"> <path d=\"M55,170L100,140L145,170L145,185L55,185L55,170Z\"><\/path> <\/g> <\/g> <\/svg>\t\t\t<\/a>\n\t\t<\/div>\n\t\t\t\t\t\t<\/div>\n\t\t\t\t<\/div>\n\t\t\t\t\t<\/div>\n\t\t\t\t<\/div>\n\t\t<div class=\"elementor-element elementor-element-042b181 e-flex e-con-boxed e-con e-parent\" data-id=\"042b181\" data-element_type=\"container\" data-e-type=\"container\">\n\t\t\t\t\t<div class=\"e-con-inner\">\n\t\t<div class=\"elementor-element elementor-element-815e2b3 e-con-full e-flex e-con e-child\" data-id=\"815e2b3\" data-element_type=\"container\" data-e-type=\"container\">\n\t\t\t\t<div class=\"elementor-element elementor-element-6f4d1c8 elementor-widget elementor-widget-image\" data-id=\"6f4d1c8\" data-element_type=\"widget\" data-e-type=\"widget\" data-widget_type=\"image.default\">\n\t\t\t\t\t\t\t\t\t\t\t\t\t\t\t<img fetchpriority=\"high\" decoding=\"async\" width=\"587\" height=\"1000\" src=\"https:\/\/blue-con.de\/mg-entwurf\/wp-content\/uploads\/2025\/11\/oberstorf-001.jpg\" class=\"attachment-full size-full wp-image-3607\" alt=\"\" srcset=\"https:\/\/blue-con.de\/mg-entwurf\/wp-content\/uploads\/2025\/11\/oberstorf-001.jpg 587w, https:\/\/blue-con.de\/mg-entwurf\/wp-content\/uploads\/2025\/11\/oberstorf-001-176x300.jpg 176w\" sizes=\"(max-width: 587px) 100vw, 587px\" \/>\t\t\t\t\t\t\t\t\t\t\t\t\t\t\t<\/div>\n\t\t\t\t<\/div>\n\t\t<div class=\"elementor-element elementor-element-506172c e-con-full e-flex e-con e-child\" data-id=\"506172c\" data-element_type=\"container\" data-e-type=\"container\">\n\t\t\t\t<div class=\"elementor-element elementor-element-1aa6b4b elementor-widget elementor-widget-image\" data-id=\"1aa6b4b\" data-element_type=\"widget\" data-e-type=\"widget\" data-widget_type=\"image.default\">\n\t\t\t\t\t\t\t\t\t\t\t\t\t\t\t<img decoding=\"async\" width=\"358\" height=\"440\" src=\"https:\/\/blue-con.de\/mg-entwurf\/wp-content\/uploads\/2025\/11\/ahornblatt-mit-schatten.svg\" class=\"attachment-full size-full wp-image-2886\" alt=\"Ahornblatt\" \/>\t\t\t\t\t\t\t\t\t\t\t\t\t\t\t<\/div>\n\t\t\t\t<div class=\"elementor-element elementor-element-b08e05e elementor-widget elementor-widget-heading\" data-id=\"b08e05e\" data-element_type=\"widget\" data-e-type=\"widget\" data-widget_type=\"heading.default\">\n\t\t\t\t\t<h1 class=\"elementor-heading-title elementor-size-default\">Oberstdorf<\/h1>\t\t\t\t<\/div>\n\t\t\t\t<div class=\"elementor-element elementor-element-7bb9616 elementor-widget elementor-widget-text-editor\" data-id=\"7bb9616\" data-element_type=\"widget\" data-e-type=\"widget\" data-widget_type=\"text-editor.default\">\n\t\t\t\t\t\t\t\t\t<p>Im Zuge der Neugestaltung des Ortszentrums wurden an die Baumscheibenabdeckungen besondere Anforderungen gestellt, da sich die Baumstandorte neben der Fahrbahn befinden und auch die Parksituation verbessert werden sollte.<\/p><p>Das 2.0 System gew\u00e4hrleistet eine Belastbarkeit bis 50 kN bei freitragender Konstruktion. Somit ist die M\u00f6glichkeit der vollen Entfaltung des Baumes sichergestellt, da keine st\u00f6rende Stahlunterkonstruktion notwendig ist.<\/p><ul><li>Neugestaltung Ortszentrum Markt Oberstdorf<\/li><li>Modernisierungsma\u00dfnahme Nebelhornstra\u00dfe<\/li><li>Baumroste Radialdesign RONDELLO<sup>\u00ae<\/sup> 2.0 inklusive Stammschutzgitter LIGERO\u00ae<\/li><li>Gr\u00f6\u00dfe 2.000 x 2.000 mm<\/li><\/ul>\t\t\t\t\t\t\t\t<\/div>\n\t\t\t\t<\/div>\n\t\t\t\t\t<\/div>\n\t\t\t\t<\/div>\n\t\t<div class=\"elementor-element elementor-element-0ee71e6 e-flex e-con-boxed e-con e-parent\" data-id=\"0ee71e6\" data-element_type=\"container\" data-e-type=\"container\">\n\t\t\t\t\t<div class=\"e-con-inner\">\n\t\t<div class=\"elementor-element elementor-element-117b8fe e-con-full e-flex e-con e-child\" data-id=\"117b8fe\" data-element_type=\"container\" data-e-type=\"container\">\n\t\t\t\t<div class=\"elementor-element elementor-element-2b7de51 e-transform elementor-widget elementor-widget-image\" data-id=\"2b7de51\" data-element_type=\"widget\" data-e-type=\"widget\" data-settings=\"{&quot;_transform_translateX_effect&quot;:{&quot;unit&quot;:&quot;px&quot;,&quot;size&quot;:72,&quot;sizes&quot;:[]},&quot;_transform_translateX_effect_mobile&quot;:{&quot;unit&quot;:&quot;px&quot;,&quot;size&quot;:0,&quot;sizes&quot;:[]},&quot;_transform_translateY_effect_tablet&quot;:{&quot;unit&quot;:&quot;px&quot;,&quot;size&quot;:63,&quot;sizes&quot;:[]},&quot;_transform_translateY_effect_mobile&quot;:{&quot;unit&quot;:&quot;px&quot;,&quot;size&quot;:0,&quot;sizes&quot;:[]},&quot;_transform_translateX_effect_widescreen&quot;:{&quot;unit&quot;:&quot;px&quot;,&quot;size&quot;:&quot;&quot;,&quot;sizes&quot;:[]},&quot;_transform_translateX_effect_laptop&quot;:{&quot;unit&quot;:&quot;px&quot;,&quot;size&quot;:&quot;&quot;,&quot;sizes&quot;:[]},&quot;_transform_translateX_effect_tablet_extra&quot;:{&quot;unit&quot;:&quot;px&quot;,&quot;size&quot;:&quot;&quot;,&quot;sizes&quot;:[]},&quot;_transform_translateX_effect_tablet&quot;:{&quot;unit&quot;:&quot;px&quot;,&quot;size&quot;:&quot;&quot;,&quot;sizes&quot;:[]},&quot;_transform_translateX_effect_mobile_extra&quot;:{&quot;unit&quot;:&quot;px&quot;,&quot;size&quot;:&quot;&quot;,&quot;sizes&quot;:[]},&quot;_transform_translateY_effect&quot;:{&quot;unit&quot;:&quot;px&quot;,&quot;size&quot;:&quot;&quot;,&quot;sizes&quot;:[]},&quot;_transform_translateY_effect_widescreen&quot;:{&quot;unit&quot;:&quot;px&quot;,&quot;size&quot;:&quot;&quot;,&quot;sizes&quot;:[]},&quot;_transform_translateY_effect_laptop&quot;:{&quot;unit&quot;:&quot;px&quot;,&quot;size&quot;:&quot;&quot;,&quot;sizes&quot;:[]},&quot;_transform_translateY_effect_tablet_extra&quot;:{&quot;unit&quot;:&quot;px&quot;,&quot;size&quot;:&quot;&quot;,&quot;sizes&quot;:[]},&quot;_transform_translateY_effect_mobile_extra&quot;:{&quot;unit&quot;:&quot;px&quot;,&quot;size&quot;:&quot;&quot;,&quot;sizes&quot;:[]}}\" data-widget_type=\"image.default\">\n\t\t\t\t\t\t\t\t\t\t\t\t\t\t\t<img decoding=\"async\" width=\"847\" height=\"534\" src=\"https:\/\/blue-con.de\/mg-entwurf\/wp-content\/uploads\/2025\/11\/oberstorf-002.jpg\" class=\"attachment-full size-full wp-image-3608\" alt=\"\" srcset=\"https:\/\/blue-con.de\/mg-entwurf\/wp-content\/uploads\/2025\/11\/oberstorf-002.jpg 847w, https:\/\/blue-con.de\/mg-entwurf\/wp-content\/uploads\/2025\/11\/oberstorf-002-300x189.jpg 300w, https:\/\/blue-con.de\/mg-entwurf\/wp-content\/uploads\/2025\/11\/oberstorf-002-768x484.jpg 768w\" sizes=\"(max-width: 847px) 100vw, 847px\" \/>\t\t\t\t\t\t\t\t\t\t\t\t\t\t\t<\/div>\n\t\t\t\t<\/div>\n\t\t<div class=\"elementor-element elementor-element-0e6e296 e-con-full e-flex e-con e-child\" data-id=\"0e6e296\" data-element_type=\"container\" data-e-type=\"container\">\n\t\t\t\t<div class=\"elementor-element elementor-element-f5b28c0 elementor-widget elementor-widget-image\" data-id=\"f5b28c0\" data-element_type=\"widget\" data-e-type=\"widget\" data-widget_type=\"image.default\">\n\t\t\t\t\t\t\t\t\t\t\t\t\t\t\t<img loading=\"lazy\" decoding=\"async\" width=\"991\" height=\"1000\" src=\"https:\/\/blue-con.de\/mg-entwurf\/wp-content\/uploads\/2025\/11\/oberstorf-003.jpg\" class=\"attachment-full size-full wp-image-3609\" alt=\"\" srcset=\"https:\/\/blue-con.de\/mg-entwurf\/wp-content\/uploads\/2025\/11\/oberstorf-003.jpg 991w, https:\/\/blue-con.de\/mg-entwurf\/wp-content\/uploads\/2025\/11\/oberstorf-003-297x300.jpg 297w, https:\/\/blue-con.de\/mg-entwurf\/wp-content\/uploads\/2025\/11\/oberstorf-003-150x150.jpg 150w, https:\/\/blue-con.de\/mg-entwurf\/wp-content\/uploads\/2025\/11\/oberstorf-003-768x775.jpg 768w\" sizes=\"(max-width: 991px) 100vw, 991px\" \/>\t\t\t\t\t\t\t\t\t\t\t\t\t\t\t<\/div>\n\t\t\t\t<\/div>\n\t\t\t\t\t<\/div>\n\t\t\t\t<\/div>\n\t\t<div class=\"elementor-element elementor-element-7fd296e2 e-flex e-con-boxed e-con e-parent\" data-id=\"7fd296e2\" data-element_type=\"container\" data-e-type=\"container\">\n\t\t\t\t\t<div class=\"e-con-inner\">\n\t\t<div class=\"elementor-element elementor-element-3dc174b0 e-con-full e-flex e-con e-child\" data-id=\"3dc174b0\" data-element_type=\"container\" data-e-type=\"container\">\n\t\t\t\t<div class=\"elementor-element elementor-element-76d304cf elementor-view-default elementor-widget elementor-widget-icon\" data-id=\"76d304cf\" data-element_type=\"widget\" data-e-type=\"widget\" data-widget_type=\"icon.default\">\n\t\t\t\t\t\t\t<div class=\"elementor-icon-wrapper\">\n\t\t\t<a class=\"elementor-icon\" href=\"https:\/\/blue-con.de\/mg-entwurf\/referenzobjekte\/\">\n\t\t\t<svg xmlns=\"http:\/\/www.w3.org\/2000\/svg\" xmlns:xlink=\"http:\/\/www.w3.org\/1999\/xlink\" xmlns:serif=\"http:\/\/www.serif.com\/\" width=\"100%\" height=\"100%\" viewBox=\"0 0 587 600\" xml:space=\"preserve\" style=\"fill-rule:evenodd;clip-rule:evenodd;stroke-linejoin:round;stroke-miterlimit:2;\"> <g transform=\"matrix(1,0,0,1,-101.219,-134.2)\"> <g transform=\"matrix(-1,0,0,1,789.007,0)\"> <path d=\"M411.126,650.523C293.331,657.816 191.587,567.881 184.314,450.089C177.042,332.296 266.956,230.548 384.748,223.276C433.548,220.266 481.308,233.985 520.668,261.555L465.276,326.978L687.788,349.887L628.499,134.2L574.258,198.262C518.564,157.076 449.893,136.421 379.654,140.759C339.693,143.226 301.39,153.456 265.808,171.166C231.46,188.261 201.111,211.563 175.606,240.425C150.101,269.287 130.709,302.271 117.969,338.461C104.771,375.952 99.329,415.222 101.797,455.183C104.264,495.143 114.494,533.447 132.204,569.029C149.299,603.378 172.601,633.726 201.463,659.231C230.325,684.736 263.309,704.129 299.499,716.868C331.134,728.005 364.033,733.618 397.548,733.618C403.752,733.618 409.98,733.426 416.221,733.041C479.657,729.124 538.934,705.614 587.645,665.054C611.065,645.553 631.287,622.662 647.75,597.015C664.425,571.039 676.881,542.793 684.771,513.063L604.863,491.855C581.187,581.066 503.33,644.831 411.126,650.523Z\" style=\"fill-rule:nonzero;\"><\/path> <\/g> <\/g> <\/svg>\t\t\t<\/a>\n\t\t<\/div>\n\t\t\t\t\t\t<\/div>\n\t\t\t\t<\/div>\n\t\t<div class=\"elementor-element elementor-element-39d40602 e-con-full e-flex e-con e-child\" data-id=\"39d40602\" data-element_type=\"container\" data-e-type=\"container\">\n\t\t\t\t<div class=\"elementor-element elementor-element-44c37c6a elementor-view-default elementor-widget elementor-widget-icon\" data-id=\"44c37c6a\" data-element_type=\"widget\" data-e-type=\"widget\" data-widget_type=\"icon.default\">\n\t\t\t\t\t\t\t<div class=\"elementor-icon-wrapper\">\n\t\t\t<a class=\"elementor-icon\" href=\"https:\/\/blue-con.de\/mg-entwurf\/referenz-nacka-schweden\/\">\n\t\t\t<svg xmlns=\"http:\/\/www.w3.org\/2000\/svg\" xmlns:xlink=\"http:\/\/www.w3.org\/1999\/xlink\" xmlns:serif=\"http:\/\/www.serif.com\/\" width=\"100%\" height=\"100%\" viewBox=\"0 0 200 200\" xml:space=\"preserve\" style=\"fill-rule:evenodd;clip-rule:evenodd;stroke-linejoin:round;stroke-miterlimit:2;\"> <g transform=\"matrix(6.12323e-17,-1,1,6.12323e-17,-2.84217e-14,200)\"> <g transform=\"matrix(-5.37786e-17,-0.878272,0.878272,-5.37786e-17,-699.876,4071.73)\"> <path d=\"M4636.07,910.741L4533.6,796.879L4533.6,859.502L4448.2,859.502L4482.36,910.741L4448.2,961.976L4532.87,961.976L4533.6,1024.6L4636.07,910.741Z\" style=\"fill-rule:nonzero;\"><\/path> <\/g> <g transform=\"matrix(1,0,0,1,0,15)\"> <path d=\"M55,170L100,140L145,170L145,185L55,185L55,170Z\"><\/path> <\/g> <\/g> <\/svg>\t\t\t<\/a>\n\t\t<\/div>\n\t\t\t\t\t\t<\/div>\n\t\t\t\t<\/div>\n\t\t<div class=\"elementor-element elementor-element-6db184e9 e-con-full e-flex e-con e-child\" data-id=\"6db184e9\" data-element_type=\"container\" data-e-type=\"container\">\n\t\t\t\t<div class=\"elementor-element elementor-element-1b3246f4 elementor-view-default elementor-widget elementor-widget-icon\" data-id=\"1b3246f4\" data-element_type=\"widget\" data-e-type=\"widget\" data-widget_type=\"icon.default\">\n\t\t\t\t\t\t\t<div class=\"elementor-icon-wrapper\">\n\t\t\t<a class=\"elementor-icon\" href=\"https:\/\/blue-con.de\/mg-entwurf\/referenz-pfaeffikon-schweiz\/\">\n\t\t\t<svg xmlns=\"http:\/\/www.w3.org\/2000\/svg\" xmlns:xlink=\"http:\/\/www.w3.org\/1999\/xlink\" xmlns:serif=\"http:\/\/www.serif.com\/\" width=\"100%\" height=\"100%\" viewBox=\"0 0 200 200\" xml:space=\"preserve\" style=\"fill-rule:evenodd;clip-rule:evenodd;stroke-linejoin:round;stroke-miterlimit:2;\"> <g transform=\"matrix(6.12323e-17,1,-1,6.12323e-17,200,0)\"> <g transform=\"matrix(-5.37786e-17,-0.878272,0.878272,-5.37786e-17,-699.876,4071.73)\"> <path d=\"M4636.07,910.741L4533.6,796.879L4533.6,859.502L4448.2,859.502L4482.36,910.741L4448.2,961.976L4532.87,961.976L4533.6,1024.6L4636.07,910.741Z\" style=\"fill-rule:nonzero;\"><\/path> <\/g> <g transform=\"matrix(1,0,0,1,0,15)\"> <path d=\"M55,170L100,140L145,170L145,185L55,185L55,170Z\"><\/path> <\/g> <\/g> <\/svg>\t\t\t<\/a>\n\t\t<\/div>\n\t\t\t\t\t\t<\/div>\n\t\t\t\t<\/div>\n\t\t\t\t\t<\/div>\n\t\t\t\t<\/div>\n\t\t\t\t<\/div>\n\t\t","protected":false},"excerpt":{"rendered":"<p>Oberstdorf Im Zuge der Neugestaltung des Ortszentrums wurden an die Baumscheibenabdeckungen besondere Anforderungen gestellt, da sich die Baumstandorte neben der Fahrbahn befinden und auch die Parksituation verbessert werden sollte. Das 2.0 System gew\u00e4hrleistet eine Belastbarkeit bis 50 kN bei freitragender Konstruktion. Somit ist die M\u00f6glichkeit der vollen Entfaltung des Baumes sichergestellt, da keine st\u00f6rende Stahlunterkonstruktion [&hellip;]<\/p>\n","protected":false},"author":1,"featured_media":0,"parent":0,"menu_order":0,"comment_status":"closed","ping_status":"closed","template":"elementor_canvas","meta":{"footnotes":""},"class_list":["post-3610","page","type-page","status-publish","hentry"],"_links":{"self":[{"href":"https:\/\/blue-con.de\/mg-entwurf\/wp-json\/wp\/v2\/pages\/3610","targetHints":{"allow":["GET"]}}],"collection":[{"href":"https:\/\/blue-con.de\/mg-entwurf\/wp-json\/wp\/v2\/pages"}],"about":[{"href":"https:\/\/blue-con.de\/mg-entwurf\/wp-json\/wp\/v2\/types\/page"}],"author":[{"embeddable":true,"href":"https:\/\/blue-con.de\/mg-entwurf\/wp-json\/wp\/v2\/users\/1"}],"replies":[{"embeddable":true,"href":"https:\/\/blue-con.de\/mg-entwurf\/wp-json\/wp\/v2\/comments?post=3610"}],"version-history":[{"count":16,"href":"https:\/\/blue-con.de\/mg-entwurf\/wp-json\/wp\/v2\/pages\/3610\/revisions"}],"predecessor-version":[{"id":3788,"href":"https:\/\/blue-con.de\/mg-entwurf\/wp-json\/wp\/v2\/pages\/3610\/revisions\/3788"}],"wp:attachment":[{"href":"https:\/\/blue-con.de\/mg-entwurf\/wp-json\/wp\/v2\/media?parent=3610"}],"curies":[{"name":"wp","href":"https:\/\/api.w.org\/{rel}","templated":true}]}}