{"id":3572,"date":"2025-11-17T08:27:18","date_gmt":"2025-11-17T07:27:18","guid":{"rendered":"https:\/\/blue-con.de\/mg-entwurf\/?page_id=3572"},"modified":"2025-11-17T12:22:48","modified_gmt":"2025-11-17T11:22:48","slug":"referenz-leipzig","status":"publish","type":"page","link":"https:\/\/blue-con.de\/mg-entwurf\/referenz-leipzig\/","title":{"rendered":"Referenz-Leipzig"},"content":{"rendered":"\t\t<div data-elementor-type=\"wp-page\" data-elementor-id=\"3572\" class=\"elementor elementor-3572\" data-elementor-post-type=\"page\">\n\t\t\t\t<div class=\"elementor-element elementor-element-4cedbc37 e-flex e-con-boxed e-con e-parent\" data-id=\"4cedbc37\" data-element_type=\"container\" data-e-type=\"container\">\n\t\t\t\t\t<div class=\"e-con-inner\">\n\t\t<div class=\"elementor-element elementor-element-5f29c8d0 e-con-full e-flex e-con e-child\" data-id=\"5f29c8d0\" data-element_type=\"container\" data-e-type=\"container\">\n\t\t\t\t<div class=\"elementor-element elementor-element-4a04a603 elementor-view-default elementor-widget elementor-widget-icon\" data-id=\"4a04a603\" data-element_type=\"widget\" data-e-type=\"widget\" data-widget_type=\"icon.default\">\n\t\t\t\t\t\t\t<div class=\"elementor-icon-wrapper\">\n\t\t\t<a class=\"elementor-icon\" href=\"https:\/\/blue-con.de\/mg-entwurf\/referenzobjekte\/\">\n\t\t\t<svg xmlns=\"http:\/\/www.w3.org\/2000\/svg\" xmlns:xlink=\"http:\/\/www.w3.org\/1999\/xlink\" xmlns:serif=\"http:\/\/www.serif.com\/\" width=\"100%\" height=\"100%\" viewBox=\"0 0 587 600\" xml:space=\"preserve\" style=\"fill-rule:evenodd;clip-rule:evenodd;stroke-linejoin:round;stroke-miterlimit:2;\"> <g transform=\"matrix(1,0,0,1,-101.219,-134.2)\"> <g transform=\"matrix(-1,0,0,1,789.007,0)\"> <path d=\"M411.126,650.523C293.331,657.816 191.587,567.881 184.314,450.089C177.042,332.296 266.956,230.548 384.748,223.276C433.548,220.266 481.308,233.985 520.668,261.555L465.276,326.978L687.788,349.887L628.499,134.2L574.258,198.262C518.564,157.076 449.893,136.421 379.654,140.759C339.693,143.226 301.39,153.456 265.808,171.166C231.46,188.261 201.111,211.563 175.606,240.425C150.101,269.287 130.709,302.271 117.969,338.461C104.771,375.952 99.329,415.222 101.797,455.183C104.264,495.143 114.494,533.447 132.204,569.029C149.299,603.378 172.601,633.726 201.463,659.231C230.325,684.736 263.309,704.129 299.499,716.868C331.134,728.005 364.033,733.618 397.548,733.618C403.752,733.618 409.98,733.426 416.221,733.041C479.657,729.124 538.934,705.614 587.645,665.054C611.065,645.553 631.287,622.662 647.75,597.015C664.425,571.039 676.881,542.793 684.771,513.063L604.863,491.855C581.187,581.066 503.33,644.831 411.126,650.523Z\" style=\"fill-rule:nonzero;\"><\/path> <\/g> <\/g> <\/svg>\t\t\t<\/a>\n\t\t<\/div>\n\t\t\t\t\t\t<\/div>\n\t\t\t\t<\/div>\n\t\t<div class=\"elementor-element elementor-element-6012157f e-con-full e-flex e-con e-child\" data-id=\"6012157f\" data-element_type=\"container\" data-e-type=\"container\">\n\t\t\t\t<div class=\"elementor-element elementor-element-214805d elementor-view-default elementor-widget elementor-widget-icon\" data-id=\"214805d\" data-element_type=\"widget\" data-e-type=\"widget\" data-widget_type=\"icon.default\">\n\t\t\t\t\t\t\t<div class=\"elementor-icon-wrapper\">\n\t\t\t<a class=\"elementor-icon\" href=\"https:\/\/blue-con.de\/mg-entwurf\/referenz-langerwehe\/\">\n\t\t\t<svg xmlns=\"http:\/\/www.w3.org\/2000\/svg\" xmlns:xlink=\"http:\/\/www.w3.org\/1999\/xlink\" xmlns:serif=\"http:\/\/www.serif.com\/\" width=\"100%\" height=\"100%\" viewBox=\"0 0 200 200\" xml:space=\"preserve\" style=\"fill-rule:evenodd;clip-rule:evenodd;stroke-linejoin:round;stroke-miterlimit:2;\"> <g transform=\"matrix(6.12323e-17,-1,1,6.12323e-17,-2.84217e-14,200)\"> <g transform=\"matrix(-5.37786e-17,-0.878272,0.878272,-5.37786e-17,-699.876,4071.73)\"> <path d=\"M4636.07,910.741L4533.6,796.879L4533.6,859.502L4448.2,859.502L4482.36,910.741L4448.2,961.976L4532.87,961.976L4533.6,1024.6L4636.07,910.741Z\" style=\"fill-rule:nonzero;\"><\/path> <\/g> <g transform=\"matrix(1,0,0,1,0,15)\"> <path d=\"M55,170L100,140L145,170L145,185L55,185L55,170Z\"><\/path> <\/g> <\/g> <\/svg>\t\t\t<\/a>\n\t\t<\/div>\n\t\t\t\t\t\t<\/div>\n\t\t\t\t<\/div>\n\t\t<div class=\"elementor-element elementor-element-14a2ac89 e-con-full e-flex e-con e-child\" data-id=\"14a2ac89\" data-element_type=\"container\" data-e-type=\"container\">\n\t\t\t\t<div class=\"elementor-element elementor-element-50618a1c elementor-view-default elementor-widget elementor-widget-icon\" data-id=\"50618a1c\" data-element_type=\"widget\" data-e-type=\"widget\" data-widget_type=\"icon.default\">\n\t\t\t\t\t\t\t<div class=\"elementor-icon-wrapper\">\n\t\t\t<a class=\"elementor-icon\" href=\"https:\/\/blue-con.de\/mg-entwurf\/referenz-mersch-luxemburg\/\">\n\t\t\t<svg xmlns=\"http:\/\/www.w3.org\/2000\/svg\" xmlns:xlink=\"http:\/\/www.w3.org\/1999\/xlink\" xmlns:serif=\"http:\/\/www.serif.com\/\" width=\"100%\" height=\"100%\" viewBox=\"0 0 200 200\" xml:space=\"preserve\" style=\"fill-rule:evenodd;clip-rule:evenodd;stroke-linejoin:round;stroke-miterlimit:2;\"> <g transform=\"matrix(6.12323e-17,1,-1,6.12323e-17,200,0)\"> <g transform=\"matrix(-5.37786e-17,-0.878272,0.878272,-5.37786e-17,-699.876,4071.73)\"> <path d=\"M4636.07,910.741L4533.6,796.879L4533.6,859.502L4448.2,859.502L4482.36,910.741L4448.2,961.976L4532.87,961.976L4533.6,1024.6L4636.07,910.741Z\" style=\"fill-rule:nonzero;\"><\/path> <\/g> <g transform=\"matrix(1,0,0,1,0,15)\"> <path d=\"M55,170L100,140L145,170L145,185L55,185L55,170Z\"><\/path> <\/g> <\/g> <\/svg>\t\t\t<\/a>\n\t\t<\/div>\n\t\t\t\t\t\t<\/div>\n\t\t\t\t<\/div>\n\t\t\t\t\t<\/div>\n\t\t\t\t<\/div>\n\t\t<div class=\"elementor-element elementor-element-8067562 e-flex e-con-boxed e-con e-parent\" data-id=\"8067562\" data-element_type=\"container\" data-e-type=\"container\">\n\t\t\t\t\t<div class=\"e-con-inner\">\n\t\t<div class=\"elementor-element elementor-element-36b7ecd e-con-full e-flex e-con e-child\" data-id=\"36b7ecd\" data-element_type=\"container\" data-e-type=\"container\">\n\t\t\t\t<div class=\"elementor-element elementor-element-4de0989 elementor-widget elementor-widget-image\" data-id=\"4de0989\" data-element_type=\"widget\" data-e-type=\"widget\" data-widget_type=\"image.default\">\n\t\t\t\t\t\t\t\t\t\t\t\t\t\t\t<img fetchpriority=\"high\" decoding=\"async\" width=\"1642\" height=\"1660\" src=\"https:\/\/blue-con.de\/mg-entwurf\/wp-content\/uploads\/2025\/11\/leipzig-004.jpg\" class=\"attachment-full size-full wp-image-3571\" alt=\"\" srcset=\"https:\/\/blue-con.de\/mg-entwurf\/wp-content\/uploads\/2025\/11\/leipzig-004.jpg 1642w, https:\/\/blue-con.de\/mg-entwurf\/wp-content\/uploads\/2025\/11\/leipzig-004-297x300.jpg 297w, https:\/\/blue-con.de\/mg-entwurf\/wp-content\/uploads\/2025\/11\/leipzig-004-1013x1024.jpg 1013w, https:\/\/blue-con.de\/mg-entwurf\/wp-content\/uploads\/2025\/11\/leipzig-004-768x776.jpg 768w, https:\/\/blue-con.de\/mg-entwurf\/wp-content\/uploads\/2025\/11\/leipzig-004-1519x1536.jpg 1519w\" sizes=\"(max-width: 1642px) 100vw, 1642px\" \/>\t\t\t\t\t\t\t\t\t\t\t\t\t\t\t<\/div>\n\t\t\t\t<\/div>\n\t\t<div class=\"elementor-element elementor-element-c4d1a71 e-con-full e-flex e-con e-child\" data-id=\"c4d1a71\" data-element_type=\"container\" data-e-type=\"container\">\n\t\t\t\t<div class=\"elementor-element elementor-element-c9ab602 elementor-widget elementor-widget-image\" data-id=\"c9ab602\" data-element_type=\"widget\" data-e-type=\"widget\" data-widget_type=\"image.default\">\n\t\t\t\t\t\t\t\t\t\t\t\t\t\t\t<img decoding=\"async\" width=\"358\" height=\"440\" src=\"https:\/\/blue-con.de\/mg-entwurf\/wp-content\/uploads\/2025\/11\/ahornblatt-mit-schatten.svg\" class=\"attachment-full size-full wp-image-2886\" alt=\"Ahornblatt\" \/>\t\t\t\t\t\t\t\t\t\t\t\t\t\t\t<\/div>\n\t\t\t\t<div class=\"elementor-element elementor-element-89b6200 elementor-widget elementor-widget-heading\" data-id=\"89b6200\" data-element_type=\"widget\" data-e-type=\"widget\" data-widget_type=\"heading.default\">\n\t\t\t\t\t<h1 class=\"elementor-heading-title elementor-size-default\">Leipzig<\/h1>\t\t\t\t<\/div>\n\t\t\t\t<div class=\"elementor-element elementor-element-cc4c3d5 elementor-widget elementor-widget-text-editor\" data-id=\"cc4c3d5\" data-element_type=\"widget\" data-e-type=\"widget\" data-widget_type=\"text-editor.default\">\n\t\t\t\t\t\t\t\t\t<p>Baumscheibenabdeckungen von 6 m\u00b2 wurden gem\u00e4\u00df den Anforderungen der DIN 18916 sowie der FLL (Forschungsgesellschaft Landschaftsentwicklung Landschaftsbau e.V.) gew\u00e4hlt und sorgen dank des Lineardesigns LATERAL<sup>\u00ae<\/sup> fu\u0308r eine klare Linienfu\u0308hrung.<\/p>\t\t\t\t\t\t\t\t<\/div>\n\t\t\t\t<\/div>\n\t\t\t\t\t<\/div>\n\t\t\t\t<\/div>\n\t\t<div class=\"elementor-element elementor-element-3c04ea3 e-flex e-con-boxed e-con e-parent\" data-id=\"3c04ea3\" data-element_type=\"container\" data-e-type=\"container\">\n\t\t\t\t\t<div class=\"e-con-inner\">\n\t\t<div class=\"elementor-element elementor-element-aa33067 e-con-full e-flex e-con e-child\" data-id=\"aa33067\" data-element_type=\"container\" data-e-type=\"container\">\n\t\t\t\t<div class=\"elementor-element elementor-element-8fec5f5 elementor-widget elementor-widget-text-editor\" data-id=\"8fec5f5\" data-element_type=\"widget\" data-e-type=\"widget\" data-widget_type=\"text-editor.default\">\n\t\t\t\t\t\t\t\t\t<ul>\n \t<li>Neugestaltung Liebigstra\u00dfe und Lu\u0308tzner Stra\u00dfe<\/li>\n \t<li>einheitliches Gestaltungsbild u\u0308ber mehrere Bauabschnitte<\/li>\n \t<li>Baumroste Lineardesign LATERAL<sup>\u00ae<\/sup> 1.0<\/li>\n \t<li>Gr\u00f6\u00dfe 2.000 x 3.000 mm<\/li>\n<\/ul>\t\t\t\t\t\t\t\t<\/div>\n\t\t\t\t<\/div>\n\t\t<div class=\"elementor-element elementor-element-a893619 e-con-full e-flex e-con e-child\" data-id=\"a893619\" data-element_type=\"container\" data-e-type=\"container\">\n\t\t\t\t<div class=\"elementor-element elementor-element-5a3051f elementor-widget elementor-widget-image\" data-id=\"5a3051f\" data-element_type=\"widget\" data-e-type=\"widget\" data-widget_type=\"image.default\">\n\t\t\t\t\t\t\t\t\t\t\t\t\t\t\t<img decoding=\"async\" width=\"1307\" height=\"534\" src=\"https:\/\/blue-con.de\/mg-entwurf\/wp-content\/uploads\/2025\/11\/leipzig-001.jpg\" class=\"attachment-full size-full wp-image-3568\" alt=\"\" srcset=\"https:\/\/blue-con.de\/mg-entwurf\/wp-content\/uploads\/2025\/11\/leipzig-001.jpg 1307w, https:\/\/blue-con.de\/mg-entwurf\/wp-content\/uploads\/2025\/11\/leipzig-001-300x123.jpg 300w, https:\/\/blue-con.de\/mg-entwurf\/wp-content\/uploads\/2025\/11\/leipzig-001-1024x418.jpg 1024w, https:\/\/blue-con.de\/mg-entwurf\/wp-content\/uploads\/2025\/11\/leipzig-001-768x314.jpg 768w\" sizes=\"(max-width: 1307px) 100vw, 1307px\" \/>\t\t\t\t\t\t\t\t\t\t\t\t\t\t\t<\/div>\n\t\t\t\t<\/div>\n\t\t\t\t\t<\/div>\n\t\t\t\t<\/div>\n\t\t<div class=\"elementor-element elementor-element-4ca04a6 e-flex e-con-boxed e-con e-parent\" data-id=\"4ca04a6\" data-element_type=\"container\" data-e-type=\"container\">\n\t\t\t\t\t<div class=\"e-con-inner\">\n\t\t<div class=\"elementor-element elementor-element-33b9f7a e-con-full e-flex e-con e-child\" data-id=\"33b9f7a\" data-element_type=\"container\" data-e-type=\"container\">\n\t\t\t\t<div class=\"elementor-element elementor-element-115c5d3 e-transform elementor-widget elementor-widget-image\" data-id=\"115c5d3\" data-element_type=\"widget\" data-e-type=\"widget\" data-settings=\"{&quot;_transform_translateY_effect&quot;:{&quot;unit&quot;:&quot;px&quot;,&quot;size&quot;:-74,&quot;sizes&quot;:[]},&quot;_transform_translateY_effect_laptop&quot;:{&quot;unit&quot;:&quot;px&quot;,&quot;size&quot;:-92,&quot;sizes&quot;:[]},&quot;_transform_translateY_effect_tablet_extra&quot;:{&quot;unit&quot;:&quot;px&quot;,&quot;size&quot;:-18,&quot;sizes&quot;:[]},&quot;_transform_translateY_effect_tablet&quot;:{&quot;unit&quot;:&quot;px&quot;,&quot;size&quot;:-14,&quot;sizes&quot;:[]},&quot;_transform_translateY_effect_mobile_extra&quot;:{&quot;unit&quot;:&quot;px&quot;,&quot;size&quot;:0,&quot;sizes&quot;:[]},&quot;_transform_translateX_effect&quot;:{&quot;unit&quot;:&quot;px&quot;,&quot;size&quot;:&quot;&quot;,&quot;sizes&quot;:[]},&quot;_transform_translateX_effect_widescreen&quot;:{&quot;unit&quot;:&quot;px&quot;,&quot;size&quot;:&quot;&quot;,&quot;sizes&quot;:[]},&quot;_transform_translateX_effect_laptop&quot;:{&quot;unit&quot;:&quot;px&quot;,&quot;size&quot;:&quot;&quot;,&quot;sizes&quot;:[]},&quot;_transform_translateX_effect_tablet_extra&quot;:{&quot;unit&quot;:&quot;px&quot;,&quot;size&quot;:&quot;&quot;,&quot;sizes&quot;:[]},&quot;_transform_translateX_effect_tablet&quot;:{&quot;unit&quot;:&quot;px&quot;,&quot;size&quot;:&quot;&quot;,&quot;sizes&quot;:[]},&quot;_transform_translateX_effect_mobile_extra&quot;:{&quot;unit&quot;:&quot;px&quot;,&quot;size&quot;:&quot;&quot;,&quot;sizes&quot;:[]},&quot;_transform_translateX_effect_mobile&quot;:{&quot;unit&quot;:&quot;px&quot;,&quot;size&quot;:&quot;&quot;,&quot;sizes&quot;:[]},&quot;_transform_translateY_effect_widescreen&quot;:{&quot;unit&quot;:&quot;px&quot;,&quot;size&quot;:&quot;&quot;,&quot;sizes&quot;:[]},&quot;_transform_translateY_effect_mobile&quot;:{&quot;unit&quot;:&quot;px&quot;,&quot;size&quot;:&quot;&quot;,&quot;sizes&quot;:[]}}\" data-widget_type=\"image.default\">\n\t\t\t\t\t\t\t\t\t\t\t\t\t\t\t<img loading=\"lazy\" decoding=\"async\" width=\"842\" height=\"534\" src=\"https:\/\/blue-con.de\/mg-entwurf\/wp-content\/uploads\/2025\/11\/leipzig-003.jpg\" class=\"attachment-full size-full wp-image-3570\" alt=\"\" srcset=\"https:\/\/blue-con.de\/mg-entwurf\/wp-content\/uploads\/2025\/11\/leipzig-003.jpg 842w, https:\/\/blue-con.de\/mg-entwurf\/wp-content\/uploads\/2025\/11\/leipzig-003-300x190.jpg 300w, https:\/\/blue-con.de\/mg-entwurf\/wp-content\/uploads\/2025\/11\/leipzig-003-768x487.jpg 768w\" sizes=\"(max-width: 842px) 100vw, 842px\" \/>\t\t\t\t\t\t\t\t\t\t\t\t\t\t\t<\/div>\n\t\t\t\t<\/div>\n\t\t<div class=\"elementor-element elementor-element-2ace0b4 e-con-full e-flex e-con e-child\" data-id=\"2ace0b4\" data-element_type=\"container\" data-e-type=\"container\">\n\t\t\t\t<div class=\"elementor-element elementor-element-463075c elementor-widget elementor-widget-image\" data-id=\"463075c\" data-element_type=\"widget\" data-e-type=\"widget\" data-widget_type=\"image.default\">\n\t\t\t\t\t\t\t\t\t\t\t\t\t\t\t<img loading=\"lazy\" decoding=\"async\" width=\"1047\" height=\"534\" src=\"https:\/\/blue-con.de\/mg-entwurf\/wp-content\/uploads\/2025\/11\/leipzig-002.jpg\" class=\"attachment-full size-full wp-image-3569\" alt=\"\" srcset=\"https:\/\/blue-con.de\/mg-entwurf\/wp-content\/uploads\/2025\/11\/leipzig-002.jpg 1047w, https:\/\/blue-con.de\/mg-entwurf\/wp-content\/uploads\/2025\/11\/leipzig-002-300x153.jpg 300w, https:\/\/blue-con.de\/mg-entwurf\/wp-content\/uploads\/2025\/11\/leipzig-002-1024x522.jpg 1024w, https:\/\/blue-con.de\/mg-entwurf\/wp-content\/uploads\/2025\/11\/leipzig-002-768x392.jpg 768w\" sizes=\"(max-width: 1047px) 100vw, 1047px\" \/>\t\t\t\t\t\t\t\t\t\t\t\t\t\t\t<\/div>\n\t\t\t\t<\/div>\n\t\t\t\t\t<\/div>\n\t\t\t\t<\/div>\n\t\t<div class=\"elementor-element elementor-element-5cfce2e4 e-flex e-con-boxed e-con e-parent\" data-id=\"5cfce2e4\" data-element_type=\"container\" data-e-type=\"container\">\n\t\t\t\t\t<div class=\"e-con-inner\">\n\t\t<div class=\"elementor-element elementor-element-3daceef4 e-con-full e-flex e-con e-child\" data-id=\"3daceef4\" data-element_type=\"container\" data-e-type=\"container\">\n\t\t\t\t<div class=\"elementor-element elementor-element-19c08352 elementor-view-default elementor-widget elementor-widget-icon\" data-id=\"19c08352\" data-element_type=\"widget\" data-e-type=\"widget\" data-widget_type=\"icon.default\">\n\t\t\t\t\t\t\t<div class=\"elementor-icon-wrapper\">\n\t\t\t<a class=\"elementor-icon\" href=\"https:\/\/blue-con.de\/mg-entwurf\/referenzobjekte\/\">\n\t\t\t<svg xmlns=\"http:\/\/www.w3.org\/2000\/svg\" xmlns:xlink=\"http:\/\/www.w3.org\/1999\/xlink\" xmlns:serif=\"http:\/\/www.serif.com\/\" width=\"100%\" height=\"100%\" viewBox=\"0 0 587 600\" xml:space=\"preserve\" style=\"fill-rule:evenodd;clip-rule:evenodd;stroke-linejoin:round;stroke-miterlimit:2;\"> <g transform=\"matrix(1,0,0,1,-101.219,-134.2)\"> <g transform=\"matrix(-1,0,0,1,789.007,0)\"> <path d=\"M411.126,650.523C293.331,657.816 191.587,567.881 184.314,450.089C177.042,332.296 266.956,230.548 384.748,223.276C433.548,220.266 481.308,233.985 520.668,261.555L465.276,326.978L687.788,349.887L628.499,134.2L574.258,198.262C518.564,157.076 449.893,136.421 379.654,140.759C339.693,143.226 301.39,153.456 265.808,171.166C231.46,188.261 201.111,211.563 175.606,240.425C150.101,269.287 130.709,302.271 117.969,338.461C104.771,375.952 99.329,415.222 101.797,455.183C104.264,495.143 114.494,533.447 132.204,569.029C149.299,603.378 172.601,633.726 201.463,659.231C230.325,684.736 263.309,704.129 299.499,716.868C331.134,728.005 364.033,733.618 397.548,733.618C403.752,733.618 409.98,733.426 416.221,733.041C479.657,729.124 538.934,705.614 587.645,665.054C611.065,645.553 631.287,622.662 647.75,597.015C664.425,571.039 676.881,542.793 684.771,513.063L604.863,491.855C581.187,581.066 503.33,644.831 411.126,650.523Z\" style=\"fill-rule:nonzero;\"><\/path> <\/g> <\/g> <\/svg>\t\t\t<\/a>\n\t\t<\/div>\n\t\t\t\t\t\t<\/div>\n\t\t\t\t<\/div>\n\t\t<div class=\"elementor-element elementor-element-1b79f7de e-con-full e-flex e-con e-child\" data-id=\"1b79f7de\" data-element_type=\"container\" data-e-type=\"container\">\n\t\t\t\t<div class=\"elementor-element elementor-element-51aa1d4f elementor-view-default elementor-widget elementor-widget-icon\" data-id=\"51aa1d4f\" data-element_type=\"widget\" data-e-type=\"widget\" data-widget_type=\"icon.default\">\n\t\t\t\t\t\t\t<div class=\"elementor-icon-wrapper\">\n\t\t\t<a class=\"elementor-icon\" href=\"https:\/\/blue-con.de\/mg-entwurf\/referenz-langerwehe\/\">\n\t\t\t<svg xmlns=\"http:\/\/www.w3.org\/2000\/svg\" xmlns:xlink=\"http:\/\/www.w3.org\/1999\/xlink\" xmlns:serif=\"http:\/\/www.serif.com\/\" width=\"100%\" height=\"100%\" viewBox=\"0 0 200 200\" xml:space=\"preserve\" style=\"fill-rule:evenodd;clip-rule:evenodd;stroke-linejoin:round;stroke-miterlimit:2;\"> <g transform=\"matrix(6.12323e-17,-1,1,6.12323e-17,-2.84217e-14,200)\"> <g transform=\"matrix(-5.37786e-17,-0.878272,0.878272,-5.37786e-17,-699.876,4071.73)\"> <path d=\"M4636.07,910.741L4533.6,796.879L4533.6,859.502L4448.2,859.502L4482.36,910.741L4448.2,961.976L4532.87,961.976L4533.6,1024.6L4636.07,910.741Z\" style=\"fill-rule:nonzero;\"><\/path> <\/g> <g transform=\"matrix(1,0,0,1,0,15)\"> <path d=\"M55,170L100,140L145,170L145,185L55,185L55,170Z\"><\/path> <\/g> <\/g> <\/svg>\t\t\t<\/a>\n\t\t<\/div>\n\t\t\t\t\t\t<\/div>\n\t\t\t\t<\/div>\n\t\t<div class=\"elementor-element elementor-element-f1d48db e-con-full e-flex e-con e-child\" data-id=\"f1d48db\" data-element_type=\"container\" data-e-type=\"container\">\n\t\t\t\t<div class=\"elementor-element elementor-element-745114ee elementor-view-default elementor-widget elementor-widget-icon\" data-id=\"745114ee\" data-element_type=\"widget\" data-e-type=\"widget\" data-widget_type=\"icon.default\">\n\t\t\t\t\t\t\t<div class=\"elementor-icon-wrapper\">\n\t\t\t<a class=\"elementor-icon\" href=\"https:\/\/blue-con.de\/mg-entwurf\/referenz-mersch-luxemburg\/\">\n\t\t\t<svg xmlns=\"http:\/\/www.w3.org\/2000\/svg\" xmlns:xlink=\"http:\/\/www.w3.org\/1999\/xlink\" xmlns:serif=\"http:\/\/www.serif.com\/\" width=\"100%\" height=\"100%\" viewBox=\"0 0 200 200\" xml:space=\"preserve\" style=\"fill-rule:evenodd;clip-rule:evenodd;stroke-linejoin:round;stroke-miterlimit:2;\"> <g transform=\"matrix(6.12323e-17,1,-1,6.12323e-17,200,0)\"> <g transform=\"matrix(-5.37786e-17,-0.878272,0.878272,-5.37786e-17,-699.876,4071.73)\"> <path d=\"M4636.07,910.741L4533.6,796.879L4533.6,859.502L4448.2,859.502L4482.36,910.741L4448.2,961.976L4532.87,961.976L4533.6,1024.6L4636.07,910.741Z\" style=\"fill-rule:nonzero;\"><\/path> <\/g> <g transform=\"matrix(1,0,0,1,0,15)\"> <path d=\"M55,170L100,140L145,170L145,185L55,185L55,170Z\"><\/path> <\/g> <\/g> <\/svg>\t\t\t<\/a>\n\t\t<\/div>\n\t\t\t\t\t\t<\/div>\n\t\t\t\t<\/div>\n\t\t\t\t\t<\/div>\n\t\t\t\t<\/div>\n\t\t\t\t<\/div>\n\t\t","protected":false},"excerpt":{"rendered":"<p>Leipzig Baumscheibenabdeckungen von 6 m\u00b2 wurden gem\u00e4\u00df den Anforderungen der DIN 18916 sowie der FLL (Forschungsgesellschaft Landschaftsentwicklung Landschaftsbau e.V.) gew\u00e4hlt und sorgen dank des Lineardesigns LATERAL\u00ae fu\u0308r eine klare Linienfu\u0308hrung. Neugestaltung Liebigstra\u00dfe und Lu\u0308tzner Stra\u00dfe einheitliches Gestaltungsbild u\u0308ber mehrere Bauabschnitte Baumroste Lineardesign LATERAL\u00ae 1.0 Gr\u00f6\u00dfe 2.000 x 3.000 mm<\/p>\n","protected":false},"author":1,"featured_media":0,"parent":0,"menu_order":0,"comment_status":"closed","ping_status":"closed","template":"elementor_canvas","meta":{"footnotes":""},"class_list":["post-3572","page","type-page","status-publish","hentry"],"_links":{"self":[{"href":"https:\/\/blue-con.de\/mg-entwurf\/wp-json\/wp\/v2\/pages\/3572","targetHints":{"allow":["GET"]}}],"collection":[{"href":"https:\/\/blue-con.de\/mg-entwurf\/wp-json\/wp\/v2\/pages"}],"about":[{"href":"https:\/\/blue-con.de\/mg-entwurf\/wp-json\/wp\/v2\/types\/page"}],"author":[{"embeddable":true,"href":"https:\/\/blue-con.de\/mg-entwurf\/wp-json\/wp\/v2\/users\/1"}],"replies":[{"embeddable":true,"href":"https:\/\/blue-con.de\/mg-entwurf\/wp-json\/wp\/v2\/comments?post=3572"}],"version-history":[{"count":10,"href":"https:\/\/blue-con.de\/mg-entwurf\/wp-json\/wp\/v2\/pages\/3572\/revisions"}],"predecessor-version":[{"id":3773,"href":"https:\/\/blue-con.de\/mg-entwurf\/wp-json\/wp\/v2\/pages\/3572\/revisions\/3773"}],"wp:attachment":[{"href":"https:\/\/blue-con.de\/mg-entwurf\/wp-json\/wp\/v2\/media?parent=3572"}],"curies":[{"name":"wp","href":"https:\/\/api.w.org\/{rel}","templated":true}]}}