{"id":3492,"date":"2025-11-17T07:12:17","date_gmt":"2025-11-17T06:12:17","guid":{"rendered":"https:\/\/blue-con.de\/mg-entwurf\/?page_id=3492"},"modified":"2025-11-17T12:05:11","modified_gmt":"2025-11-17T11:05:11","slug":"referenz-friedberg","status":"publish","type":"page","link":"https:\/\/blue-con.de\/mg-entwurf\/referenz-friedberg\/","title":{"rendered":"Referenz-Friedberg"},"content":{"rendered":"\t\t<div data-elementor-type=\"wp-page\" data-elementor-id=\"3492\" class=\"elementor elementor-3492\" data-elementor-post-type=\"page\">\n\t\t\t\t<div class=\"elementor-element elementor-element-62b64bc4 e-flex e-con-boxed e-con e-parent\" data-id=\"62b64bc4\" data-element_type=\"container\" data-e-type=\"container\">\n\t\t\t\t\t<div class=\"e-con-inner\">\n\t\t<div class=\"elementor-element elementor-element-402081a4 e-con-full e-flex e-con e-child\" data-id=\"402081a4\" data-element_type=\"container\" data-e-type=\"container\">\n\t\t\t\t<div class=\"elementor-element elementor-element-790aee5e elementor-view-default elementor-widget elementor-widget-icon\" data-id=\"790aee5e\" data-element_type=\"widget\" data-e-type=\"widget\" data-widget_type=\"icon.default\">\n\t\t\t\t\t\t\t<div class=\"elementor-icon-wrapper\">\n\t\t\t<a class=\"elementor-icon\" href=\"https:\/\/blue-con.de\/mg-entwurf\/referenzobjekte\/\">\n\t\t\t<svg xmlns=\"http:\/\/www.w3.org\/2000\/svg\" xmlns:xlink=\"http:\/\/www.w3.org\/1999\/xlink\" xmlns:serif=\"http:\/\/www.serif.com\/\" width=\"100%\" height=\"100%\" viewBox=\"0 0 587 600\" xml:space=\"preserve\" style=\"fill-rule:evenodd;clip-rule:evenodd;stroke-linejoin:round;stroke-miterlimit:2;\"> <g transform=\"matrix(1,0,0,1,-101.219,-134.2)\"> <g transform=\"matrix(-1,0,0,1,789.007,0)\"> <path d=\"M411.126,650.523C293.331,657.816 191.587,567.881 184.314,450.089C177.042,332.296 266.956,230.548 384.748,223.276C433.548,220.266 481.308,233.985 520.668,261.555L465.276,326.978L687.788,349.887L628.499,134.2L574.258,198.262C518.564,157.076 449.893,136.421 379.654,140.759C339.693,143.226 301.39,153.456 265.808,171.166C231.46,188.261 201.111,211.563 175.606,240.425C150.101,269.287 130.709,302.271 117.969,338.461C104.771,375.952 99.329,415.222 101.797,455.183C104.264,495.143 114.494,533.447 132.204,569.029C149.299,603.378 172.601,633.726 201.463,659.231C230.325,684.736 263.309,704.129 299.499,716.868C331.134,728.005 364.033,733.618 397.548,733.618C403.752,733.618 409.98,733.426 416.221,733.041C479.657,729.124 538.934,705.614 587.645,665.054C611.065,645.553 631.287,622.662 647.75,597.015C664.425,571.039 676.881,542.793 684.771,513.063L604.863,491.855C581.187,581.066 503.33,644.831 411.126,650.523Z\" style=\"fill-rule:nonzero;\"><\/path> <\/g> <\/g> <\/svg>\t\t\t<\/a>\n\t\t<\/div>\n\t\t\t\t\t\t<\/div>\n\t\t\t\t<\/div>\n\t\t<div class=\"elementor-element elementor-element-39c1d655 e-con-full e-flex e-con e-child\" data-id=\"39c1d655\" data-element_type=\"container\" data-e-type=\"container\">\n\t\t\t\t<div class=\"elementor-element elementor-element-2d4d2681 elementor-view-default elementor-widget elementor-widget-icon\" data-id=\"2d4d2681\" data-element_type=\"widget\" data-e-type=\"widget\" data-widget_type=\"icon.default\">\n\t\t\t\t\t\t\t<div class=\"elementor-icon-wrapper\">\n\t\t\t<a class=\"elementor-icon\" href=\"https:\/\/blue-con.de\/mg-entwurf\/referenz-dinslaken\/\">\n\t\t\t<svg xmlns=\"http:\/\/www.w3.org\/2000\/svg\" xmlns:xlink=\"http:\/\/www.w3.org\/1999\/xlink\" xmlns:serif=\"http:\/\/www.serif.com\/\" width=\"100%\" height=\"100%\" viewBox=\"0 0 200 200\" xml:space=\"preserve\" style=\"fill-rule:evenodd;clip-rule:evenodd;stroke-linejoin:round;stroke-miterlimit:2;\"> <g transform=\"matrix(6.12323e-17,-1,1,6.12323e-17,-2.84217e-14,200)\"> <g transform=\"matrix(-5.37786e-17,-0.878272,0.878272,-5.37786e-17,-699.876,4071.73)\"> <path d=\"M4636.07,910.741L4533.6,796.879L4533.6,859.502L4448.2,859.502L4482.36,910.741L4448.2,961.976L4532.87,961.976L4533.6,1024.6L4636.07,910.741Z\" style=\"fill-rule:nonzero;\"><\/path> <\/g> <g transform=\"matrix(1,0,0,1,0,15)\"> <path d=\"M55,170L100,140L145,170L145,185L55,185L55,170Z\"><\/path> <\/g> <\/g> <\/svg>\t\t\t<\/a>\n\t\t<\/div>\n\t\t\t\t\t\t<\/div>\n\t\t\t\t<\/div>\n\t\t<div class=\"elementor-element elementor-element-5f93809f e-con-full e-flex e-con e-child\" data-id=\"5f93809f\" data-element_type=\"container\" data-e-type=\"container\">\n\t\t\t\t<div class=\"elementor-element elementor-element-66d87448 elementor-view-default elementor-widget elementor-widget-icon\" data-id=\"66d87448\" data-element_type=\"widget\" data-e-type=\"widget\" data-widget_type=\"icon.default\">\n\t\t\t\t\t\t\t<div class=\"elementor-icon-wrapper\">\n\t\t\t<a class=\"elementor-icon\" href=\"https:\/\/blue-con.de\/mg-entwurf\/referenz-jonen-schweiz\/\">\n\t\t\t<svg xmlns=\"http:\/\/www.w3.org\/2000\/svg\" xmlns:xlink=\"http:\/\/www.w3.org\/1999\/xlink\" xmlns:serif=\"http:\/\/www.serif.com\/\" width=\"100%\" height=\"100%\" viewBox=\"0 0 200 200\" xml:space=\"preserve\" style=\"fill-rule:evenodd;clip-rule:evenodd;stroke-linejoin:round;stroke-miterlimit:2;\"> <g transform=\"matrix(6.12323e-17,1,-1,6.12323e-17,200,0)\"> <g transform=\"matrix(-5.37786e-17,-0.878272,0.878272,-5.37786e-17,-699.876,4071.73)\"> <path d=\"M4636.07,910.741L4533.6,796.879L4533.6,859.502L4448.2,859.502L4482.36,910.741L4448.2,961.976L4532.87,961.976L4533.6,1024.6L4636.07,910.741Z\" style=\"fill-rule:nonzero;\"><\/path> <\/g> <g transform=\"matrix(1,0,0,1,0,15)\"> <path d=\"M55,170L100,140L145,170L145,185L55,185L55,170Z\"><\/path> <\/g> <\/g> <\/svg>\t\t\t<\/a>\n\t\t<\/div>\n\t\t\t\t\t\t<\/div>\n\t\t\t\t<\/div>\n\t\t\t\t\t<\/div>\n\t\t\t\t<\/div>\n\t\t<div class=\"elementor-element elementor-element-10aade1 e-flex e-con-boxed e-con e-parent\" data-id=\"10aade1\" data-element_type=\"container\" data-e-type=\"container\">\n\t\t\t\t\t<div class=\"e-con-inner\">\n\t\t<div class=\"elementor-element elementor-element-e0299b6 e-con-full e-flex e-con e-child\" data-id=\"e0299b6\" data-element_type=\"container\" data-e-type=\"container\">\n\t\t\t\t<div class=\"elementor-element elementor-element-c597499 elementor-widget elementor-widget-image\" data-id=\"c597499\" data-element_type=\"widget\" data-e-type=\"widget\" data-widget_type=\"image.default\">\n\t\t\t\t\t\t\t\t\t\t\t\t\t\t\t<img fetchpriority=\"high\" decoding=\"async\" width=\"990\" height=\"1000\" src=\"https:\/\/blue-con.de\/mg-entwurf\/wp-content\/uploads\/2025\/11\/friedberg-004.jpg\" class=\"attachment-full size-full wp-image-3497\" alt=\"\" srcset=\"https:\/\/blue-con.de\/mg-entwurf\/wp-content\/uploads\/2025\/11\/friedberg-004.jpg 990w, https:\/\/blue-con.de\/mg-entwurf\/wp-content\/uploads\/2025\/11\/friedberg-004-297x300.jpg 297w, https:\/\/blue-con.de\/mg-entwurf\/wp-content\/uploads\/2025\/11\/friedberg-004-768x776.jpg 768w\" sizes=\"(max-width: 990px) 100vw, 990px\" \/>\t\t\t\t\t\t\t\t\t\t\t\t\t\t\t<\/div>\n\t\t\t\t<\/div>\n\t\t<div class=\"elementor-element elementor-element-94fd827 e-con-full e-flex e-con e-child\" data-id=\"94fd827\" data-element_type=\"container\" data-e-type=\"container\">\n\t\t\t\t<div class=\"elementor-element elementor-element-bfc4b64 elementor-widget elementor-widget-image\" data-id=\"bfc4b64\" data-element_type=\"widget\" data-e-type=\"widget\" data-widget_type=\"image.default\">\n\t\t\t\t\t\t\t\t\t\t\t\t\t\t\t<img decoding=\"async\" width=\"358\" height=\"440\" src=\"https:\/\/blue-con.de\/mg-entwurf\/wp-content\/uploads\/2025\/11\/ahornblatt-mit-schatten.svg\" class=\"attachment-full size-full wp-image-2886\" alt=\"Ahornblatt\" \/>\t\t\t\t\t\t\t\t\t\t\t\t\t\t\t<\/div>\n\t\t\t\t<div class=\"elementor-element elementor-element-73165c0 elementor-widget elementor-widget-heading\" data-id=\"73165c0\" data-element_type=\"widget\" data-e-type=\"widget\" data-widget_type=\"heading.default\">\n\t\t\t\t\t<h1 class=\"elementor-heading-title elementor-size-default\">Friedberg<\/h1>\t\t\t\t<\/div>\n\t\t\t\t<div class=\"elementor-element elementor-element-cda87df elementor-widget elementor-widget-text-editor\" data-id=\"cda87df\" data-element_type=\"widget\" data-e-type=\"widget\" data-widget_type=\"text-editor.default\">\n\t\t\t\t\t\t\t\t\t<p>Aufgrund der Nutzung des Elvis-Presley-Platzes als Fl\u00e4che fu\u0308r den umliegenden Einzelhandel und als Marktstandort, ist eine uneingeschr\u00e4nkte Nutzung der Baumscheibenfl\u00e4che erforderlich. Eine zeitversetzte Pflanzung der gro\u00dfformatigen Kastenplatanen mit einem Wurzelballen &gt; \u00d8 1.200 mm musste m\u00f6glich sein. Das moderne Design der LATERAL<sup>\u00ae<\/sup> 1.0 Baumroste fu\u0308gt sich optimal in die Pflasterfl\u00e4che ein und wird durch integrierte LED-Strahler zus\u00e4tzlich aufgewertet.<\/p>\t\t\t\t\t\t\t\t<\/div>\n\t\t\t\t<\/div>\n\t\t\t\t\t<\/div>\n\t\t\t\t<\/div>\n\t\t<div class=\"elementor-element elementor-element-99f243d e-flex e-con-boxed e-con e-parent\" data-id=\"99f243d\" data-element_type=\"container\" data-e-type=\"container\">\n\t\t\t\t\t<div class=\"e-con-inner\">\n\t\t<div class=\"elementor-element elementor-element-5c9d607 e-con-full e-flex e-con e-child\" data-id=\"5c9d607\" data-element_type=\"container\" data-e-type=\"container\">\n\t\t\t\t<div class=\"elementor-element elementor-element-8b8c0db elementor-widget elementor-widget-image\" data-id=\"8b8c0db\" data-element_type=\"widget\" data-e-type=\"widget\" data-widget_type=\"image.default\">\n\t\t\t\t\t\t\t\t\t\t\t\t\t\t\t<img decoding=\"async\" width=\"1417\" height=\"534\" src=\"https:\/\/blue-con.de\/mg-entwurf\/wp-content\/uploads\/2025\/11\/friedberg-001.jpg\" class=\"attachment-full size-full wp-image-3494\" alt=\"\" srcset=\"https:\/\/blue-con.de\/mg-entwurf\/wp-content\/uploads\/2025\/11\/friedberg-001.jpg 1417w, https:\/\/blue-con.de\/mg-entwurf\/wp-content\/uploads\/2025\/11\/friedberg-001-300x113.jpg 300w, https:\/\/blue-con.de\/mg-entwurf\/wp-content\/uploads\/2025\/11\/friedberg-001-1024x386.jpg 1024w, https:\/\/blue-con.de\/mg-entwurf\/wp-content\/uploads\/2025\/11\/friedberg-001-768x289.jpg 768w\" sizes=\"(max-width: 1417px) 100vw, 1417px\" \/>\t\t\t\t\t\t\t\t\t\t\t\t\t\t\t<\/div>\n\t\t\t\t<\/div>\n\t\t\t\t\t<\/div>\n\t\t\t\t<\/div>\n\t\t<div class=\"elementor-element elementor-element-6931fb4 e-flex e-con-boxed e-con e-parent\" data-id=\"6931fb4\" data-element_type=\"container\" data-e-type=\"container\">\n\t\t\t\t\t<div class=\"e-con-inner\">\n\t\t<div class=\"elementor-element elementor-element-3f750f4 e-con-full e-flex e-con e-child\" data-id=\"3f750f4\" data-element_type=\"container\" data-e-type=\"container\">\n\t\t\t\t<div class=\"elementor-element elementor-element-3358847 elementor-widget elementor-widget-image\" data-id=\"3358847\" data-element_type=\"widget\" data-e-type=\"widget\" data-widget_type=\"image.default\">\n\t\t\t\t\t\t\t\t\t\t\t\t\t\t\t<img loading=\"lazy\" decoding=\"async\" width=\"941\" height=\"534\" src=\"https:\/\/blue-con.de\/mg-entwurf\/wp-content\/uploads\/2025\/11\/friedberg-002.jpg\" class=\"attachment-full size-full wp-image-3495\" alt=\"\" srcset=\"https:\/\/blue-con.de\/mg-entwurf\/wp-content\/uploads\/2025\/11\/friedberg-002.jpg 941w, https:\/\/blue-con.de\/mg-entwurf\/wp-content\/uploads\/2025\/11\/friedberg-002-300x170.jpg 300w, https:\/\/blue-con.de\/mg-entwurf\/wp-content\/uploads\/2025\/11\/friedberg-002-768x436.jpg 768w\" sizes=\"(max-width: 941px) 100vw, 941px\" \/>\t\t\t\t\t\t\t\t\t\t\t\t\t\t\t<\/div>\n\t\t\t\t<\/div>\n\t\t<div class=\"elementor-element elementor-element-8a177e5 e-con-full e-flex e-con e-child\" data-id=\"8a177e5\" data-element_type=\"container\" data-e-type=\"container\">\n\t\t\t\t<div class=\"elementor-element elementor-element-163e198 elementor-widget elementor-widget-text-editor\" data-id=\"163e198\" data-element_type=\"widget\" data-e-type=\"widget\" data-widget_type=\"text-editor.default\">\n\t\t\t\t\t\t\t\t\t<ul>\n \t<li>Elvis-Presley-Platz: Um- \/ Neugestaltung der Platzfl\u00e4che fu\u0308r umliegenden Einzelhandel und Marktstandort<\/li>\n \t<li>Baumroste Lineardesign LATERAL<sup>\u00ae<\/sup> 1.0 inklusive Stammschutzgitter LIGERO<sup>\u00ae<\/sup><\/li>\n \t<li>Gr\u00f6\u00dfe 2.880 x 2.880 mm im Gusselement integrierte LED-Strahler<\/li>\n<\/ul>\t\t\t\t\t\t\t\t<\/div>\n\t\t\t\t<\/div>\n\t\t\t\t\t<\/div>\n\t\t\t\t<\/div>\n\t\t<div class=\"elementor-element elementor-element-14346bd1 e-flex e-con-boxed e-con e-parent\" data-id=\"14346bd1\" data-element_type=\"container\" data-e-type=\"container\">\n\t\t\t\t\t<div class=\"e-con-inner\">\n\t\t<div class=\"elementor-element elementor-element-76c7c5a1 e-con-full e-flex e-con e-child\" data-id=\"76c7c5a1\" data-element_type=\"container\" data-e-type=\"container\">\n\t\t\t\t<div class=\"elementor-element elementor-element-5af5496 elementor-view-default elementor-widget elementor-widget-icon\" data-id=\"5af5496\" data-element_type=\"widget\" data-e-type=\"widget\" data-widget_type=\"icon.default\">\n\t\t\t\t\t\t\t<div class=\"elementor-icon-wrapper\">\n\t\t\t<a class=\"elementor-icon\" href=\"https:\/\/blue-con.de\/mg-entwurf\/referenzobjekte\/\">\n\t\t\t<svg xmlns=\"http:\/\/www.w3.org\/2000\/svg\" xmlns:xlink=\"http:\/\/www.w3.org\/1999\/xlink\" xmlns:serif=\"http:\/\/www.serif.com\/\" width=\"100%\" height=\"100%\" viewBox=\"0 0 587 600\" xml:space=\"preserve\" style=\"fill-rule:evenodd;clip-rule:evenodd;stroke-linejoin:round;stroke-miterlimit:2;\"> <g transform=\"matrix(1,0,0,1,-101.219,-134.2)\"> <g transform=\"matrix(-1,0,0,1,789.007,0)\"> <path d=\"M411.126,650.523C293.331,657.816 191.587,567.881 184.314,450.089C177.042,332.296 266.956,230.548 384.748,223.276C433.548,220.266 481.308,233.985 520.668,261.555L465.276,326.978L687.788,349.887L628.499,134.2L574.258,198.262C518.564,157.076 449.893,136.421 379.654,140.759C339.693,143.226 301.39,153.456 265.808,171.166C231.46,188.261 201.111,211.563 175.606,240.425C150.101,269.287 130.709,302.271 117.969,338.461C104.771,375.952 99.329,415.222 101.797,455.183C104.264,495.143 114.494,533.447 132.204,569.029C149.299,603.378 172.601,633.726 201.463,659.231C230.325,684.736 263.309,704.129 299.499,716.868C331.134,728.005 364.033,733.618 397.548,733.618C403.752,733.618 409.98,733.426 416.221,733.041C479.657,729.124 538.934,705.614 587.645,665.054C611.065,645.553 631.287,622.662 647.75,597.015C664.425,571.039 676.881,542.793 684.771,513.063L604.863,491.855C581.187,581.066 503.33,644.831 411.126,650.523Z\" style=\"fill-rule:nonzero;\"><\/path> <\/g> <\/g> <\/svg>\t\t\t<\/a>\n\t\t<\/div>\n\t\t\t\t\t\t<\/div>\n\t\t\t\t<\/div>\n\t\t<div class=\"elementor-element elementor-element-5662649d e-con-full e-flex e-con e-child\" data-id=\"5662649d\" data-element_type=\"container\" data-e-type=\"container\">\n\t\t\t\t<div class=\"elementor-element elementor-element-1fe97863 elementor-view-default elementor-widget elementor-widget-icon\" data-id=\"1fe97863\" data-element_type=\"widget\" data-e-type=\"widget\" data-widget_type=\"icon.default\">\n\t\t\t\t\t\t\t<div class=\"elementor-icon-wrapper\">\n\t\t\t<a class=\"elementor-icon\" href=\"https:\/\/blue-con.de\/mg-entwurf\/referenz-dinslaken\/\">\n\t\t\t<svg xmlns=\"http:\/\/www.w3.org\/2000\/svg\" xmlns:xlink=\"http:\/\/www.w3.org\/1999\/xlink\" xmlns:serif=\"http:\/\/www.serif.com\/\" width=\"100%\" height=\"100%\" viewBox=\"0 0 200 200\" xml:space=\"preserve\" style=\"fill-rule:evenodd;clip-rule:evenodd;stroke-linejoin:round;stroke-miterlimit:2;\"> <g transform=\"matrix(6.12323e-17,-1,1,6.12323e-17,-2.84217e-14,200)\"> <g transform=\"matrix(-5.37786e-17,-0.878272,0.878272,-5.37786e-17,-699.876,4071.73)\"> <path d=\"M4636.07,910.741L4533.6,796.879L4533.6,859.502L4448.2,859.502L4482.36,910.741L4448.2,961.976L4532.87,961.976L4533.6,1024.6L4636.07,910.741Z\" style=\"fill-rule:nonzero;\"><\/path> <\/g> <g transform=\"matrix(1,0,0,1,0,15)\"> <path d=\"M55,170L100,140L145,170L145,185L55,185L55,170Z\"><\/path> <\/g> <\/g> <\/svg>\t\t\t<\/a>\n\t\t<\/div>\n\t\t\t\t\t\t<\/div>\n\t\t\t\t<\/div>\n\t\t<div class=\"elementor-element elementor-element-19a1303a e-con-full e-flex e-con e-child\" data-id=\"19a1303a\" data-element_type=\"container\" data-e-type=\"container\">\n\t\t\t\t<div class=\"elementor-element elementor-element-21cb010a elementor-view-default elementor-widget elementor-widget-icon\" data-id=\"21cb010a\" data-element_type=\"widget\" data-e-type=\"widget\" data-widget_type=\"icon.default\">\n\t\t\t\t\t\t\t<div class=\"elementor-icon-wrapper\">\n\t\t\t<a class=\"elementor-icon\" href=\"https:\/\/blue-con.de\/mg-entwurf\/referenz-jonen-schweiz\/\">\n\t\t\t<svg xmlns=\"http:\/\/www.w3.org\/2000\/svg\" xmlns:xlink=\"http:\/\/www.w3.org\/1999\/xlink\" xmlns:serif=\"http:\/\/www.serif.com\/\" width=\"100%\" height=\"100%\" viewBox=\"0 0 200 200\" xml:space=\"preserve\" style=\"fill-rule:evenodd;clip-rule:evenodd;stroke-linejoin:round;stroke-miterlimit:2;\"> <g transform=\"matrix(6.12323e-17,1,-1,6.12323e-17,200,0)\"> <g transform=\"matrix(-5.37786e-17,-0.878272,0.878272,-5.37786e-17,-699.876,4071.73)\"> <path d=\"M4636.07,910.741L4533.6,796.879L4533.6,859.502L4448.2,859.502L4482.36,910.741L4448.2,961.976L4532.87,961.976L4533.6,1024.6L4636.07,910.741Z\" style=\"fill-rule:nonzero;\"><\/path> <\/g> <g transform=\"matrix(1,0,0,1,0,15)\"> <path d=\"M55,170L100,140L145,170L145,185L55,185L55,170Z\"><\/path> <\/g> <\/g> <\/svg>\t\t\t<\/a>\n\t\t<\/div>\n\t\t\t\t\t\t<\/div>\n\t\t\t\t<\/div>\n\t\t\t\t\t<\/div>\n\t\t\t\t<\/div>\n\t\t\t\t<\/div>\n\t\t","protected":false},"excerpt":{"rendered":"<p>Friedberg Aufgrund der Nutzung des Elvis-Presley-Platzes als Fl\u00e4che fu\u0308r den umliegenden Einzelhandel und als Marktstandort, ist eine uneingeschr\u00e4nkte Nutzung der Baumscheibenfl\u00e4che erforderlich. Eine zeitversetzte Pflanzung der gro\u00dfformatigen Kastenplatanen mit einem Wurzelballen &gt; \u00d8 1.200 mm musste m\u00f6glich sein. Das moderne Design der LATERAL\u00ae 1.0 Baumroste fu\u0308gt sich optimal in die Pflasterfl\u00e4che ein und wird durch [&hellip;]<\/p>\n","protected":false},"author":1,"featured_media":0,"parent":0,"menu_order":0,"comment_status":"closed","ping_status":"closed","template":"elementor_canvas","meta":{"footnotes":""},"class_list":["post-3492","page","type-page","status-publish","hentry"],"_links":{"self":[{"href":"https:\/\/blue-con.de\/mg-entwurf\/wp-json\/wp\/v2\/pages\/3492","targetHints":{"allow":["GET"]}}],"collection":[{"href":"https:\/\/blue-con.de\/mg-entwurf\/wp-json\/wp\/v2\/pages"}],"about":[{"href":"https:\/\/blue-con.de\/mg-entwurf\/wp-json\/wp\/v2\/types\/page"}],"author":[{"embeddable":true,"href":"https:\/\/blue-con.de\/mg-entwurf\/wp-json\/wp\/v2\/users\/1"}],"replies":[{"embeddable":true,"href":"https:\/\/blue-con.de\/mg-entwurf\/wp-json\/wp\/v2\/comments?post=3492"}],"version-history":[{"count":16,"href":"https:\/\/blue-con.de\/mg-entwurf\/wp-json\/wp\/v2\/pages\/3492\/revisions"}],"predecessor-version":[{"id":3755,"href":"https:\/\/blue-con.de\/mg-entwurf\/wp-json\/wp\/v2\/pages\/3492\/revisions\/3755"}],"wp:attachment":[{"href":"https:\/\/blue-con.de\/mg-entwurf\/wp-json\/wp\/v2\/media?parent=3492"}],"curies":[{"name":"wp","href":"https:\/\/api.w.org\/{rel}","templated":true}]}}