{"id":3412,"date":"2025-11-14T11:49:02","date_gmt":"2025-11-14T10:49:02","guid":{"rendered":"https:\/\/blue-con.de\/mg-entwurf\/?page_id=3412"},"modified":"2025-11-17T10:52:17","modified_gmt":"2025-11-17T09:52:17","slug":"referenz-bern-schweiz","status":"publish","type":"page","link":"https:\/\/blue-con.de\/mg-entwurf\/referenz-bern-schweiz\/","title":{"rendered":"Referenz-Bern-Schweiz"},"content":{"rendered":"\t\t<div data-elementor-type=\"wp-page\" data-elementor-id=\"3412\" class=\"elementor elementor-3412\" data-elementor-post-type=\"page\">\n\t\t\t\t<div class=\"elementor-element elementor-element-c037393 e-flex e-con-boxed e-con e-parent\" data-id=\"c037393\" data-element_type=\"container\" data-e-type=\"container\">\n\t\t\t\t\t<div class=\"e-con-inner\">\n\t\t<div class=\"elementor-element elementor-element-7dadf9ec e-con-full e-flex e-con e-child\" data-id=\"7dadf9ec\" data-element_type=\"container\" data-e-type=\"container\">\n\t\t\t\t<div class=\"elementor-element elementor-element-405e2f7d elementor-view-default elementor-widget elementor-widget-icon\" data-id=\"405e2f7d\" data-element_type=\"widget\" data-e-type=\"widget\" data-widget_type=\"icon.default\">\n\t\t\t\t\t\t\t<div class=\"elementor-icon-wrapper\">\n\t\t\t<a class=\"elementor-icon\" href=\"https:\/\/blue-con.de\/mg-entwurf\/referenzobjekte\/\">\n\t\t\t<svg xmlns=\"http:\/\/www.w3.org\/2000\/svg\" xmlns:xlink=\"http:\/\/www.w3.org\/1999\/xlink\" xmlns:serif=\"http:\/\/www.serif.com\/\" width=\"100%\" height=\"100%\" viewBox=\"0 0 587 600\" xml:space=\"preserve\" style=\"fill-rule:evenodd;clip-rule:evenodd;stroke-linejoin:round;stroke-miterlimit:2;\"> <g transform=\"matrix(1,0,0,1,-101.219,-134.2)\"> <g transform=\"matrix(-1,0,0,1,789.007,0)\"> <path d=\"M411.126,650.523C293.331,657.816 191.587,567.881 184.314,450.089C177.042,332.296 266.956,230.548 384.748,223.276C433.548,220.266 481.308,233.985 520.668,261.555L465.276,326.978L687.788,349.887L628.499,134.2L574.258,198.262C518.564,157.076 449.893,136.421 379.654,140.759C339.693,143.226 301.39,153.456 265.808,171.166C231.46,188.261 201.111,211.563 175.606,240.425C150.101,269.287 130.709,302.271 117.969,338.461C104.771,375.952 99.329,415.222 101.797,455.183C104.264,495.143 114.494,533.447 132.204,569.029C149.299,603.378 172.601,633.726 201.463,659.231C230.325,684.736 263.309,704.129 299.499,716.868C331.134,728.005 364.033,733.618 397.548,733.618C403.752,733.618 409.98,733.426 416.221,733.041C479.657,729.124 538.934,705.614 587.645,665.054C611.065,645.553 631.287,622.662 647.75,597.015C664.425,571.039 676.881,542.793 684.771,513.063L604.863,491.855C581.187,581.066 503.33,644.831 411.126,650.523Z\" style=\"fill-rule:nonzero;\"><\/path> <\/g> <\/g> <\/svg>\t\t\t<\/a>\n\t\t<\/div>\n\t\t\t\t\t\t<\/div>\n\t\t\t\t<\/div>\n\t\t<div class=\"elementor-element elementor-element-6c0e52d4 e-con-full e-flex e-con e-child\" data-id=\"6c0e52d4\" data-element_type=\"container\" data-e-type=\"container\">\n\t\t\t\t<div class=\"elementor-element elementor-element-bc32ea1 elementor-view-default elementor-widget elementor-widget-icon\" data-id=\"bc32ea1\" data-element_type=\"widget\" data-e-type=\"widget\" data-widget_type=\"icon.default\">\n\t\t\t\t\t\t\t<div class=\"elementor-icon-wrapper\">\n\t\t\t<a class=\"elementor-icon\" href=\"https:\/\/blue-con.de\/mg-entwurf\/referenz-berlin\/\">\n\t\t\t<svg xmlns=\"http:\/\/www.w3.org\/2000\/svg\" xmlns:xlink=\"http:\/\/www.w3.org\/1999\/xlink\" xmlns:serif=\"http:\/\/www.serif.com\/\" width=\"100%\" height=\"100%\" viewBox=\"0 0 200 200\" xml:space=\"preserve\" style=\"fill-rule:evenodd;clip-rule:evenodd;stroke-linejoin:round;stroke-miterlimit:2;\"> <g transform=\"matrix(6.12323e-17,-1,1,6.12323e-17,-2.84217e-14,200)\"> <g transform=\"matrix(-5.37786e-17,-0.878272,0.878272,-5.37786e-17,-699.876,4071.73)\"> <path d=\"M4636.07,910.741L4533.6,796.879L4533.6,859.502L4448.2,859.502L4482.36,910.741L4448.2,961.976L4532.87,961.976L4533.6,1024.6L4636.07,910.741Z\" style=\"fill-rule:nonzero;\"><\/path> <\/g> <g transform=\"matrix(1,0,0,1,0,15)\"> <path d=\"M55,170L100,140L145,170L145,185L55,185L55,170Z\"><\/path> <\/g> <\/g> <\/svg>\t\t\t<\/a>\n\t\t<\/div>\n\t\t\t\t\t\t<\/div>\n\t\t\t\t<\/div>\n\t\t<div class=\"elementor-element elementor-element-41b82f6e e-con-full e-flex e-con e-child\" data-id=\"41b82f6e\" data-element_type=\"container\" data-e-type=\"container\">\n\t\t\t\t<div class=\"elementor-element elementor-element-43c5d585 elementor-view-default elementor-widget elementor-widget-icon\" data-id=\"43c5d585\" data-element_type=\"widget\" data-e-type=\"widget\" data-widget_type=\"icon.default\">\n\t\t\t\t\t\t\t<div class=\"elementor-icon-wrapper\">\n\t\t\t<a class=\"elementor-icon\" href=\"https:\/\/blue-con.de\/mg-entwurf\/referenz-beuren\/\">\n\t\t\t<svg xmlns=\"http:\/\/www.w3.org\/2000\/svg\" xmlns:xlink=\"http:\/\/www.w3.org\/1999\/xlink\" xmlns:serif=\"http:\/\/www.serif.com\/\" width=\"100%\" height=\"100%\" viewBox=\"0 0 200 200\" xml:space=\"preserve\" style=\"fill-rule:evenodd;clip-rule:evenodd;stroke-linejoin:round;stroke-miterlimit:2;\"> <g transform=\"matrix(6.12323e-17,1,-1,6.12323e-17,200,0)\"> <g transform=\"matrix(-5.37786e-17,-0.878272,0.878272,-5.37786e-17,-699.876,4071.73)\"> <path d=\"M4636.07,910.741L4533.6,796.879L4533.6,859.502L4448.2,859.502L4482.36,910.741L4448.2,961.976L4532.87,961.976L4533.6,1024.6L4636.07,910.741Z\" style=\"fill-rule:nonzero;\"><\/path> <\/g> <g transform=\"matrix(1,0,0,1,0,15)\"> <path d=\"M55,170L100,140L145,170L145,185L55,185L55,170Z\"><\/path> <\/g> <\/g> <\/svg>\t\t\t<\/a>\n\t\t<\/div>\n\t\t\t\t\t\t<\/div>\n\t\t\t\t<\/div>\n\t\t\t\t\t<\/div>\n\t\t\t\t<\/div>\n\t\t<div class=\"elementor-element elementor-element-a2c4ac7 e-flex e-con-boxed e-con e-parent\" data-id=\"a2c4ac7\" data-element_type=\"container\" data-e-type=\"container\">\n\t\t\t\t\t<div class=\"e-con-inner\">\n\t\t<div class=\"elementor-element elementor-element-1264ab3 e-con-full e-flex e-con e-child\" data-id=\"1264ab3\" data-element_type=\"container\" data-e-type=\"container\">\n\t\t\t\t<div class=\"elementor-element elementor-element-ac0ad29 elementor-widget elementor-widget-image\" data-id=\"ac0ad29\" data-element_type=\"widget\" data-e-type=\"widget\" data-widget_type=\"image.default\">\n\t\t\t\t\t\t\t\t\t\t\t\t\t\t\t<img fetchpriority=\"high\" decoding=\"async\" width=\"587\" height=\"1000\" src=\"https:\/\/blue-con.de\/mg-entwurf\/wp-content\/uploads\/2025\/11\/bern-001.jpg\" class=\"attachment-full size-full wp-image-3414\" alt=\"\" srcset=\"https:\/\/blue-con.de\/mg-entwurf\/wp-content\/uploads\/2025\/11\/bern-001.jpg 587w, https:\/\/blue-con.de\/mg-entwurf\/wp-content\/uploads\/2025\/11\/bern-001-176x300.jpg 176w\" sizes=\"(max-width: 587px) 100vw, 587px\" \/>\t\t\t\t\t\t\t\t\t\t\t\t\t\t\t<\/div>\n\t\t\t\t<\/div>\n\t\t<div class=\"elementor-element elementor-element-f7b4618 e-con-full e-flex e-con e-child\" data-id=\"f7b4618\" data-element_type=\"container\" data-e-type=\"container\">\n\t\t\t\t<div class=\"elementor-element elementor-element-d3cd6a9 elementor-widget elementor-widget-image\" data-id=\"d3cd6a9\" data-element_type=\"widget\" data-e-type=\"widget\" data-widget_type=\"image.default\">\n\t\t\t\t\t\t\t\t\t\t\t\t\t\t\t<img decoding=\"async\" width=\"358\" height=\"440\" src=\"https:\/\/blue-con.de\/mg-entwurf\/wp-content\/uploads\/2025\/11\/ahornblatt-mit-schatten.svg\" class=\"attachment-full size-full wp-image-2886\" alt=\"Ahornblatt\" \/>\t\t\t\t\t\t\t\t\t\t\t\t\t\t\t<\/div>\n\t\t\t\t<div class=\"elementor-element elementor-element-30517c2 elementor-widget elementor-widget-heading\" data-id=\"30517c2\" data-element_type=\"widget\" data-e-type=\"widget\" data-widget_type=\"heading.default\">\n\t\t\t\t\t<h1 class=\"elementor-heading-title elementor-size-default\">Bern | Schweiz<\/h1>\t\t\t\t<\/div>\n\t\t\t\t<div class=\"elementor-element elementor-element-70948bc elementor-widget elementor-widget-text-editor\" data-id=\"70948bc\" data-element_type=\"widget\" data-e-type=\"widget\" data-widget_type=\"text-editor.default\">\n\t\t\t\t\t\t\t\t\t<p class=\"p1\">Die gro\u00dfe Fl\u00e4che des Guss-Baumrostes, der sich durch die langgezogene Form optimal an das moderne Design der erstellten Geb\u00e4ude anschlie\u00dft, gew\u00e4hrleistet einen artgerechten Gas-\/Luftaustausch der Baumstandorte und bietet den B\u00e4umen ideale Lebensbedingungen.<\/p><ul><li class=\"p1\">Bern Wankdorf-City<\/li><li class=\"p1\">Neuentwicklung eines urbanen Areals f\u00fcr gemeinsames Wohnen und Arbeiten<\/li><li class=\"p1\">Baumroste Lineardesign LATERAL<sup>\u00ae<\/sup> 1.0 als Fl\u00e4chenbaumrost nach individueller Vorgabe der Projektplaner inklusive Stammschutzgitter LIGERO<sup>\u00ae<\/sup><\/li><li class=\"p1\">Gr\u00f6\u00dfe 13.000 x 2.500 mm<\/li><\/ul>\t\t\t\t\t\t\t\t<\/div>\n\t\t\t\t<\/div>\n\t\t\t\t\t<\/div>\n\t\t\t\t<\/div>\n\t\t<div class=\"elementor-element elementor-element-9a39779 e-flex e-con-boxed e-con e-parent\" data-id=\"9a39779\" data-element_type=\"container\" data-e-type=\"container\">\n\t\t\t\t\t<div class=\"e-con-inner\">\n\t\t<div class=\"elementor-element elementor-element-c03b0c9 e-con-full e-flex e-con e-child\" data-id=\"c03b0c9\" data-element_type=\"container\" data-e-type=\"container\">\n\t\t\t\t<div class=\"elementor-element elementor-element-db475d8 elementor-widget elementor-widget-image\" data-id=\"db475d8\" data-element_type=\"widget\" data-e-type=\"widget\" data-widget_type=\"image.default\">\n\t\t\t\t\t\t\t\t\t\t\t\t\t\t\t<img decoding=\"async\" width=\"1473\" height=\"534\" src=\"https:\/\/blue-con.de\/mg-entwurf\/wp-content\/uploads\/2025\/11\/bern-002.jpg\" class=\"attachment-full size-full wp-image-3415\" alt=\"\" srcset=\"https:\/\/blue-con.de\/mg-entwurf\/wp-content\/uploads\/2025\/11\/bern-002.jpg 1473w, https:\/\/blue-con.de\/mg-entwurf\/wp-content\/uploads\/2025\/11\/bern-002-300x109.jpg 300w, https:\/\/blue-con.de\/mg-entwurf\/wp-content\/uploads\/2025\/11\/bern-002-1024x371.jpg 1024w, https:\/\/blue-con.de\/mg-entwurf\/wp-content\/uploads\/2025\/11\/bern-002-768x278.jpg 768w\" sizes=\"(max-width: 1473px) 100vw, 1473px\" \/>\t\t\t\t\t\t\t\t\t\t\t\t\t\t\t<\/div>\n\t\t\t\t<\/div>\n\t\t\t\t\t<\/div>\n\t\t\t\t<\/div>\n\t\t<div class=\"elementor-element elementor-element-1d425d85 e-flex e-con-boxed e-con e-parent\" data-id=\"1d425d85\" data-element_type=\"container\" data-e-type=\"container\">\n\t\t\t\t\t<div class=\"e-con-inner\">\n\t\t<div class=\"elementor-element elementor-element-60e7afe e-con-full e-flex e-con e-child\" data-id=\"60e7afe\" data-element_type=\"container\" data-e-type=\"container\">\n\t\t\t\t<div class=\"elementor-element elementor-element-32894d0a elementor-view-default elementor-widget elementor-widget-icon\" data-id=\"32894d0a\" data-element_type=\"widget\" data-e-type=\"widget\" data-widget_type=\"icon.default\">\n\t\t\t\t\t\t\t<div class=\"elementor-icon-wrapper\">\n\t\t\t<a class=\"elementor-icon\" href=\"https:\/\/blue-con.de\/mg-entwurf\/referenzobjekte\/\">\n\t\t\t<svg xmlns=\"http:\/\/www.w3.org\/2000\/svg\" xmlns:xlink=\"http:\/\/www.w3.org\/1999\/xlink\" xmlns:serif=\"http:\/\/www.serif.com\/\" width=\"100%\" height=\"100%\" viewBox=\"0 0 587 600\" xml:space=\"preserve\" style=\"fill-rule:evenodd;clip-rule:evenodd;stroke-linejoin:round;stroke-miterlimit:2;\"> <g transform=\"matrix(1,0,0,1,-101.219,-134.2)\"> <g transform=\"matrix(-1,0,0,1,789.007,0)\"> <path d=\"M411.126,650.523C293.331,657.816 191.587,567.881 184.314,450.089C177.042,332.296 266.956,230.548 384.748,223.276C433.548,220.266 481.308,233.985 520.668,261.555L465.276,326.978L687.788,349.887L628.499,134.2L574.258,198.262C518.564,157.076 449.893,136.421 379.654,140.759C339.693,143.226 301.39,153.456 265.808,171.166C231.46,188.261 201.111,211.563 175.606,240.425C150.101,269.287 130.709,302.271 117.969,338.461C104.771,375.952 99.329,415.222 101.797,455.183C104.264,495.143 114.494,533.447 132.204,569.029C149.299,603.378 172.601,633.726 201.463,659.231C230.325,684.736 263.309,704.129 299.499,716.868C331.134,728.005 364.033,733.618 397.548,733.618C403.752,733.618 409.98,733.426 416.221,733.041C479.657,729.124 538.934,705.614 587.645,665.054C611.065,645.553 631.287,622.662 647.75,597.015C664.425,571.039 676.881,542.793 684.771,513.063L604.863,491.855C581.187,581.066 503.33,644.831 411.126,650.523Z\" style=\"fill-rule:nonzero;\"><\/path> <\/g> <\/g> <\/svg>\t\t\t<\/a>\n\t\t<\/div>\n\t\t\t\t\t\t<\/div>\n\t\t\t\t<\/div>\n\t\t<div class=\"elementor-element elementor-element-3e78fd62 e-con-full e-flex e-con e-child\" data-id=\"3e78fd62\" data-element_type=\"container\" data-e-type=\"container\">\n\t\t\t\t<div class=\"elementor-element elementor-element-315c6d64 elementor-view-default elementor-widget elementor-widget-icon\" data-id=\"315c6d64\" data-element_type=\"widget\" data-e-type=\"widget\" data-widget_type=\"icon.default\">\n\t\t\t\t\t\t\t<div class=\"elementor-icon-wrapper\">\n\t\t\t<a class=\"elementor-icon\" href=\"https:\/\/blue-con.de\/mg-entwurf\/referenz-berlin\/\">\n\t\t\t<svg xmlns=\"http:\/\/www.w3.org\/2000\/svg\" xmlns:xlink=\"http:\/\/www.w3.org\/1999\/xlink\" xmlns:serif=\"http:\/\/www.serif.com\/\" width=\"100%\" height=\"100%\" viewBox=\"0 0 200 200\" xml:space=\"preserve\" style=\"fill-rule:evenodd;clip-rule:evenodd;stroke-linejoin:round;stroke-miterlimit:2;\"> <g transform=\"matrix(6.12323e-17,-1,1,6.12323e-17,-2.84217e-14,200)\"> <g transform=\"matrix(-5.37786e-17,-0.878272,0.878272,-5.37786e-17,-699.876,4071.73)\"> <path d=\"M4636.07,910.741L4533.6,796.879L4533.6,859.502L4448.2,859.502L4482.36,910.741L4448.2,961.976L4532.87,961.976L4533.6,1024.6L4636.07,910.741Z\" style=\"fill-rule:nonzero;\"><\/path> <\/g> <g transform=\"matrix(1,0,0,1,0,15)\"> <path d=\"M55,170L100,140L145,170L145,185L55,185L55,170Z\"><\/path> <\/g> <\/g> <\/svg>\t\t\t<\/a>\n\t\t<\/div>\n\t\t\t\t\t\t<\/div>\n\t\t\t\t<\/div>\n\t\t<div class=\"elementor-element elementor-element-27788261 e-con-full e-flex e-con e-child\" data-id=\"27788261\" data-element_type=\"container\" data-e-type=\"container\">\n\t\t\t\t<div class=\"elementor-element elementor-element-844a409 elementor-view-default elementor-widget elementor-widget-icon\" data-id=\"844a409\" data-element_type=\"widget\" data-e-type=\"widget\" data-widget_type=\"icon.default\">\n\t\t\t\t\t\t\t<div class=\"elementor-icon-wrapper\">\n\t\t\t<a class=\"elementor-icon\" href=\"https:\/\/blue-con.de\/mg-entwurf\/referenz-beuren\/\">\n\t\t\t<svg xmlns=\"http:\/\/www.w3.org\/2000\/svg\" xmlns:xlink=\"http:\/\/www.w3.org\/1999\/xlink\" xmlns:serif=\"http:\/\/www.serif.com\/\" width=\"100%\" height=\"100%\" viewBox=\"0 0 200 200\" xml:space=\"preserve\" style=\"fill-rule:evenodd;clip-rule:evenodd;stroke-linejoin:round;stroke-miterlimit:2;\"> <g transform=\"matrix(6.12323e-17,1,-1,6.12323e-17,200,0)\"> <g transform=\"matrix(-5.37786e-17,-0.878272,0.878272,-5.37786e-17,-699.876,4071.73)\"> <path d=\"M4636.07,910.741L4533.6,796.879L4533.6,859.502L4448.2,859.502L4482.36,910.741L4448.2,961.976L4532.87,961.976L4533.6,1024.6L4636.07,910.741Z\" style=\"fill-rule:nonzero;\"><\/path> <\/g> <g transform=\"matrix(1,0,0,1,0,15)\"> <path d=\"M55,170L100,140L145,170L145,185L55,185L55,170Z\"><\/path> <\/g> <\/g> <\/svg>\t\t\t<\/a>\n\t\t<\/div>\n\t\t\t\t\t\t<\/div>\n\t\t\t\t<\/div>\n\t\t\t\t\t<\/div>\n\t\t\t\t<\/div>\n\t\t\t\t<\/div>\n\t\t","protected":false},"excerpt":{"rendered":"<p>Bern | Schweiz Die gro\u00dfe Fl\u00e4che des Guss-Baumrostes, der sich durch die langgezogene Form optimal an das moderne Design der erstellten Geb\u00e4ude anschlie\u00dft, gew\u00e4hrleistet einen artgerechten Gas-\/Luftaustausch der Baumstandorte und bietet den B\u00e4umen ideale Lebensbedingungen. Bern Wankdorf-City Neuentwicklung eines urbanen Areals f\u00fcr gemeinsames Wohnen und Arbeiten Baumroste Lineardesign LATERAL\u00ae 1.0 als Fl\u00e4chenbaumrost nach individueller Vorgabe [&hellip;]<\/p>\n","protected":false},"author":1,"featured_media":0,"parent":0,"menu_order":0,"comment_status":"closed","ping_status":"closed","template":"elementor_canvas","meta":{"footnotes":""},"class_list":["post-3412","page","type-page","status-publish","hentry"],"_links":{"self":[{"href":"https:\/\/blue-con.de\/mg-entwurf\/wp-json\/wp\/v2\/pages\/3412","targetHints":{"allow":["GET"]}}],"collection":[{"href":"https:\/\/blue-con.de\/mg-entwurf\/wp-json\/wp\/v2\/pages"}],"about":[{"href":"https:\/\/blue-con.de\/mg-entwurf\/wp-json\/wp\/v2\/types\/page"}],"author":[{"embeddable":true,"href":"https:\/\/blue-con.de\/mg-entwurf\/wp-json\/wp\/v2\/users\/1"}],"replies":[{"embeddable":true,"href":"https:\/\/blue-con.de\/mg-entwurf\/wp-json\/wp\/v2\/comments?post=3412"}],"version-history":[{"count":10,"href":"https:\/\/blue-con.de\/mg-entwurf\/wp-json\/wp\/v2\/pages\/3412\/revisions"}],"predecessor-version":[{"id":3726,"href":"https:\/\/blue-con.de\/mg-entwurf\/wp-json\/wp\/v2\/pages\/3412\/revisions\/3726"}],"wp:attachment":[{"href":"https:\/\/blue-con.de\/mg-entwurf\/wp-json\/wp\/v2\/media?parent=3412"}],"curies":[{"name":"wp","href":"https:\/\/api.w.org\/{rel}","templated":true}]}}