{"id":3363,"date":"2025-11-14T10:46:02","date_gmt":"2025-11-14T09:46:02","guid":{"rendered":"https:\/\/blue-con.de\/mg-entwurf\/?page_id=3363"},"modified":"2025-11-17T10:44:23","modified_gmt":"2025-11-17T09:44:23","slug":"referenz-antwerpen-belgien","status":"publish","type":"page","link":"https:\/\/blue-con.de\/mg-entwurf\/referenz-antwerpen-belgien\/","title":{"rendered":"Referenz-Antwerpen-Belgien"},"content":{"rendered":"\t\t<div data-elementor-type=\"wp-page\" data-elementor-id=\"3363\" class=\"elementor elementor-3363\" data-elementor-post-type=\"page\">\n\t\t\t\t<div class=\"elementor-element elementor-element-7c2587c8 e-flex e-con-boxed e-con e-parent\" data-id=\"7c2587c8\" data-element_type=\"container\" data-e-type=\"container\">\n\t\t\t\t\t<div class=\"e-con-inner\">\n\t\t<div class=\"elementor-element elementor-element-6e6d2e1a e-con-full e-flex e-con e-child\" data-id=\"6e6d2e1a\" data-element_type=\"container\" data-e-type=\"container\">\n\t\t\t\t<div class=\"elementor-element elementor-element-7685f14c elementor-view-default elementor-widget elementor-widget-icon\" data-id=\"7685f14c\" data-element_type=\"widget\" data-e-type=\"widget\" data-widget_type=\"icon.default\">\n\t\t\t\t\t\t\t<div class=\"elementor-icon-wrapper\">\n\t\t\t<a class=\"elementor-icon\" href=\"https:\/\/blue-con.de\/mg-entwurf\/referenzobjekte\/\">\n\t\t\t<svg xmlns=\"http:\/\/www.w3.org\/2000\/svg\" xmlns:xlink=\"http:\/\/www.w3.org\/1999\/xlink\" xmlns:serif=\"http:\/\/www.serif.com\/\" width=\"100%\" height=\"100%\" viewBox=\"0 0 587 600\" xml:space=\"preserve\" style=\"fill-rule:evenodd;clip-rule:evenodd;stroke-linejoin:round;stroke-miterlimit:2;\"> <g transform=\"matrix(1,0,0,1,-101.219,-134.2)\"> <g transform=\"matrix(-1,0,0,1,789.007,0)\"> <path d=\"M411.126,650.523C293.331,657.816 191.587,567.881 184.314,450.089C177.042,332.296 266.956,230.548 384.748,223.276C433.548,220.266 481.308,233.985 520.668,261.555L465.276,326.978L687.788,349.887L628.499,134.2L574.258,198.262C518.564,157.076 449.893,136.421 379.654,140.759C339.693,143.226 301.39,153.456 265.808,171.166C231.46,188.261 201.111,211.563 175.606,240.425C150.101,269.287 130.709,302.271 117.969,338.461C104.771,375.952 99.329,415.222 101.797,455.183C104.264,495.143 114.494,533.447 132.204,569.029C149.299,603.378 172.601,633.726 201.463,659.231C230.325,684.736 263.309,704.129 299.499,716.868C331.134,728.005 364.033,733.618 397.548,733.618C403.752,733.618 409.98,733.426 416.221,733.041C479.657,729.124 538.934,705.614 587.645,665.054C611.065,645.553 631.287,622.662 647.75,597.015C664.425,571.039 676.881,542.793 684.771,513.063L604.863,491.855C581.187,581.066 503.33,644.831 411.126,650.523Z\" style=\"fill-rule:nonzero;\"><\/path> <\/g> <\/g> <\/svg>\t\t\t<\/a>\n\t\t<\/div>\n\t\t\t\t\t\t<\/div>\n\t\t\t\t<\/div>\n\t\t<div class=\"elementor-element elementor-element-6023b50d e-con-full e-flex e-con e-child\" data-id=\"6023b50d\" data-element_type=\"container\" data-e-type=\"container\">\n\t\t\t\t<div class=\"elementor-element elementor-element-7c4b6a98 elementor-view-default elementor-widget elementor-widget-icon\" data-id=\"7c4b6a98\" data-element_type=\"widget\" data-e-type=\"widget\" data-widget_type=\"icon.default\">\n\t\t\t\t\t\t\t<div class=\"elementor-icon-wrapper\">\n\t\t\t<a class=\"elementor-icon\" href=\"https:\/\/blue-con.de\/mg-entwurf\/referenz-aichach\/\">\n\t\t\t<svg xmlns=\"http:\/\/www.w3.org\/2000\/svg\" xmlns:xlink=\"http:\/\/www.w3.org\/1999\/xlink\" xmlns:serif=\"http:\/\/www.serif.com\/\" width=\"100%\" height=\"100%\" viewBox=\"0 0 200 200\" xml:space=\"preserve\" style=\"fill-rule:evenodd;clip-rule:evenodd;stroke-linejoin:round;stroke-miterlimit:2;\"> <g transform=\"matrix(6.12323e-17,-1,1,6.12323e-17,-2.84217e-14,200)\"> <g transform=\"matrix(-5.37786e-17,-0.878272,0.878272,-5.37786e-17,-699.876,4071.73)\"> <path d=\"M4636.07,910.741L4533.6,796.879L4533.6,859.502L4448.2,859.502L4482.36,910.741L4448.2,961.976L4532.87,961.976L4533.6,1024.6L4636.07,910.741Z\" style=\"fill-rule:nonzero;\"><\/path> <\/g> <g transform=\"matrix(1,0,0,1,0,15)\"> <path d=\"M55,170L100,140L145,170L145,185L55,185L55,170Z\"><\/path> <\/g> <\/g> <\/svg>\t\t\t<\/a>\n\t\t<\/div>\n\t\t\t\t\t\t<\/div>\n\t\t\t\t<\/div>\n\t\t<div class=\"elementor-element elementor-element-5b578b4c e-con-full e-flex e-con e-child\" data-id=\"5b578b4c\" data-element_type=\"container\" data-e-type=\"container\">\n\t\t\t\t<div class=\"elementor-element elementor-element-343a35a9 elementor-view-default elementor-widget elementor-widget-icon\" data-id=\"343a35a9\" data-element_type=\"widget\" data-e-type=\"widget\" data-widget_type=\"icon.default\">\n\t\t\t\t\t\t\t<div class=\"elementor-icon-wrapper\">\n\t\t\t<a class=\"elementor-icon\" href=\"https:\/\/blue-con.de\/mg-entwurf\/referenz-arnheim-niederlande\/\">\n\t\t\t<svg xmlns=\"http:\/\/www.w3.org\/2000\/svg\" xmlns:xlink=\"http:\/\/www.w3.org\/1999\/xlink\" xmlns:serif=\"http:\/\/www.serif.com\/\" width=\"100%\" height=\"100%\" viewBox=\"0 0 200 200\" xml:space=\"preserve\" style=\"fill-rule:evenodd;clip-rule:evenodd;stroke-linejoin:round;stroke-miterlimit:2;\"> <g transform=\"matrix(6.12323e-17,1,-1,6.12323e-17,200,0)\"> <g transform=\"matrix(-5.37786e-17,-0.878272,0.878272,-5.37786e-17,-699.876,4071.73)\"> <path d=\"M4636.07,910.741L4533.6,796.879L4533.6,859.502L4448.2,859.502L4482.36,910.741L4448.2,961.976L4532.87,961.976L4533.6,1024.6L4636.07,910.741Z\" style=\"fill-rule:nonzero;\"><\/path> <\/g> <g transform=\"matrix(1,0,0,1,0,15)\"> <path d=\"M55,170L100,140L145,170L145,185L55,185L55,170Z\"><\/path> <\/g> <\/g> <\/svg>\t\t\t<\/a>\n\t\t<\/div>\n\t\t\t\t\t\t<\/div>\n\t\t\t\t<\/div>\n\t\t\t\t\t<\/div>\n\t\t\t\t<\/div>\n\t\t<div class=\"elementor-element elementor-element-225746b e-flex e-con-boxed e-con e-parent\" data-id=\"225746b\" data-element_type=\"container\" data-e-type=\"container\">\n\t\t\t\t\t<div class=\"e-con-inner\">\n\t\t<div class=\"elementor-element elementor-element-17baa5a e-con-full e-flex e-con e-child\" data-id=\"17baa5a\" data-element_type=\"container\" data-e-type=\"container\">\n\t\t\t\t<div class=\"elementor-element elementor-element-d774c05 elementor-widget elementor-widget-image\" data-id=\"d774c05\" data-element_type=\"widget\" data-e-type=\"widget\" data-widget_type=\"image.default\">\n\t\t\t\t\t\t\t\t\t\t\t\t\t\t\t<img fetchpriority=\"high\" decoding=\"async\" width=\"906\" height=\"1000\" src=\"https:\/\/blue-con.de\/mg-entwurf\/wp-content\/uploads\/2025\/11\/antwerpen-001.jpg\" class=\"attachment-full size-full wp-image-3324\" alt=\"\" srcset=\"https:\/\/blue-con.de\/mg-entwurf\/wp-content\/uploads\/2025\/11\/antwerpen-001.jpg 906w, https:\/\/blue-con.de\/mg-entwurf\/wp-content\/uploads\/2025\/11\/antwerpen-001-272x300.jpg 272w, https:\/\/blue-con.de\/mg-entwurf\/wp-content\/uploads\/2025\/11\/antwerpen-001-768x848.jpg 768w\" sizes=\"(max-width: 906px) 100vw, 906px\" \/>\t\t\t\t\t\t\t\t\t\t\t\t\t\t\t<\/div>\n\t\t\t\t<\/div>\n\t\t<div class=\"elementor-element elementor-element-71bb578 e-con-full e-flex e-con e-child\" data-id=\"71bb578\" data-element_type=\"container\" data-e-type=\"container\">\n\t\t<div class=\"elementor-element elementor-element-8c95ced e-con-full e-flex e-con e-child\" data-id=\"8c95ced\" data-element_type=\"container\" data-e-type=\"container\">\n\t\t\t\t<div class=\"elementor-element elementor-element-40730d3 elementor-widget elementor-widget-image\" data-id=\"40730d3\" data-element_type=\"widget\" data-e-type=\"widget\" data-widget_type=\"image.default\">\n\t\t\t\t\t\t\t\t\t\t\t\t\t\t\t<img decoding=\"async\" width=\"358\" height=\"440\" src=\"https:\/\/blue-con.de\/mg-entwurf\/wp-content\/uploads\/2025\/11\/ahornblatt-mit-schatten.svg\" class=\"attachment-full size-full wp-image-2886\" alt=\"Ahornblatt\" \/>\t\t\t\t\t\t\t\t\t\t\t\t\t\t\t<\/div>\n\t\t\t\t<\/div>\n\t\t<div class=\"elementor-element elementor-element-c7328cb e-con-full e-flex e-con e-child\" data-id=\"c7328cb\" data-element_type=\"container\" data-e-type=\"container\">\n\t\t\t\t<div class=\"elementor-element elementor-element-2aedc1c elementor-widget elementor-widget-heading\" data-id=\"2aedc1c\" data-element_type=\"widget\" data-e-type=\"widget\" data-widget_type=\"heading.default\">\n\t\t\t\t\t<h1 class=\"elementor-heading-title elementor-size-default\">Antwerpen | Belgien<\/h1>\t\t\t\t<\/div>\n\t\t\t\t<\/div>\n\t\t\t\t<div class=\"elementor-element elementor-element-79937c1 elementor-widget elementor-widget-text-editor\" data-id=\"79937c1\" data-element_type=\"widget\" data-e-type=\"widget\" data-widget_type=\"text-editor.default\">\n\t\t\t\t\t\t\t\t\t<ul><li>Diverse Standorte im gesamten Stadtgebiet<\/li><li>Projektl\u00f6sung f\u00fcr die Stadt Antwerpen auf Basis RONDELLO<sup>\u00ae<\/sup> 2.0 Baumrost, allerdings mit 70 kN Traglast und Ver-gr\u00f6\u00dferung des L\u00fcftungsquerschnitts<\/li><li>Gr\u00f6\u00dfe 1.500 x 1.500 mm und 1.800 x 1.800 mm<\/li><\/ul>\t\t\t\t\t\t\t\t<\/div>\n\t\t\t\t<\/div>\n\t\t\t\t\t<\/div>\n\t\t\t\t<\/div>\n\t\t<div class=\"elementor-element elementor-element-08eb6b1 e-flex e-con-boxed e-con e-parent\" data-id=\"08eb6b1\" data-element_type=\"container\" data-e-type=\"container\">\n\t\t\t\t\t<div class=\"e-con-inner\">\n\t\t<div class=\"elementor-element elementor-element-d075b9e e-con-full e-flex e-con e-child\" data-id=\"d075b9e\" data-element_type=\"container\" data-e-type=\"container\">\n\t\t\t\t<div class=\"elementor-element elementor-element-5916ff3 elementor-widget elementor-widget-image\" data-id=\"5916ff3\" data-element_type=\"widget\" data-e-type=\"widget\" data-widget_type=\"image.default\">\n\t\t\t\t\t\t\t\t\t\t\t\t\t\t\t<img decoding=\"async\" width=\"848\" height=\"534\" src=\"https:\/\/blue-con.de\/mg-entwurf\/wp-content\/uploads\/2025\/11\/antwerpen-002.jpg\" class=\"attachment-full size-full wp-image-3325\" alt=\"\" srcset=\"https:\/\/blue-con.de\/mg-entwurf\/wp-content\/uploads\/2025\/11\/antwerpen-002.jpg 848w, https:\/\/blue-con.de\/mg-entwurf\/wp-content\/uploads\/2025\/11\/antwerpen-002-300x189.jpg 300w, https:\/\/blue-con.de\/mg-entwurf\/wp-content\/uploads\/2025\/11\/antwerpen-002-768x484.jpg 768w\" sizes=\"(max-width: 848px) 100vw, 848px\" \/>\t\t\t\t\t\t\t\t\t\t\t\t\t\t\t<\/div>\n\t\t\t\t<\/div>\n\t\t\t\t\t<\/div>\n\t\t\t\t<\/div>\n\t\t<div class=\"elementor-element elementor-element-421ff94b e-flex e-con-boxed e-con e-parent\" data-id=\"421ff94b\" data-element_type=\"container\" data-e-type=\"container\">\n\t\t\t\t\t<div class=\"e-con-inner\">\n\t\t<div class=\"elementor-element elementor-element-7c3e4575 e-con-full e-flex e-con e-child\" data-id=\"7c3e4575\" data-element_type=\"container\" data-e-type=\"container\">\n\t\t\t\t<div class=\"elementor-element elementor-element-616f3acd elementor-view-default elementor-widget elementor-widget-icon\" data-id=\"616f3acd\" data-element_type=\"widget\" data-e-type=\"widget\" data-widget_type=\"icon.default\">\n\t\t\t\t\t\t\t<div class=\"elementor-icon-wrapper\">\n\t\t\t<a class=\"elementor-icon\" href=\"https:\/\/blue-con.de\/mg-entwurf\/referenzobjekte\/\">\n\t\t\t<svg xmlns=\"http:\/\/www.w3.org\/2000\/svg\" xmlns:xlink=\"http:\/\/www.w3.org\/1999\/xlink\" xmlns:serif=\"http:\/\/www.serif.com\/\" width=\"100%\" height=\"100%\" viewBox=\"0 0 587 600\" xml:space=\"preserve\" style=\"fill-rule:evenodd;clip-rule:evenodd;stroke-linejoin:round;stroke-miterlimit:2;\"> <g transform=\"matrix(1,0,0,1,-101.219,-134.2)\"> <g transform=\"matrix(-1,0,0,1,789.007,0)\"> <path d=\"M411.126,650.523C293.331,657.816 191.587,567.881 184.314,450.089C177.042,332.296 266.956,230.548 384.748,223.276C433.548,220.266 481.308,233.985 520.668,261.555L465.276,326.978L687.788,349.887L628.499,134.2L574.258,198.262C518.564,157.076 449.893,136.421 379.654,140.759C339.693,143.226 301.39,153.456 265.808,171.166C231.46,188.261 201.111,211.563 175.606,240.425C150.101,269.287 130.709,302.271 117.969,338.461C104.771,375.952 99.329,415.222 101.797,455.183C104.264,495.143 114.494,533.447 132.204,569.029C149.299,603.378 172.601,633.726 201.463,659.231C230.325,684.736 263.309,704.129 299.499,716.868C331.134,728.005 364.033,733.618 397.548,733.618C403.752,733.618 409.98,733.426 416.221,733.041C479.657,729.124 538.934,705.614 587.645,665.054C611.065,645.553 631.287,622.662 647.75,597.015C664.425,571.039 676.881,542.793 684.771,513.063L604.863,491.855C581.187,581.066 503.33,644.831 411.126,650.523Z\" style=\"fill-rule:nonzero;\"><\/path> <\/g> <\/g> <\/svg>\t\t\t<\/a>\n\t\t<\/div>\n\t\t\t\t\t\t<\/div>\n\t\t\t\t<\/div>\n\t\t<div class=\"elementor-element elementor-element-105e058e e-con-full e-flex e-con e-child\" data-id=\"105e058e\" data-element_type=\"container\" data-e-type=\"container\">\n\t\t\t\t<div class=\"elementor-element elementor-element-632dba5d elementor-view-default elementor-widget elementor-widget-icon\" data-id=\"632dba5d\" data-element_type=\"widget\" data-e-type=\"widget\" data-widget_type=\"icon.default\">\n\t\t\t\t\t\t\t<div class=\"elementor-icon-wrapper\">\n\t\t\t<a class=\"elementor-icon\" href=\"https:\/\/blue-con.de\/mg-entwurf\/referenz-aichach\/\">\n\t\t\t<svg xmlns=\"http:\/\/www.w3.org\/2000\/svg\" xmlns:xlink=\"http:\/\/www.w3.org\/1999\/xlink\" xmlns:serif=\"http:\/\/www.serif.com\/\" width=\"100%\" height=\"100%\" viewBox=\"0 0 200 200\" xml:space=\"preserve\" style=\"fill-rule:evenodd;clip-rule:evenodd;stroke-linejoin:round;stroke-miterlimit:2;\"> <g transform=\"matrix(6.12323e-17,-1,1,6.12323e-17,-2.84217e-14,200)\"> <g transform=\"matrix(-5.37786e-17,-0.878272,0.878272,-5.37786e-17,-699.876,4071.73)\"> <path d=\"M4636.07,910.741L4533.6,796.879L4533.6,859.502L4448.2,859.502L4482.36,910.741L4448.2,961.976L4532.87,961.976L4533.6,1024.6L4636.07,910.741Z\" style=\"fill-rule:nonzero;\"><\/path> <\/g> <g transform=\"matrix(1,0,0,1,0,15)\"> <path d=\"M55,170L100,140L145,170L145,185L55,185L55,170Z\"><\/path> <\/g> <\/g> <\/svg>\t\t\t<\/a>\n\t\t<\/div>\n\t\t\t\t\t\t<\/div>\n\t\t\t\t<\/div>\n\t\t<div class=\"elementor-element elementor-element-11633154 e-con-full e-flex e-con e-child\" data-id=\"11633154\" data-element_type=\"container\" data-e-type=\"container\">\n\t\t\t\t<div class=\"elementor-element elementor-element-5b051702 elementor-view-default elementor-widget elementor-widget-icon\" data-id=\"5b051702\" data-element_type=\"widget\" data-e-type=\"widget\" data-widget_type=\"icon.default\">\n\t\t\t\t\t\t\t<div class=\"elementor-icon-wrapper\">\n\t\t\t<a class=\"elementor-icon\" href=\"https:\/\/blue-con.de\/mg-entwurf\/referenz-arnheim-niederlande\/\">\n\t\t\t<svg xmlns=\"http:\/\/www.w3.org\/2000\/svg\" xmlns:xlink=\"http:\/\/www.w3.org\/1999\/xlink\" xmlns:serif=\"http:\/\/www.serif.com\/\" width=\"100%\" height=\"100%\" viewBox=\"0 0 200 200\" xml:space=\"preserve\" style=\"fill-rule:evenodd;clip-rule:evenodd;stroke-linejoin:round;stroke-miterlimit:2;\"> <g transform=\"matrix(6.12323e-17,1,-1,6.12323e-17,200,0)\"> <g transform=\"matrix(-5.37786e-17,-0.878272,0.878272,-5.37786e-17,-699.876,4071.73)\"> <path d=\"M4636.07,910.741L4533.6,796.879L4533.6,859.502L4448.2,859.502L4482.36,910.741L4448.2,961.976L4532.87,961.976L4533.6,1024.6L4636.07,910.741Z\" style=\"fill-rule:nonzero;\"><\/path> <\/g> <g transform=\"matrix(1,0,0,1,0,15)\"> <path d=\"M55,170L100,140L145,170L145,185L55,185L55,170Z\"><\/path> <\/g> <\/g> <\/svg>\t\t\t<\/a>\n\t\t<\/div>\n\t\t\t\t\t\t<\/div>\n\t\t\t\t<\/div>\n\t\t\t\t\t<\/div>\n\t\t\t\t<\/div>\n\t\t\t\t<\/div>\n\t\t","protected":false},"excerpt":{"rendered":"<p>Antwerpen | Belgien Diverse Standorte im gesamten Stadtgebiet Projektl\u00f6sung f\u00fcr die Stadt Antwerpen auf Basis RONDELLO\u00ae 2.0 Baumrost, allerdings mit 70 kN Traglast und Ver-gr\u00f6\u00dferung des L\u00fcftungsquerschnitts Gr\u00f6\u00dfe 1.500 x 1.500 mm und 1.800 x 1.800 mm<\/p>\n","protected":false},"author":1,"featured_media":0,"parent":0,"menu_order":0,"comment_status":"closed","ping_status":"closed","template":"elementor_canvas","meta":{"footnotes":""},"class_list":["post-3363","page","type-page","status-publish","hentry"],"_links":{"self":[{"href":"https:\/\/blue-con.de\/mg-entwurf\/wp-json\/wp\/v2\/pages\/3363","targetHints":{"allow":["GET"]}}],"collection":[{"href":"https:\/\/blue-con.de\/mg-entwurf\/wp-json\/wp\/v2\/pages"}],"about":[{"href":"https:\/\/blue-con.de\/mg-entwurf\/wp-json\/wp\/v2\/types\/page"}],"author":[{"embeddable":true,"href":"https:\/\/blue-con.de\/mg-entwurf\/wp-json\/wp\/v2\/users\/1"}],"replies":[{"embeddable":true,"href":"https:\/\/blue-con.de\/mg-entwurf\/wp-json\/wp\/v2\/comments?post=3363"}],"version-history":[{"count":13,"href":"https:\/\/blue-con.de\/mg-entwurf\/wp-json\/wp\/v2\/pages\/3363\/revisions"}],"predecessor-version":[{"id":3714,"href":"https:\/\/blue-con.de\/mg-entwurf\/wp-json\/wp\/v2\/pages\/3363\/revisions\/3714"}],"wp:attachment":[{"href":"https:\/\/blue-con.de\/mg-entwurf\/wp-json\/wp\/v2\/media?parent=3363"}],"curies":[{"name":"wp","href":"https:\/\/api.w.org\/{rel}","templated":true}]}}