{"id":3037,"date":"2025-11-11T16:04:27","date_gmt":"2025-11-11T15:04:27","guid":{"rendered":"https:\/\/blue-con.de\/mg-entwurf\/?page_id=3037"},"modified":"2026-03-12T11:30:00","modified_gmt":"2026-03-12T10:30:00","slug":"flaechenrostsysteme","status":"publish","type":"page","link":"https:\/\/blue-con.de\/mg-entwurf\/flaechenrostsysteme\/","title":{"rendered":"Fl\u00e4chenrostsysteme"},"content":{"rendered":"\t\t<div data-elementor-type=\"wp-page\" data-elementor-id=\"3037\" class=\"elementor elementor-3037\" data-elementor-post-type=\"page\">\n\t\t\t\t<div class=\"elementor-element elementor-element-1dadf265 e-con-full e-flex e-con e-parent\" data-id=\"1dadf265\" data-element_type=\"container\" data-e-type=\"container\" data-settings=\"{&quot;background_background&quot;:&quot;slideshow&quot;,&quot;background_slideshow_transition_duration&quot;:3000,&quot;background_slideshow_slide_duration&quot;:3000,&quot;background_slideshow_gallery&quot;:[{&quot;id&quot;:5184,&quot;url&quot;:&quot;https:\\\/\\\/blue-con.de\\\/mg-entwurf\\\/wp-content\\\/uploads\\\/2026\\\/03\\\/header-bs-010.jpg&quot;}],&quot;background_slideshow_slide_transition&quot;:&quot;fade&quot;}\">\n\t\t<div class=\"elementor-element elementor-element-52cd4589 e-con-full e-flex e-con e-child\" data-id=\"52cd4589\" data-element_type=\"container\" data-e-type=\"container\">\n\t\t\t\t<\/div>\n\t\t\t\t<\/div>\n\t\t<div class=\"elementor-element elementor-element-b35008a e-flex e-con-boxed elementor-invisible e-con e-parent\" data-id=\"b35008a\" data-element_type=\"container\" data-e-type=\"container\" data-settings=\"{&quot;animation&quot;:&quot;zoomIn&quot;,&quot;animation_mobile_extra&quot;:&quot;none&quot;}\">\n\t\t\t\t\t<div class=\"e-con-inner\">\n\t\t<div class=\"elementor-element elementor-element-6ccafbe1 e-con-full e-flex e-con e-child\" data-id=\"6ccafbe1\" data-element_type=\"container\" data-e-type=\"container\">\n\t\t\t\t<div class=\"elementor-element elementor-element-5dd0c6ff elementor-widget elementor-widget-image\" data-id=\"5dd0c6ff\" data-element_type=\"widget\" data-e-type=\"widget\" data-widget_type=\"image.default\">\n\t\t\t\t\t\t\t\t\t\t\t\t\t\t\t<img fetchpriority=\"high\" decoding=\"async\" width=\"358\" height=\"440\" src=\"https:\/\/blue-con.de\/mg-entwurf\/wp-content\/uploads\/2025\/11\/ahornblatt-mit-schatten.svg\" class=\"attachment-full size-full wp-image-2886\" alt=\"Ahornblatt\" \/>\t\t\t\t\t\t\t\t\t\t\t\t\t\t\t<\/div>\n\t\t\t\t<\/div>\n\t\t<div class=\"elementor-element elementor-element-2766ebdc e-con-full e-flex e-con e-child\" data-id=\"2766ebdc\" data-element_type=\"container\" data-e-type=\"container\">\n\t\t\t\t<div class=\"elementor-element elementor-element-3694b81f elementor-widget elementor-widget-heading\" data-id=\"3694b81f\" data-element_type=\"widget\" data-e-type=\"widget\" data-widget_type=\"heading.default\">\n\t\t\t\t\t<h1 class=\"elementor-heading-title elementor-size-default\">Freiraum in der Planung ...<\/h1>\t\t\t\t<\/div>\n\t\t\t\t<div class=\"elementor-element elementor-element-a07a5f0 elementor-widget elementor-widget-heading\" data-id=\"a07a5f0\" data-element_type=\"widget\" data-e-type=\"widget\" data-widget_type=\"heading.default\">\n\t\t\t\t\t<h3 class=\"elementor-heading-title elementor-size-default\">... f\u00fcr vitale B\u00e4ume<\/h3>\t\t\t\t<\/div>\n\t\t\t\t<\/div>\n\t\t\t\t\t<\/div>\n\t\t\t\t<\/div>\n\t\t<div class=\"elementor-element elementor-element-3b31eb3 e-flex e-con-boxed elementor-invisible e-con e-parent\" data-id=\"3b31eb3\" data-element_type=\"container\" data-e-type=\"container\" data-settings=\"{&quot;animation&quot;:&quot;fadeInRight&quot;,&quot;animation_mobile_extra&quot;:&quot;none&quot;}\">\n\t\t\t\t\t<div class=\"e-con-inner\">\n\t\t<div class=\"elementor-element elementor-element-f309dec e-con-full e-flex e-con e-child\" data-id=\"f309dec\" data-element_type=\"container\" data-e-type=\"container\">\n\t\t\t\t<div class=\"elementor-element elementor-element-482ddc3 elementor-widget elementor-widget-heading\" data-id=\"482ddc3\" data-element_type=\"widget\" data-e-type=\"widget\" data-widget_type=\"heading.default\">\n\t\t\t\t\t<h3 class=\"elementor-heading-title elementor-size-default\">Baumschutz-Fl\u00e4chenrostsysteme 2.0<\/h3>\t\t\t\t<\/div>\n\t\t\t\t<\/div>\n\t\t<div class=\"elementor-element elementor-element-2e369a4 e-con-full e-flex e-con e-child\" data-id=\"2e369a4\" data-element_type=\"container\" data-e-type=\"container\">\n\t\t\t\t<div class=\"elementor-element elementor-element-817ca5b elementor-widget elementor-widget-text-editor\" data-id=\"817ca5b\" data-element_type=\"widget\" data-e-type=\"widget\" data-widget_type=\"text-editor.default\">\n\t\t\t\t\t\t\t\t\t<p>B\u00e4ume sind weit mehr als nur Schattenspender \u2013 sie sind essenzielle Bestandteile der \u201eSchwammstadt\u201c. Allerdings ben\u00f6tigen B\u00e4ume f\u00fcr eine gesunde und langfristige Entwicklung drei wichtige Dinge: Luft, Wasser und Platz. Mit unseren innovativen Fl\u00e4chenrostsystemen bieten wir den erforderlichen Schutz und erm\u00f6glichen multifunktionale Nutzungsr\u00e4ume in lebenswerten urbanen Umgebungen. Die Baumpflanzgruben werden effektiv vor Verdichtung gesch\u00fctzt und stellen ein gesundes Baumwachstum sicher. Gleichzeitig bleibt die multifunktionale Nutzung des Verkehrsraums auch bei begrenztem Platzangebot f\u00fcr alle Verkehrsteilnehmer gew\u00e4hrleistet. Dank des offenen Designs wird die Wasseraufnahme erleichtert und die f\u00fcr die Temperatursenkung in Innenst\u00e4dten so wichtige R\u00fcckverdunstung kann problemlos erfolgen. Dar\u00fcber hinaus k\u00f6nnen Bel\u00fcftungs- und Bew\u00e4sserungssysteme integriert werden, wodurch der Baumstandort zu einem zentralen Element der \u201eBlau-Gr\u00fcnen Infrastruktur\u201c wird.<\/p>\t\t\t\t\t\t\t\t<\/div>\n\t\t\t\t<\/div>\n\t\t\t\t\t<\/div>\n\t\t\t\t<\/div>\n\t\t<div class=\"elementor-element elementor-element-cc983dd e-flex e-con-boxed elementor-invisible e-con e-parent\" data-id=\"cc983dd\" data-element_type=\"container\" data-e-type=\"container\" data-settings=\"{&quot;animation&quot;:&quot;fadeInLeft&quot;,&quot;animation_mobile_extra&quot;:&quot;none&quot;}\">\n\t\t\t\t\t<div class=\"e-con-inner\">\n\t\t<div class=\"elementor-element elementor-element-f049fcd e-con-full e-flex e-con e-child\" data-id=\"f049fcd\" data-element_type=\"container\" data-e-type=\"container\">\n\t\t\t\t<div class=\"elementor-element elementor-element-55ee228 elementor-widget elementor-widget-heading\" data-id=\"55ee228\" data-element_type=\"widget\" data-e-type=\"widget\" data-widget_type=\"heading.default\">\n\t\t\t\t\t<h3 class=\"elementor-heading-title elementor-size-default\">Neue Vielfalt bei Fl\u00e4chenrostsystemen<\/h3>\t\t\t\t<\/div>\n\t\t\t\t<\/div>\n\t\t<div class=\"elementor-element elementor-element-91b9bc1 e-con-full e-flex e-con e-child\" data-id=\"91b9bc1\" data-element_type=\"container\" data-e-type=\"container\">\n\t\t\t\t<div class=\"elementor-element elementor-element-4b6669f elementor-widget elementor-widget-text-editor\" data-id=\"4b6669f\" data-element_type=\"widget\" data-e-type=\"widget\" data-widget_type=\"text-editor.default\">\n\t\t\t\t\t\t\t\t\t<p>Unsere Fl\u00e4chenrostsysteme bieten unz\u00e4hlige M\u00f6glichkeiten in der Planung \u2013 der Kreativit\u00e4t sind kaum Grenzen gesetzt. Die dabei entstehenden Kombinationen erm\u00f6glichen ein gesundes Baumwachstum und zugleich eine attraktive Stra\u00dfenraumgestaltung.<\/p><p><strong>Variieren Sie nach Ihren W\u00fcnschen und Vorstellungen.<\/strong><\/p>\t\t\t\t\t\t\t\t<\/div>\n\t\t\t\t<\/div>\n\t\t\t\t\t<\/div>\n\t\t\t\t<\/div>\n\t\t<div class=\"elementor-element elementor-element-a11d497 e-flex e-con-boxed elementor-invisible e-con e-parent\" data-id=\"a11d497\" data-element_type=\"container\" data-e-type=\"container\" data-settings=\"{&quot;animation&quot;:&quot;fadeInRight&quot;,&quot;animation_mobile_extra&quot;:&quot;none&quot;}\">\n\t\t\t\t\t<div class=\"e-con-inner\">\n\t\t<div class=\"elementor-element elementor-element-0e90364 e-con-full e-flex e-con e-child\" data-id=\"0e90364\" data-element_type=\"container\" data-e-type=\"container\">\n\t\t\t\t<div class=\"elementor-element elementor-element-e92e8d7 elementor-widget elementor-widget-heading\" data-id=\"e92e8d7\" data-element_type=\"widget\" data-e-type=\"widget\" data-widget_type=\"heading.default\">\n\t\t\t\t\t<h3 class=\"elementor-heading-title elementor-size-default\">Auch um die Ecke denken ist erlaubt!<\/h3>\t\t\t\t<\/div>\n\t\t\t\t<\/div>\n\t\t<div class=\"elementor-element elementor-element-c6a008d e-con-full e-flex e-con e-child\" data-id=\"c6a008d\" data-element_type=\"container\" data-e-type=\"container\">\n\t\t\t\t<div class=\"elementor-element elementor-element-b13ab04 elementor-widget elementor-widget-text-editor\" data-id=\"b13ab04\" data-element_type=\"widget\" data-e-type=\"widget\" data-widget_type=\"text-editor.default\">\n\t\t\t\t\t\t\t\t\t<ul><li>individuell planbare Kombinationen im Rastersystem<\/li><li>keine Verdichtung der Pflanzgrube (freitragend bis 50kN)<\/li><li>ausreichender Wurzelraum<\/li><li>Luft \u2013 Gasaustausch und Bew\u00e4sserung<\/li><li>multifunktionale Nutzung der begrenzten Fl\u00e4che im \u00f6ffentlichen Raum<\/li><li>zukunftsf\u00e4hig dank \u201emitwachsendem\u201c Baumrost<\/li><li>Nachhaltig: 100% wiederverwertbares Gusseisen &amp; <strong>\u201eMade in Germany\u201c<\/strong><\/li><\/ul>\t\t\t\t\t\t\t\t<\/div>\n\t\t\t\t<\/div>\n\t\t\t\t\t<\/div>\n\t\t\t\t<\/div>\n\t\t<div class=\"elementor-element elementor-element-b2c7064 e-flex e-con-boxed elementor-invisible e-con e-parent\" data-id=\"b2c7064\" data-element_type=\"container\" data-e-type=\"container\" data-settings=\"{&quot;animation&quot;:&quot;fadeInLeft&quot;,&quot;animation_mobile_extra&quot;:&quot;none&quot;}\">\n\t\t\t\t\t<div class=\"e-con-inner\">\n\t\t<div class=\"elementor-element elementor-element-0ed979f e-con-full e-flex e-con e-child\" data-id=\"0ed979f\" data-element_type=\"container\" data-e-type=\"container\">\n\t\t\t\t<div class=\"elementor-element elementor-element-2b18f70 elementor-widget elementor-widget-image\" data-id=\"2b18f70\" data-element_type=\"widget\" data-e-type=\"widget\" data-widget_type=\"image.default\">\n\t\t\t\t\t\t\t\t\t\t\t\t\t\t\t<img decoding=\"async\" width=\"1280\" height=\"801\" src=\"https:\/\/blue-con.de\/mg-entwurf\/wp-content\/uploads\/2026\/03\/flaechrost-um-die-ecke-bs.jpg\" class=\"attachment-full size-full wp-image-5194\" alt=\"\" srcset=\"https:\/\/blue-con.de\/mg-entwurf\/wp-content\/uploads\/2026\/03\/flaechrost-um-die-ecke-bs.jpg 1280w, https:\/\/blue-con.de\/mg-entwurf\/wp-content\/uploads\/2026\/03\/flaechrost-um-die-ecke-bs-300x188.jpg 300w, https:\/\/blue-con.de\/mg-entwurf\/wp-content\/uploads\/2026\/03\/flaechrost-um-die-ecke-bs-1024x641.jpg 1024w, https:\/\/blue-con.de\/mg-entwurf\/wp-content\/uploads\/2026\/03\/flaechrost-um-die-ecke-bs-768x481.jpg 768w\" sizes=\"(max-width: 1280px) 100vw, 1280px\" \/>\t\t\t\t\t\t\t\t\t\t\t\t\t\t\t<\/div>\n\t\t\t\t<\/div>\n\t\t\t\t\t<\/div>\n\t\t\t\t<\/div>\n\t\t<div class=\"elementor-element elementor-element-cfa1f3c e-flex e-con-boxed elementor-invisible e-con e-parent\" data-id=\"cfa1f3c\" data-element_type=\"container\" data-e-type=\"container\" data-settings=\"{&quot;background_background&quot;:&quot;classic&quot;,&quot;animation&quot;:&quot;zoomIn&quot;,&quot;animation_mobile_extra&quot;:&quot;none&quot;}\">\n\t\t\t\t\t<div class=\"e-con-inner\">\n\t\t<div class=\"elementor-element elementor-element-7bea890 e-con-full e-flex e-con e-child\" data-id=\"7bea890\" data-element_type=\"container\" data-e-type=\"container\">\n\t\t\t\t<div class=\"elementor-element elementor-element-cfa20ee elementor-widget elementor-widget-image\" data-id=\"cfa20ee\" data-element_type=\"widget\" data-e-type=\"widget\" data-widget_type=\"image.default\">\n\t\t\t\t\t\t\t\t\t\t\t\t\t\t\t\t<a href=\"https:\/\/blue-con.de\/mg-entwurf\/wp-content\/uploads\/2025\/12\/flaechenbaumschutz.pdf\" target=\"_blank\">\n\t\t\t\t\t\t\t<img decoding=\"async\" width=\"300\" height=\"424\" src=\"https:\/\/blue-con.de\/mg-entwurf\/wp-content\/uploads\/2025\/12\/flaechenbaumschutz.jpg\" class=\"attachment-full size-full wp-image-4447\" alt=\"Flyer Baumschutz-Fl\u00e4chenrostsysteme 2.0 Vorschaubild, um das zugeh\u00f6rige PDF in einem neuen Fenster zu \u00f6ffnen.\" srcset=\"https:\/\/blue-con.de\/mg-entwurf\/wp-content\/uploads\/2025\/12\/flaechenbaumschutz.jpg 300w, https:\/\/blue-con.de\/mg-entwurf\/wp-content\/uploads\/2025\/12\/flaechenbaumschutz-212x300.jpg 212w\" sizes=\"(max-width: 300px) 100vw, 300px\" \/>\t\t\t\t\t\t\t\t<\/a>\n\t\t\t\t\t\t\t\t\t\t\t\t\t\t\t<\/div>\n\t\t<div class=\"elementor-element elementor-element-d40070f e-con-full e-flex e-con e-child\" data-id=\"d40070f\" data-element_type=\"container\" data-e-type=\"container\">\n\t\t\t\t<div class=\"elementor-element elementor-element-8ba69e5 elementor-icon-list--layout-inline elementor-align-end elementor-list-item-link-full_width elementor-widget elementor-widget-icon-list\" data-id=\"8ba69e5\" data-element_type=\"widget\" data-e-type=\"widget\" data-widget_type=\"icon-list.default\">\n\t\t\t\t\t\t\t<ul class=\"elementor-icon-list-items elementor-inline-items\">\n\t\t\t\t\t\t\t<li class=\"elementor-icon-list-item elementor-inline-item\">\n\t\t\t\t\t\t\t\t\t\t\t<a href=\"https:\/\/blue-con.de\/mg-entwurf\/wp-content\/uploads\/2025\/12\/flaechenbaumschutz.pdf\" target=\"_blank\">\n\n\t\t\t\t\t\t\t\t\t\t\t\t<span class=\"elementor-icon-list-icon\">\n\t\t\t\t\t\t\t<svg xmlns=\"http:\/\/www.w3.org\/2000\/svg\" xmlns:xlink=\"http:\/\/www.w3.org\/1999\/xlink\" xmlns:serif=\"http:\/\/www.serif.com\/\" width=\"100%\" height=\"100%\" viewBox=\"0 0 280 227\" xml:space=\"preserve\" style=\"fill-rule:evenodd;clip-rule:evenodd;stroke-linejoin:round;stroke-miterlimit:2;\">    <g transform=\"matrix(1,0,0,1,-384,-32.3)\">        <g transform=\"matrix(2.64475,0,0,2.64475,-3584.897,-827.040104)\">            <path d=\"M1553.61,386.39L1594.68,345.924L1566.41,345.946L1566.42,324.923L1540.79,324.923L1540.8,345.921L1512.54,345.9L1553.6,386.366\" style=\"fill:#00377b;\"><\/path>        <\/g>        <g transform=\"matrix(2.64475,0,0,2.64475,-3584.897,-826.197966)\">            <path d=\"M1553.61,399.823L1573.04,380.712L1606.54,380.724L1606.51,410.435L1500.7,410.411L1500.67,380.7L1534.17,380.688L1553.6,399.799L1553.61,399.823ZM1594.68,389.701C1591.44,389.701 1588.82,392.327 1588.82,395.561C1588.82,398.796 1591.44,401.422 1594.68,401.422C1597.91,401.422 1600.54,398.796 1600.54,395.561C1600.54,392.327 1597.91,389.701 1594.68,389.701ZM1578.75,389.701C1575.52,389.701 1572.89,392.327 1572.89,395.561C1572.89,398.796 1575.52,401.422 1578.75,401.422C1581.98,401.422 1584.61,398.796 1584.61,395.561C1584.61,392.327 1581.98,389.701 1578.75,389.701Z\" style=\"fill:#00377b;\"><\/path>        <\/g>    <\/g><\/svg>\t\t\t\t\t\t<\/span>\n\t\t\t\t\t\t\t\t\t\t<span class=\"elementor-icon-list-text\"><\/span>\n\t\t\t\t\t\t\t\t\t\t\t<\/a>\n\t\t\t\t\t\t\t\t\t<\/li>\n\t\t\t\t\t\t\t\t<li class=\"elementor-icon-list-item elementor-inline-item\">\n\t\t\t\t\t\t\t\t\t\t\t<span class=\"elementor-icon-list-icon\">\n\t\t\t\t\t\t\t<svg xmlns=\"http:\/\/www.w3.org\/2000\/svg\" xmlns:xlink=\"http:\/\/www.w3.org\/1999\/xlink\" xmlns:serif=\"http:\/\/www.serif.com\/\" width=\"100%\" height=\"100%\" viewBox=\"0 0 280 227\" xml:space=\"preserve\" style=\"fill-rule:evenodd;clip-rule:evenodd;stroke-linejoin:round;stroke-miterlimit:2;\">    <g transform=\"matrix(1.37492,0,0,1.37492,0,-9.303051)\">        <path d=\"M97.238,150.928L97.238,27.664C72.37,10.881 44.682,4.206 19.813,7.642L19.813,130.906C44.682,127.47 72.37,134.145 97.238,150.928ZM106.41,150.928L106.41,27.664C131.277,10.881 158.966,4.206 183.835,7.642L183.835,130.906C158.966,127.47 131.277,134.145 106.41,150.928Z\" style=\"fill:#00377b;\"><\/path>    <\/g>    <g transform=\"matrix(1.37492,0,0,1.37492,0,-8.475674)\">        <path d=\"M0,37.088L0,171.265C30.851,160.206 65.472,156.117 97.082,170.713L97.082,154.762C80.414,145.421 40.388,138.421 11.342,151.755L11.342,33.568C7.508,34.584 3.72,35.754 0,37.088ZM192.305,33.568L192.305,151.755C163.26,138.421 123.234,145.421 106.566,154.762L106.566,170.713C138.175,156.117 172.797,160.206 203.648,171.265L203.648,37.088C199.928,35.754 196.14,34.584 192.305,33.568Z\" style=\"fill:#00377b;\"><\/path>    <\/g><\/svg>\t\t\t\t\t\t<\/span>\n\t\t\t\t\t\t\t\t\t\t<span class=\"elementor-icon-list-text\"><\/span>\n\t\t\t\t\t\t\t\t\t<\/li>\n\t\t\t\t\t\t<\/ul>\n\t\t\t\t\t\t<\/div>\n\t\t\t\t<\/div>\n\t\t<div class=\"elementor-element elementor-element-2e37155 e-con-full e-flex e-con e-child\" data-id=\"2e37155\" data-element_type=\"container\" data-e-type=\"container\">\n\t\t\t\t<div class=\"elementor-element elementor-element-9ec697b elementor-widget elementor-widget-text-editor\" data-id=\"9ec697b\" data-element_type=\"widget\" data-e-type=\"widget\" data-widget_type=\"text-editor.default\">\n\t\t\t\t\t\t\t\t\t<p><strong>Fl\u00e4chenrost \u2013 Systeme<\/strong><br \/>Baumschutzsystem 2.0<\/p>\t\t\t\t\t\t\t\t<\/div>\n\t\t\t\t<\/div>\n\t\t\t\t<\/div>\n\t\t\t\t\t<\/div>\n\t\t\t\t<\/div>\n\t\t\t\t<\/div>\n\t\t","protected":false},"excerpt":{"rendered":"<p>Freiraum in der Planung &#8230; &#8230; f\u00fcr vitale B\u00e4ume Baumschutz-Fl\u00e4chenrostsysteme 2.0 B\u00e4ume sind weit mehr als nur Schattenspender \u2013 sie sind essenzielle Bestandteile der \u201eSchwammstadt\u201c. Allerdings ben\u00f6tigen B\u00e4ume f\u00fcr eine gesunde und langfristige Entwicklung drei wichtige Dinge: Luft, Wasser und Platz. Mit unseren innovativen Fl\u00e4chenrostsystemen bieten wir den erforderlichen Schutz und erm\u00f6glichen multifunktionale Nutzungsr\u00e4ume in [&hellip;]<\/p>\n","protected":false},"author":1,"featured_media":0,"parent":0,"menu_order":0,"comment_status":"closed","ping_status":"closed","template":"elementor_header_footer","meta":{"footnotes":""},"class_list":["post-3037","page","type-page","status-publish","hentry"],"_links":{"self":[{"href":"https:\/\/blue-con.de\/mg-entwurf\/wp-json\/wp\/v2\/pages\/3037","targetHints":{"allow":["GET"]}}],"collection":[{"href":"https:\/\/blue-con.de\/mg-entwurf\/wp-json\/wp\/v2\/pages"}],"about":[{"href":"https:\/\/blue-con.de\/mg-entwurf\/wp-json\/wp\/v2\/types\/page"}],"author":[{"embeddable":true,"href":"https:\/\/blue-con.de\/mg-entwurf\/wp-json\/wp\/v2\/users\/1"}],"replies":[{"embeddable":true,"href":"https:\/\/blue-con.de\/mg-entwurf\/wp-json\/wp\/v2\/comments?post=3037"}],"version-history":[{"count":45,"href":"https:\/\/blue-con.de\/mg-entwurf\/wp-json\/wp\/v2\/pages\/3037\/revisions"}],"predecessor-version":[{"id":5320,"href":"https:\/\/blue-con.de\/mg-entwurf\/wp-json\/wp\/v2\/pages\/3037\/revisions\/5320"}],"wp:attachment":[{"href":"https:\/\/blue-con.de\/mg-entwurf\/wp-json\/wp\/v2\/media?parent=3037"}],"curies":[{"name":"wp","href":"https:\/\/api.w.org\/{rel}","templated":true}]}}